{"id":27620,"date":"2023-08-30T13:26:59","date_gmt":"2023-08-30T11:26:59","guid":{"rendered":"https:\/\/boeoerds.ch\/?post_type=product&#038;p=27620"},"modified":"2026-04-17T04:42:36","modified_gmt":"2026-04-17T02:42:36","slug":"boeoerds-baeaeg","status":"publish","type":"product","link":"https:\/\/boeoerds.ch\/it\/product\/boeoerds-baeaeg\/","title":{"rendered":"b\u00f6\u00f6rds - b\u00e4\u00e4g"},"content":{"rendered":"","protected":false},"excerpt":{"rendered":"<p>Posso presentarmi, sono il b\u00e4\u00e4g b\u00f6\u00f6rds.<\/p>\n<p>Sono un progetto dell'iniziativa \"Made in St Gallen\". Sono stato cucito in Svizzera dall'azienda Stitchit AG di San Gallo. Anche il mio tessuto \u00e8 Swiss Made: la mia fibra di lino-cotone \u00e8 stata tessuta in un tessuto finissimo dall'azienda Jenny di Ziegelbr\u00fccke. La stampa dell'T\u00fctenh\u00fcter e dell'Tubeschruberi \u00e8 stata realizzata da Kim e dal suo team di San Gallo.<\/p>\n<p>Con questo progetto ho voluto dimostrare che \u00e8 ancora possibile produrre omaggi di alta qualit\u00e0 in Svizzera. Grazie per aver puntato anche sullo Swiss Made.<\/p>\n<p>Lavabile a 30 gradi<\/p>","protected":false},"featured_media":27602,"template":"","meta":{"_acf_changed":false},"product_brand":[],"product_cat":[142,15,29],"product_tag":[],"class_list":{"0":"post-27620","1":"product","2":"type-product","3":"status-publish","4":"has-post-thumbnail","6":"product_cat-tuetenhueter","7":"product_cat-tubeschruberi","8":"product_cat-servietten-von-boeoerds","9":"product_shipping_class-brief-4-90","11":"first","12":"instock","13":"taxable","14":"shipping-taxable","15":"purchasable","16":"product-type-simple"},"bundled_by":[],"bundle_stock_status":"instock","bundle_stock_quantity":47,"bundle_virtual":false,"bundle_layout":"","bundle_add_to_cart_form_location":"","bundle_editable_in_cart":false,"bundle_sold_individually_context":"","bundle_item_grouping":"","bundle_min_size":"","bundle_max_size":"","bundle_price":[],"bundled_items":[],"bundle_sell_ids":[],"acf":[],"yoast_head":"<!-- This site is optimized with the Yoast SEO plugin v26.8 - https:\/\/yoast.com\/product\/yoast-seo-wordpress\/ -->\n<title>b\u00f6\u00f6rds - b\u00e4\u00e4g | T\u00fctenh\u00fcter | das clevere T\u00fctenverschluss-System<\/title>\n<meta name=\"description\" content=\"T\u00dcTENH\u00dcTER | Das clevere T\u00fctenverschluss-System. Swiss Made. Wasserdicht. Luftdicht. Gefrierfest. Jetzt das Schweizer Original online bestellen.\" \/>\n<meta name=\"robots\" content=\"index, follow, max-snippet:-1, max-image-preview:large, max-video-preview:-1\" \/>\n<link rel=\"canonical\" href=\"https:\/\/boeoerds.ch\/it\/product\/boeoerds-baeaeg\/\" \/>\n<meta property=\"og:locale\" content=\"it_IT\" \/>\n<meta property=\"og:type\" content=\"article\" \/>\n<meta property=\"og:title\" content=\"b\u00f6\u00f6rds - b\u00e4\u00e4g | T\u00fctenh\u00fcter | das clevere T\u00fctenverschluss-System\" \/>\n<meta property=\"og:description\" content=\"T\u00dcTENH\u00dcTER | Das clevere T\u00fctenverschluss-System. Swiss Made. Wasserdicht. Luftdicht. Gefrierfest. Jetzt das Schweizer Original online bestellen.\" \/>\n<meta property=\"og:url\" content=\"https:\/\/boeoerds.ch\/it\/product\/boeoerds-baeaeg\/\" \/>\n<meta property=\"og:site_name\" content=\"T\u00fctenh\u00fcter | das clevere T\u00fctenverschluss-System\" \/>\n<meta property=\"article:publisher\" content=\"https:\/\/www.facebook.com\/B%c3%b6%c3%b6rds_T%c3%bctenh%c3%bcter-1790008597712368\/\" \/>\n<meta property=\"article:modified_time\" content=\"2026-04-17T02:42:36+00:00\" \/>\n<meta property=\"og:image\" content=\"https:\/\/boeoerds.ch\/wp-content\/uploads\/2023\/08\/Turnbeutel_Foto_1000.jpg\" \/>\n\t<meta property=\"og:image:width\" content=\"1000\" \/>\n\t<meta property=\"og:image:height\" content=\"1047\" \/>\n\t<meta property=\"og:image:type\" content=\"image\/jpeg\" \/>\n<meta name=\"twitter:card\" content=\"summary_large_image\" \/>\n<meta name=\"twitter:label1\" content=\"Tempo di lettura stimato\" \/>\n\t<meta name=\"twitter:data1\" content=\"1 minuto\" \/>\n<script type=\"application\/ld+json\" class=\"yoast-schema-graph\">{\"@context\":\"https:\/\/schema.org\",\"@graph\":[{\"@type\":\"WebPage\",\"@id\":\"https:\/\/boeoerds.ch\/product\/boeoerds-baeaeg\/\",\"url\":\"https:\/\/boeoerds.ch\/product\/boeoerds-baeaeg\/\",\"name\":\"b\u00f6\u00f6rds - b\u00e4\u00e4g | T\u00fctenh\u00fcter | das clevere T\u00fctenverschluss-System\",\"isPartOf\":{\"@id\":\"https:\/\/boeoerds.ch\/#website\"},\"primaryImageOfPage\":{\"@id\":\"https:\/\/boeoerds.ch\/product\/boeoerds-baeaeg\/#primaryimage\"},\"image\":{\"@id\":\"https:\/\/boeoerds.ch\/product\/boeoerds-baeaeg\/#primaryimage\"},\"thumbnailUrl\":\"https:\/\/boeoerds.ch\/wp-content\/uploads\/2023\/08\/Turnbeutel_Foto_1000.jpg\",\"datePublished\":\"2023-08-30T11:26:59+00:00\",\"dateModified\":\"2026-04-17T02:42:36+00:00\",\"description\":\"T\u00dcTENH\u00dcTER | Das clevere T\u00fctenverschluss-System. Swiss Made. Wasserdicht. Luftdicht. Gefrierfest. Jetzt das Schweizer Original online bestellen.\",\"breadcrumb\":{\"@id\":\"https:\/\/boeoerds.ch\/product\/boeoerds-baeaeg\/#breadcrumb\"},\"inLanguage\":\"it-IT\",\"potentialAction\":[{\"@type\":\"ReadAction\",\"target\":[\"https:\/\/boeoerds.ch\/product\/boeoerds-baeaeg\/\"]}]},{\"@type\":\"ImageObject\",\"inLanguage\":\"it-IT\",\"@id\":\"https:\/\/boeoerds.ch\/product\/boeoerds-baeaeg\/#primaryimage\",\"url\":\"https:\/\/boeoerds.ch\/wp-content\/uploads\/2023\/08\/Turnbeutel_Foto_1000.jpg\",\"contentUrl\":\"https:\/\/boeoerds.ch\/wp-content\/uploads\/2023\/08\/Turnbeutel_Foto_1000.jpg\",\"width\":1000,\"height\":1047},{\"@type\":\"BreadcrumbList\",\"@id\":\"https:\/\/boeoerds.ch\/product\/boeoerds-baeaeg\/#breadcrumb\",\"itemListElement\":[{\"@type\":\"ListItem\",\"position\":1,\"name\":\"Online-Shop\",\"item\":\"https:\/\/boeoerds.ch\/shop\/\"},{\"@type\":\"ListItem\",\"position\":2,\"name\":\"b\u00f6\u00f6rds &#8211; b\u00e4\u00e4g\"}]},{\"@type\":\"WebSite\",\"@id\":\"https:\/\/boeoerds.ch\/#website\",\"url\":\"https:\/\/boeoerds.ch\/\",\"name\":\"T\u00fctenh\u00fcter | das clevere T\u00fctenverschluss-System\",\"description\":\"T\u00dcTENH\u00dcTER - das clevere T\u00fctenverschluss-System. Swiss Made. Wasserdicht. Luftdicht. Gefrierfest. Jetzt das Schweizer Original online bestellen.\",\"publisher\":{\"@id\":\"https:\/\/boeoerds.ch\/#organization\"},\"potentialAction\":[{\"@type\":\"SearchAction\",\"target\":{\"@type\":\"EntryPoint\",\"urlTemplate\":\"https:\/\/boeoerds.ch\/?s={search_term_string}\"},\"query-input\":{\"@type\":\"PropertyValueSpecification\",\"valueRequired\":true,\"valueName\":\"search_term_string\"}}],\"inLanguage\":\"it-IT\"},{\"@type\":\"Organization\",\"@id\":\"https:\/\/boeoerds.ch\/#organization\",\"name\":\"b\u00f6\u00f6rds AG\",\"url\":\"https:\/\/boeoerds.ch\/\",\"logo\":{\"@type\":\"ImageObject\",\"inLanguage\":\"it-IT\",\"@id\":\"https:\/\/boeoerds.ch\/#\/schema\/logo\/image\/\",\"url\":\"https:\/\/boeoerds.ch\/wp-content\/uploads\/2022\/03\/cropped-WhatsApp-Image-2022-03-31-at-09.47.28.jpeg\",\"contentUrl\":\"https:\/\/boeoerds.ch\/wp-content\/uploads\/2022\/03\/cropped-WhatsApp-Image-2022-03-31-at-09.47.28.jpeg\",\"width\":512,\"height\":512,\"caption\":\"b\u00f6\u00f6rds AG\"},\"image\":{\"@id\":\"https:\/\/boeoerds.ch\/#\/schema\/logo\/image\/\"},\"sameAs\":[\"https:\/\/www.facebook.com\/B\u00f6\u00f6rds_T\u00fctenh\u00fcter-1790008597712368\/\",\"https:\/\/www.instagram.com\/boeoerds_tuetenhueter\/?hl=de\",\"https:\/\/www.youtube.com\/channel\/UCdZ4kOjlZLThuAsbAH__Pug\"]}]}<\/script>\n<!-- \/ Yoast SEO plugin. -->","yoast_head_json":{"title":"b\u00f6\u00f6rds - b\u00e4\u00e4g | T\u00fctenh\u00fcter | das clevere T\u00fctenverschluss-System","description":"T\u00dcTENH\u00dcTER | L'ingegnoso sistema di chiusura della borsa. Prodotto in Svizzera. Impermeabile. Impermeabile all'aria. A prova di gelo. Ordinate subito online l'originale svizzero.","robots":{"index":"index","follow":"follow","max-snippet":"max-snippet:-1","max-image-preview":"max-image-preview:large","max-video-preview":"max-video-preview:-1"},"canonical":"https:\/\/boeoerds.ch\/it\/product\/boeoerds-baeaeg\/","og_locale":"it_IT","og_type":"article","og_title":"b\u00f6\u00f6rds - b\u00e4\u00e4g | T\u00fctenh\u00fcter | das clevere T\u00fctenverschluss-System","og_description":"T\u00dcTENH\u00dcTER | Das clevere T\u00fctenverschluss-System. Swiss Made. Wasserdicht. Luftdicht. Gefrierfest. Jetzt das Schweizer Original online bestellen.","og_url":"https:\/\/boeoerds.ch\/it\/product\/boeoerds-baeaeg\/","og_site_name":"T\u00fctenh\u00fcter | das clevere T\u00fctenverschluss-System","article_publisher":"https:\/\/www.facebook.com\/B%c3%b6%c3%b6rds_T%c3%bctenh%c3%bcter-1790008597712368\/","article_modified_time":"2026-04-17T02:42:36+00:00","og_image":[{"width":1000,"height":1047,"url":"https:\/\/boeoerds.ch\/wp-content\/uploads\/2023\/08\/Turnbeutel_Foto_1000.jpg","type":"image\/jpeg"}],"twitter_card":"summary_large_image","twitter_misc":{"Tempo di lettura stimato":"1 minuto"},"schema":{"@context":"https:\/\/schema.org","@graph":[{"@type":"WebPage","@id":"https:\/\/boeoerds.ch\/product\/boeoerds-baeaeg\/","url":"https:\/\/boeoerds.ch\/product\/boeoerds-baeaeg\/","name":"b\u00f6\u00f6rds - b\u00e4\u00e4g | T\u00fctenh\u00fcter | das clevere T\u00fctenverschluss-System","isPartOf":{"@id":"https:\/\/boeoerds.ch\/#website"},"primaryImageOfPage":{"@id":"https:\/\/boeoerds.ch\/product\/boeoerds-baeaeg\/#primaryimage"},"image":{"@id":"https:\/\/boeoerds.ch\/product\/boeoerds-baeaeg\/#primaryimage"},"thumbnailUrl":"https:\/\/boeoerds.ch\/wp-content\/uploads\/2023\/08\/Turnbeutel_Foto_1000.jpg","datePublished":"2023-08-30T11:26:59+00:00","dateModified":"2026-04-17T02:42:36+00:00","description":"T\u00dcTENH\u00dcTER | L'ingegnoso sistema di chiusura della borsa. Prodotto in Svizzera. Impermeabile. Impermeabile all'aria. A prova di gelo. Ordinate subito online l'originale svizzero.","breadcrumb":{"@id":"https:\/\/boeoerds.ch\/product\/boeoerds-baeaeg\/#breadcrumb"},"inLanguage":"it-IT","potentialAction":[{"@type":"ReadAction","target":["https:\/\/boeoerds.ch\/product\/boeoerds-baeaeg\/"]}]},{"@type":"ImageObject","inLanguage":"it-IT","@id":"https:\/\/boeoerds.ch\/product\/boeoerds-baeaeg\/#primaryimage","url":"https:\/\/boeoerds.ch\/wp-content\/uploads\/2023\/08\/Turnbeutel_Foto_1000.jpg","contentUrl":"https:\/\/boeoerds.ch\/wp-content\/uploads\/2023\/08\/Turnbeutel_Foto_1000.jpg","width":1000,"height":1047},{"@type":"BreadcrumbList","@id":"https:\/\/boeoerds.ch\/product\/boeoerds-baeaeg\/#breadcrumb","itemListElement":[{"@type":"ListItem","position":1,"name":"Online-Shop","item":"https:\/\/boeoerds.ch\/shop\/"},{"@type":"ListItem","position":2,"name":"b\u00f6\u00f6rds &#8211; b\u00e4\u00e4g"}]},{"@type":"WebSite","@id":"https:\/\/boeoerds.ch\/#website","url":"https:\/\/boeoerds.ch\/","name":"T\u00fctenh\u00fcter | l'intelligente sistema di chiusura della borsa","description":"T\u00dcTENH\u00dcTER - l'ingegnoso sistema di chiusura della borsa. Prodotto in Svizzera. A tenuta stagna. A tenuta d'aria. A prova di gelo. Ordinate subito online l'originale svizzero.","publisher":{"@id":"https:\/\/boeoerds.ch\/#organization"},"potentialAction":[{"@type":"SearchAction","target":{"@type":"EntryPoint","urlTemplate":"https:\/\/boeoerds.ch\/?s={search_term_string}"},"query-input":{"@type":"PropertyValueSpecification","valueRequired":true,"valueName":"search_term_string"}}],"inLanguage":"it-IT"},{"@type":"Organization","@id":"https:\/\/boeoerds.ch\/#organization","name":"b\u00f6\u00f6rds AG","url":"https:\/\/boeoerds.ch\/","logo":{"@type":"ImageObject","inLanguage":"it-IT","@id":"https:\/\/boeoerds.ch\/#\/schema\/logo\/image\/","url":"https:\/\/boeoerds.ch\/wp-content\/uploads\/2022\/03\/cropped-WhatsApp-Image-2022-03-31-at-09.47.28.jpeg","contentUrl":"https:\/\/boeoerds.ch\/wp-content\/uploads\/2022\/03\/cropped-WhatsApp-Image-2022-03-31-at-09.47.28.jpeg","width":512,"height":512,"caption":"b\u00f6\u00f6rds AG"},"image":{"@id":"https:\/\/boeoerds.ch\/#\/schema\/logo\/image\/"},"sameAs":["https:\/\/www.facebook.com\/B\u00f6\u00f6rds_T\u00fctenh\u00fcter-1790008597712368\/","https:\/\/www.instagram.com\/boeoerds_tuetenhueter\/?hl=de","https:\/\/www.youtube.com\/channel\/UCdZ4kOjlZLThuAsbAH__Pug"]}]}},"_links":{"self":[{"href":"https:\/\/boeoerds.ch\/it\/wp-json\/wp\/v2\/product\/27620","targetHints":{"allow":["GET"]}}],"collection":[{"href":"https:\/\/boeoerds.ch\/it\/wp-json\/wp\/v2\/product"}],"about":[{"href":"https:\/\/boeoerds.ch\/it\/wp-json\/wp\/v2\/types\/product"}],"wp:featuredmedia":[{"embeddable":true,"href":"https:\/\/boeoerds.ch\/it\/wp-json\/wp\/v2\/media\/27602"}],"wp:attachment":[{"href":"https:\/\/boeoerds.ch\/it\/wp-json\/wp\/v2\/media?parent=27620"}],"wp:term":[{"taxonomy":"product_brand","embeddable":true,"href":"https:\/\/boeoerds.ch\/it\/wp-json\/wp\/v2\/product_brand?post=27620"},{"taxonomy":"product_cat","embeddable":true,"href":"https:\/\/boeoerds.ch\/it\/wp-json\/wp\/v2\/product_cat?post=27620"},{"taxonomy":"product_tag","embeddable":true,"href":"https:\/\/boeoerds.ch\/it\/wp-json\/wp\/v2\/product_tag?post=27620"}],"curies":[{"name":"wp","href":"https:\/\/api.w.org\/{rel}","templated":true}]}}