{"id":19046,"date":"2022-07-24T19:59:11","date_gmt":"2022-07-24T17:59:11","guid":{"rendered":"https:\/\/boeoerds.ch\/?post_type=product&#038;p=19046"},"modified":"2026-04-13T21:59:27","modified_gmt":"2026-04-13T19:59:27","slug":"tuetenhueter-6er-set-weiss","status":"publish","type":"product","link":"https:\/\/boeoerds.ch\/it\/product\/tuetenhueter-6er-set-weiss\/","title":{"rendered":"T\u00dcTENH\u00dcTER - BIANCO"},"content":{"rendered":"<div class=\"row align-center\"  id=\"row-207921058\">\n\n\n\t<div id=\"col-1585990632\" class=\"col medium-3 small-5 large-3\"  >\n\t\t\t\t<div class=\"col-inner\"  >\n\t\t\t\n\t\t\t\n\n\t<div class=\"img has-hover x md-x lg-x y md-y lg-y\" id=\"image_1171807399\">\n\t\t\t\t\t\t\t\t<div class=\"img-inner dark\" >\n\t\t\t<img loading=\"lazy\" decoding=\"async\" width=\"300\" height=\"300\" src=\"https:\/\/boeoerds.ch\/wp-content\/uploads\/2022\/03\/Tuetenhueter_rund-300x300.jpg\" class=\"attachment-medium size-medium\" alt=\"\" srcset=\"https:\/\/boeoerds.ch\/wp-content\/uploads\/2022\/03\/Tuetenhueter_rund-300x300.jpg 300w, https:\/\/boeoerds.ch\/wp-content\/uploads\/2022\/03\/Tuetenhueter_rund-100x100.jpg 100w, https:\/\/boeoerds.ch\/wp-content\/uploads\/2022\/03\/Tuetenhueter_rund-150x150.jpg 150w, https:\/\/boeoerds.ch\/wp-content\/uploads\/2022\/03\/Tuetenhueter_rund.jpg 469w\" sizes=\"auto, (max-width: 300px) 100vw, 300px\" \/>\t\t\t\t\t\t\n\t\t\t\t\t<\/div>\n\t\t\t\t\t\t\t\t\n<style>\n#image_1171807399 {\n  width: 100%;\n}\n<\/style>\n\t<\/div>\n\t\n\n\n\t\t<\/div>\n\t\t\t\t\t<\/div>\n\n\t\n\n\t<div id=\"col-961191923\" class=\"col medium-9 small-12 large-9\"  >\n\t\t\t\t<div class=\"col-inner\"  >\n\t\t\t\n\t\t\t\n\n<div id=\"cc-m-17575003925\" class=\"j-module n j-header\">\n<h5 id=\"cc-m-header-17575003925\">aprirmi<\/h5>\n<\/div>\n<div id=\"cc-m-17575004025\" class=\"j-module n j-text\">\n<p>Permettetemi di presentarmi,<\/p>\n<p>Vivo felice e contento in un elegante appartamento di una citt\u00e0 vecchia in Svizzera. Ogni mattina faccio roteare i miei baffi alla moda con grande cura e amore davanti al mio specchio antico dorato nel corridoio. Gli occhiali tondi, l'apparecchio per i denti e il papillon al collo sono diventati il mio marchio di fabbrica. Quando passeggio tranquillamente per i vicoli della citt\u00e0, di tanto in tanto vengo riconosciuto.<\/p>\n<p>La cura delle borse \u00e8 la mia grande passione. Mi piace tenere pulite e in ordine le case delle persone. Sono particolarmente brava a evitare che il cibo si rovini e a mantenere tutto fresco, pulito e croccante.<\/p>\n<\/div>\n<p>Sono prodotto a Berneck, nella Valle del Reno sangallese. Il mio film di imballaggio \u00e8 prodotto in modo neutrale per il clima 100%. Vengo confezionato presso la Fondazione Arwole di Sargans. Le persone con disabilit\u00e0 trovano l\u00ec il loro posto. L\u00ec vengo confezionato con grande cura.<\/p>\n\n\t\t<\/div>\n\t\t\t\t\n<style>\n#col-961191923 > .col-inner {\n  margin: 0px 0px -20px 0px;\n}\n<\/style>\n\t<\/div>\n\n\t\n\n<\/div>\n<div class=\"row\"  id=\"row-1923296697\">\n\n\n\t<div id=\"col-119989785\" class=\"col medium-3 small-12 large-3\"  >\n\t\t\t\t<div class=\"col-inner\"  >\n\t\t\t\n\t\t\t\n\n<div id=\"cc-m-17578411925\" class=\"j-module n j-hgrid\">\n<div class=\"cc-m-hgrid-column\">\n<div id=\"cc-matrix-5476236525\">\n<div id=\"cc-m-17574821625\" class=\"j-module n j-header\">\n<h2 id=\"cc-m-header-17574821625\"><span style=\"font-size: 110%;\">Prodotto svizzero<\/span><\/h2>\n<\/div>\n<\/div>\n<\/div>\n<\/div>\n<div id=\"cc-m-17574821825\" class=\"j-module n j-hgrid\">\n<div class=\"cc-m-hgrid-column\">\n<div id=\"cc-matrix-5475043525\">\n<div id=\"cc-m-17574822025\" class=\"j-module n j-text\">\n<p><b>DESIGN<br \/>\n<\/b>b\u00f6\u00f6rds AG - Svizzera - fatto con amore<\/p>\n<p><b>PRODUZIONE<br \/>\n<\/b>Famiglia PMI - Svizzera orientale - Perfezione<\/p>\n<p><strong>IMBALLAGGIO<br \/>\n<\/strong>clima neutro - Fondazione - Integrazione<\/p>\n<\/div>\n<\/div>\n<\/div>\n<\/div>\n\t<div class=\"img has-hover x md-x lg-x y md-y lg-y\" id=\"image_1291975442\">\n\t\t\t\t\t\t\t\t<div class=\"img-inner dark\" >\n\t\t\t<img loading=\"lazy\" decoding=\"async\" width=\"500\" height=\"862\" src=\"https:\/\/boeoerds.ch\/wp-content\/uploads\/2024\/09\/SWISS-MADE-NEU_SENKRECHT.jpg_500_web.jpg\" class=\"attachment-large size-large\" alt=\"\" srcset=\"https:\/\/boeoerds.ch\/wp-content\/uploads\/2024\/09\/SWISS-MADE-NEU_SENKRECHT.jpg_500_web.jpg 500w, https:\/\/boeoerds.ch\/wp-content\/uploads\/2024\/09\/SWISS-MADE-NEU_SENKRECHT.jpg_500_web-174x300.jpg 174w\" sizes=\"auto, (max-width: 500px) 100vw, 500px\" \/>\t\t\t\t\t\t\n\t\t\t\t\t<\/div>\n\t\t\t\t\t\t\t\t\n<style>\n#image_1291975442 {\n  width: 20%;\n}\n@media (min-width:550px) {\n  #image_1291975442 {\n    width: 20%;\n  }\n}\n<\/style>\n\t<\/div>\n\t\n\n\n\t\t<\/div>\n\t\t\t\t\n<style>\n#col-119989785 > .col-inner {\n  margin: 0px 0px -20px 0px;\n}\n<\/style>\n\t<\/div>\n\n\t\n\n\t<div id=\"col-652748949\" class=\"col medium-3 small-12 large-3\"  >\n\t\t\t\t<div class=\"col-inner\"  >\n\t\t\t\n\t\t\t\n\n<h2>Design<\/h2>\n<p style=\"text-align: justify;\">Ho il mio aspetto\u00a0\u00a0<a title=\"Chi siamo\" href=\"\/ueber-uns\/\">Sandra e Chrigi<\/a>\u00a0grazie a loro. In quanto fondatori e proprietari di b\u00f6\u00f6rds AG - la giovane start-up - hanno creato e disegnato sia me che il mio packaging con molta dedizione, creativit\u00e0 e amore. Mi hanno sostenuto con il mio personaggio T\u00dcTENH\u00dcTER. Questo \u00e8 amorevolmente realizzato a mano da\u00a0<a title=\"http:\/\/matto.ch\/\" href=\"http:\/\/matto.ch\/\" target=\"_blank\" rel=\"noopener noreferrer\">Matto<\/a>un artista di talento. Vorremmo cogliere l'occasione per ringraziarti, caro Matto, per il tuo incredibile talento nel tradurre in un personaggio tutti i nostri desideri.<\/p>\n\n\t\t<\/div>\n\t\t\t\t\n<style>\n#col-652748949 > .col-inner {\n  margin: 0px 0px -20px 0px;\n}\n<\/style>\n\t<\/div>\n\n\t\n\n\t<div id=\"col-318298207\" class=\"col medium-3 small-12 large-3\"  >\n\t\t\t\t<div class=\"col-inner\"  >\n\t\t\t\n\t\t\t\n\n<h2 style=\"text-align: left;\">Produzione<\/h2>\n<p style=\"text-align: justify;\">Sono incredibilmente orgoglioso di essere prodotto nella Svizzera orientale da una grande e rinomata PMI di seconda generazione. Con molti anni di esperienza nella produzione di parti in plastica, sono i produttori perfetti per me. \u00c8 fantastico che mi sia stato dato il mio stampo personale e che il mio nome sia scritto cos\u00ec bene sulla mia superficie un po' ruvida.<\/p>\n\n\t\t<\/div>\n\t\t\t\t\n<style>\n#col-318298207 > .col-inner {\n  margin: 0px 0px -20px 0px;\n}\n<\/style>\n\t<\/div>\n\n\t\n\n\t<div id=\"col-1176343862\" class=\"col medium-3 small-12 large-3\"  >\n\t\t\t\t<div class=\"col-inner\"  >\n\t\t\t\n\t\t\t\n\n<h2>Imballaggio<\/h2>\n<div class=\"cc-m-hgrid-column last\">\n<div id=\"cc-matrix-5475103625\">\n<div id=\"cc-m-17575004825\" class=\"j-module n j-text\">\n<p style=\"text-align: justify;\">Va da s\u00e9 che vengo confezionato anche in Svizzera. Passo attraverso le meravigliose mani dei dipendenti della fondazione\u00a0<a title=\"https:\/\/www.arwole.ch\/\" href=\"https:\/\/www.arwole.ch\/\" target=\"_blank\" rel=\"noopener noreferrer\">Arwole<\/a> a Sargans. La pellicola viene stampata in Svizzera in modo climaticamente neutrale 100%. Sapevate che le mie parti interne ed esterne sono inserite l'una nell'altra a mano e che anche l'imballaggio richiede molto lavoro manuale?<\/p>\n<\/div>\n<\/div>\n<\/div>\n\n\t\t<\/div>\n\t\t\t\t\t<\/div>\n\n\t\n\n<\/div>","protected":false},"excerpt":{"rendered":"<p><strong>Sono il sistema di chiusura delle borse pi\u00f9 intelligente.<br \/>\n<\/strong>Chiudo a tenuta d'aria e d'acqua<br \/>\nSono adatti al congelatore e alla lavastoviglie<br \/>\nSono funzionale per i sacchetti di alluminio, carta e plastica<br \/>Sono prodotto in Svizzera<\/p>\n<p>Il set comprende:<br \/>\n2 x S - 14 cm - bianco \/ antracite<br \/>\n2 x M - 18 cm - bianco \/ antracite<br \/>\n2 x L - 22 cm - bianco \/ antracite<\/p>","protected":false},"featured_media":48100,"template":"","meta":{"_acf_changed":false},"product_brand":[],"product_cat":[25],"product_tag":[],"class_list":{"0":"post-19046","1":"product","2":"type-product","3":"status-publish","4":"has-post-thumbnail","6":"product_cat-sets","7":"product_shipping_class-brief-4-90","9":"first","10":"instock","11":"taxable","12":"shipping-taxable","13":"purchasable","14":"product-type-simple"},"bundled_by":["19445","19444"],"bundle_stock_status":"instock","bundle_stock_quantity":461,"bundle_virtual":false,"bundle_layout":"","bundle_add_to_cart_form_location":"","bundle_editable_in_cart":false,"bundle_sold_individually_context":"","bundle_item_grouping":"","bundle_min_size":"","bundle_max_size":"","bundle_price":[],"bundled_items":[],"bundle_sell_ids":[],"acf":[],"yoast_head":"<!-- This site is optimized with the Yoast SEO plugin v26.8 - https:\/\/yoast.com\/product\/yoast-seo-wordpress\/ -->\n<title>T\u00dcTENH\u00dcTER - WEISS | T\u00fctenh\u00fcter | das clevere T\u00fctenverschluss-System<\/title>\n<meta name=\"description\" content=\"T\u00dcTENH\u00dcTER | Das clevere T\u00fctenverschluss-System. Swiss Made. Wasserdicht. Luftdicht. Gefrierfest. Jetzt das Schweizer Original online bestellen.\" \/>\n<meta name=\"robots\" content=\"index, follow, max-snippet:-1, max-image-preview:large, max-video-preview:-1\" \/>\n<link rel=\"canonical\" href=\"https:\/\/boeoerds.ch\/it\/product\/tuetenhueter-6er-set-weiss\/\" \/>\n<meta property=\"og:locale\" content=\"it_IT\" \/>\n<meta property=\"og:type\" content=\"article\" \/>\n<meta property=\"og:title\" content=\"T\u00dcTENH\u00dcTER - WEISS | T\u00fctenh\u00fcter | das clevere T\u00fctenverschluss-System\" \/>\n<meta property=\"og:description\" content=\"T\u00dcTENH\u00dcTER | Das clevere T\u00fctenverschluss-System. Swiss Made. Wasserdicht. Luftdicht. Gefrierfest. Jetzt das Schweizer Original online bestellen.\" \/>\n<meta property=\"og:url\" content=\"https:\/\/boeoerds.ch\/it\/product\/tuetenhueter-6er-set-weiss\/\" \/>\n<meta property=\"og:site_name\" content=\"T\u00fctenh\u00fcter | das clevere T\u00fctenverschluss-System\" \/>\n<meta property=\"article:publisher\" content=\"https:\/\/www.facebook.com\/B%c3%b6%c3%b6rds_T%c3%bctenh%c3%bcter-1790008597712368\/\" \/>\n<meta property=\"article:modified_time\" content=\"2026-04-13T19:59:27+00:00\" \/>\n<meta property=\"og:image\" content=\"https:\/\/boeoerds.ch\/wp-content\/uploads\/2020\/10\/Produktbilder_-9-Weiss-6er-Set.jpeg\" \/>\n\t<meta property=\"og:image:width\" content=\"1080\" \/>\n\t<meta property=\"og:image:height\" content=\"1080\" \/>\n\t<meta property=\"og:image:type\" content=\"image\/jpeg\" \/>\n<meta name=\"twitter:card\" content=\"summary_large_image\" \/>\n<meta name=\"twitter:label1\" content=\"Tempo di lettura stimato\" \/>\n\t<meta name=\"twitter:data1\" content=\"1 minuto\" \/>\n<script type=\"application\/ld+json\" class=\"yoast-schema-graph\">{\"@context\":\"https:\/\/schema.org\",\"@graph\":[{\"@type\":\"WebPage\",\"@id\":\"https:\/\/boeoerds.ch\/product\/tuetenhueter-6er-set-weiss\/\",\"url\":\"https:\/\/boeoerds.ch\/product\/tuetenhueter-6er-set-weiss\/\",\"name\":\"T\u00dcTENH\u00dcTER - WEISS | T\u00fctenh\u00fcter | das clevere T\u00fctenverschluss-System\",\"isPartOf\":{\"@id\":\"https:\/\/boeoerds.ch\/#website\"},\"primaryImageOfPage\":{\"@id\":\"https:\/\/boeoerds.ch\/product\/tuetenhueter-6er-set-weiss\/#primaryimage\"},\"image\":{\"@id\":\"https:\/\/boeoerds.ch\/product\/tuetenhueter-6er-set-weiss\/#primaryimage\"},\"thumbnailUrl\":\"https:\/\/boeoerds.ch\/wp-content\/uploads\/2020\/10\/Produktbilder_-9-Weiss-6er-Set.jpeg\",\"datePublished\":\"2022-07-24T17:59:11+00:00\",\"dateModified\":\"2026-04-13T19:59:27+00:00\",\"description\":\"T\u00dcTENH\u00dcTER | Das clevere T\u00fctenverschluss-System. Swiss Made. Wasserdicht. Luftdicht. Gefrierfest. Jetzt das Schweizer Original online bestellen.\",\"breadcrumb\":{\"@id\":\"https:\/\/boeoerds.ch\/product\/tuetenhueter-6er-set-weiss\/#breadcrumb\"},\"inLanguage\":\"it-IT\",\"potentialAction\":[{\"@type\":\"ReadAction\",\"target\":[\"https:\/\/boeoerds.ch\/product\/tuetenhueter-6er-set-weiss\/\"]}]},{\"@type\":\"ImageObject\",\"inLanguage\":\"it-IT\",\"@id\":\"https:\/\/boeoerds.ch\/product\/tuetenhueter-6er-set-weiss\/#primaryimage\",\"url\":\"https:\/\/boeoerds.ch\/wp-content\/uploads\/2020\/10\/Produktbilder_-9-Weiss-6er-Set.jpeg\",\"contentUrl\":\"https:\/\/boeoerds.ch\/wp-content\/uploads\/2020\/10\/Produktbilder_-9-Weiss-6er-Set.jpeg\",\"width\":1080,\"height\":1080},{\"@type\":\"BreadcrumbList\",\"@id\":\"https:\/\/boeoerds.ch\/product\/tuetenhueter-6er-set-weiss\/#breadcrumb\",\"itemListElement\":[{\"@type\":\"ListItem\",\"position\":1,\"name\":\"Online-Shop\",\"item\":\"https:\/\/boeoerds.ch\/shop\/\"},{\"@type\":\"ListItem\",\"position\":2,\"name\":\"T\u00dcTENH\u00dcTER &#8211; WEISS\"}]},{\"@type\":\"WebSite\",\"@id\":\"https:\/\/boeoerds.ch\/#website\",\"url\":\"https:\/\/boeoerds.ch\/\",\"name\":\"T\u00fctenh\u00fcter | das clevere T\u00fctenverschluss-System\",\"description\":\"T\u00dcTENH\u00dcTER - das clevere T\u00fctenverschluss-System. Swiss Made. Wasserdicht. Luftdicht. Gefrierfest. Jetzt das Schweizer Original online bestellen.\",\"publisher\":{\"@id\":\"https:\/\/boeoerds.ch\/#organization\"},\"potentialAction\":[{\"@type\":\"SearchAction\",\"target\":{\"@type\":\"EntryPoint\",\"urlTemplate\":\"https:\/\/boeoerds.ch\/?s={search_term_string}\"},\"query-input\":{\"@type\":\"PropertyValueSpecification\",\"valueRequired\":true,\"valueName\":\"search_term_string\"}}],\"inLanguage\":\"it-IT\"},{\"@type\":\"Organization\",\"@id\":\"https:\/\/boeoerds.ch\/#organization\",\"name\":\"b\u00f6\u00f6rds AG\",\"url\":\"https:\/\/boeoerds.ch\/\",\"logo\":{\"@type\":\"ImageObject\",\"inLanguage\":\"it-IT\",\"@id\":\"https:\/\/boeoerds.ch\/#\/schema\/logo\/image\/\",\"url\":\"https:\/\/boeoerds.ch\/wp-content\/uploads\/2022\/03\/cropped-WhatsApp-Image-2022-03-31-at-09.47.28.jpeg\",\"contentUrl\":\"https:\/\/boeoerds.ch\/wp-content\/uploads\/2022\/03\/cropped-WhatsApp-Image-2022-03-31-at-09.47.28.jpeg\",\"width\":512,\"height\":512,\"caption\":\"b\u00f6\u00f6rds AG\"},\"image\":{\"@id\":\"https:\/\/boeoerds.ch\/#\/schema\/logo\/image\/\"},\"sameAs\":[\"https:\/\/www.facebook.com\/B\u00f6\u00f6rds_T\u00fctenh\u00fcter-1790008597712368\/\",\"https:\/\/www.instagram.com\/boeoerds_tuetenhueter\/?hl=de\",\"https:\/\/www.youtube.com\/channel\/UCdZ4kOjlZLThuAsbAH__Pug\"]}]}<\/script>\n<!-- \/ Yoast SEO plugin. -->","yoast_head_json":{"title":"T\u00dcTENH\u00dcTER - WEISS | T\u00fctenh\u00fcter | das clevere T\u00fctenverschluss-System","description":"T\u00dcTENH\u00dcTER | L'ingegnoso sistema di chiusura della borsa. Prodotto in Svizzera. Impermeabile. Impermeabile all'aria. A prova di gelo. Ordinate subito online l'originale svizzero.","robots":{"index":"index","follow":"follow","max-snippet":"max-snippet:-1","max-image-preview":"max-image-preview:large","max-video-preview":"max-video-preview:-1"},"canonical":"https:\/\/boeoerds.ch\/it\/product\/tuetenhueter-6er-set-weiss\/","og_locale":"it_IT","og_type":"article","og_title":"T\u00dcTENH\u00dcTER - WEISS | T\u00fctenh\u00fcter | das clevere T\u00fctenverschluss-System","og_description":"T\u00dcTENH\u00dcTER | Das clevere T\u00fctenverschluss-System. Swiss Made. Wasserdicht. Luftdicht. Gefrierfest. Jetzt das Schweizer Original online bestellen.","og_url":"https:\/\/boeoerds.ch\/it\/product\/tuetenhueter-6er-set-weiss\/","og_site_name":"T\u00fctenh\u00fcter | das clevere T\u00fctenverschluss-System","article_publisher":"https:\/\/www.facebook.com\/B%c3%b6%c3%b6rds_T%c3%bctenh%c3%bcter-1790008597712368\/","article_modified_time":"2026-04-13T19:59:27+00:00","og_image":[{"width":1080,"height":1080,"url":"https:\/\/boeoerds.ch\/wp-content\/uploads\/2020\/10\/Produktbilder_-9-Weiss-6er-Set.jpeg","type":"image\/jpeg"}],"twitter_card":"summary_large_image","twitter_misc":{"Tempo di lettura stimato":"1 minuto"},"schema":{"@context":"https:\/\/schema.org","@graph":[{"@type":"WebPage","@id":"https:\/\/boeoerds.ch\/product\/tuetenhueter-6er-set-weiss\/","url":"https:\/\/boeoerds.ch\/product\/tuetenhueter-6er-set-weiss\/","name":"T\u00dcTENH\u00dcTER - WEISS | T\u00fctenh\u00fcter | das clevere T\u00fctenverschluss-System","isPartOf":{"@id":"https:\/\/boeoerds.ch\/#website"},"primaryImageOfPage":{"@id":"https:\/\/boeoerds.ch\/product\/tuetenhueter-6er-set-weiss\/#primaryimage"},"image":{"@id":"https:\/\/boeoerds.ch\/product\/tuetenhueter-6er-set-weiss\/#primaryimage"},"thumbnailUrl":"https:\/\/boeoerds.ch\/wp-content\/uploads\/2020\/10\/Produktbilder_-9-Weiss-6er-Set.jpeg","datePublished":"2022-07-24T17:59:11+00:00","dateModified":"2026-04-13T19:59:27+00:00","description":"T\u00dcTENH\u00dcTER | L'ingegnoso sistema di chiusura della borsa. Prodotto in Svizzera. Impermeabile. Impermeabile all'aria. A prova di gelo. Ordinate subito online l'originale svizzero.","breadcrumb":{"@id":"https:\/\/boeoerds.ch\/product\/tuetenhueter-6er-set-weiss\/#breadcrumb"},"inLanguage":"it-IT","potentialAction":[{"@type":"ReadAction","target":["https:\/\/boeoerds.ch\/product\/tuetenhueter-6er-set-weiss\/"]}]},{"@type":"ImageObject","inLanguage":"it-IT","@id":"https:\/\/boeoerds.ch\/product\/tuetenhueter-6er-set-weiss\/#primaryimage","url":"https:\/\/boeoerds.ch\/wp-content\/uploads\/2020\/10\/Produktbilder_-9-Weiss-6er-Set.jpeg","contentUrl":"https:\/\/boeoerds.ch\/wp-content\/uploads\/2020\/10\/Produktbilder_-9-Weiss-6er-Set.jpeg","width":1080,"height":1080},{"@type":"BreadcrumbList","@id":"https:\/\/boeoerds.ch\/product\/tuetenhueter-6er-set-weiss\/#breadcrumb","itemListElement":[{"@type":"ListItem","position":1,"name":"Online-Shop","item":"https:\/\/boeoerds.ch\/shop\/"},{"@type":"ListItem","position":2,"name":"T\u00dcTENH\u00dcTER &#8211; WEISS"}]},{"@type":"WebSite","@id":"https:\/\/boeoerds.ch\/#website","url":"https:\/\/boeoerds.ch\/","name":"T\u00fctenh\u00fcter | l'intelligente sistema di chiusura della borsa","description":"T\u00dcTENH\u00dcTER - l'ingegnoso sistema di chiusura della borsa. Prodotto in Svizzera. A tenuta stagna. A tenuta d'aria. A prova di gelo. Ordinate subito online l'originale svizzero.","publisher":{"@id":"https:\/\/boeoerds.ch\/#organization"},"potentialAction":[{"@type":"SearchAction","target":{"@type":"EntryPoint","urlTemplate":"https:\/\/boeoerds.ch\/?s={search_term_string}"},"query-input":{"@type":"PropertyValueSpecification","valueRequired":true,"valueName":"search_term_string"}}],"inLanguage":"it-IT"},{"@type":"Organization","@id":"https:\/\/boeoerds.ch\/#organization","name":"b\u00f6\u00f6rds AG","url":"https:\/\/boeoerds.ch\/","logo":{"@type":"ImageObject","inLanguage":"it-IT","@id":"https:\/\/boeoerds.ch\/#\/schema\/logo\/image\/","url":"https:\/\/boeoerds.ch\/wp-content\/uploads\/2022\/03\/cropped-WhatsApp-Image-2022-03-31-at-09.47.28.jpeg","contentUrl":"https:\/\/boeoerds.ch\/wp-content\/uploads\/2022\/03\/cropped-WhatsApp-Image-2022-03-31-at-09.47.28.jpeg","width":512,"height":512,"caption":"b\u00f6\u00f6rds AG"},"image":{"@id":"https:\/\/boeoerds.ch\/#\/schema\/logo\/image\/"},"sameAs":["https:\/\/www.facebook.com\/B\u00f6\u00f6rds_T\u00fctenh\u00fcter-1790008597712368\/","https:\/\/www.instagram.com\/boeoerds_tuetenhueter\/?hl=de","https:\/\/www.youtube.com\/channel\/UCdZ4kOjlZLThuAsbAH__Pug"]}]}},"_links":{"self":[{"href":"https:\/\/boeoerds.ch\/it\/wp-json\/wp\/v2\/product\/19046","targetHints":{"allow":["GET"]}}],"collection":[{"href":"https:\/\/boeoerds.ch\/it\/wp-json\/wp\/v2\/product"}],"about":[{"href":"https:\/\/boeoerds.ch\/it\/wp-json\/wp\/v2\/types\/product"}],"wp:featuredmedia":[{"embeddable":true,"href":"https:\/\/boeoerds.ch\/it\/wp-json\/wp\/v2\/media\/48100"}],"wp:attachment":[{"href":"https:\/\/boeoerds.ch\/it\/wp-json\/wp\/v2\/media?parent=19046"}],"wp:term":[{"taxonomy":"product_brand","embeddable":true,"href":"https:\/\/boeoerds.ch\/it\/wp-json\/wp\/v2\/product_brand?post=19046"},{"taxonomy":"product_cat","embeddable":true,"href":"https:\/\/boeoerds.ch\/it\/wp-json\/wp\/v2\/product_cat?post=19046"},{"taxonomy":"product_tag","embeddable":true,"href":"https:\/\/boeoerds.ch\/it\/wp-json\/wp\/v2\/product_tag?post=19046"}],"curies":[{"name":"wp","href":"https:\/\/api.w.org\/{rel}","templated":true}]}}