{"id":1652,"date":"2020-11-22T23:00:33","date_gmt":"2020-11-22T22:00:33","guid":{"rendered":"https:\/\/boeoerds.ch\/?post_type=product&#038;p=1652"},"modified":"2026-04-25T03:46:48","modified_gmt":"2026-04-25T01:46:48","slug":"wege-zum-erfolg-vordenker-vormacher-vorbilder-vol-2","status":"publish","type":"product","link":"https:\/\/boeoerds.ch\/it\/product\/wege-zum-erfolg-vordenker-vormacher-vorbilder-vol-2\/","title":{"rendered":"\"WEGE ZUM ERFLOG\": menti, pionieri e modelli Vol. 2"},"content":{"rendered":"<div id=\"event-description\"><strong>Sostenuto da womenbiz<\/strong>\u00a0mostra 10 imprenditrici che raccontano la loro storia<br \/>\ne ispirer\u00e0 altre donne come modelli di comportamento!<br \/>\nSono donne che hanno avuto un'idea, una visione e il coraggio di realizzare il loro sogno.<br \/>\n10 donne condividono con noi le loro storie. Esse ci danno un'idea delle loro fasi di apprendimento, dei punti critici e delle situazioni di successo, nonch\u00e9 della loro esperienza professionale. Vi aspettano 10 storie emozionanti, stimolanti ed emotive. E quella di Sandra \u00e8 una di queste.<\/div>","protected":false},"excerpt":{"rendered":"<div class=\"hidden-sm-down\">\n<p>In questo libro, Sandra racconta la storia del suo viaggio fino all'incontro con Chrigi e di come l'T\u00fctenh\u00fcter sia entrato nella sua vita. Cosa c'entra tutto questo con il credere in se stessi, chi l'ha influenzata lungo il cammino, perch\u00e9 trova cos\u00ec assurde le questioni di genere. Perch\u00e9 la gelosia e il risentimento non sono buoni compagni di viaggio e cosa potete fare attivamente anche voi per una vita appagata e felice. Perch\u00e9 il successo \u00e8 qualcosa di diverso per ognuno - per Sandra \u00e8 arrivare a se stessi, essere se stessi - vivere. Conoscere i propri desideri e bisogni e perseguirli. Essere concentrati e non voler accontentare tutti. Per questo dice \"non devo piacere a tutti\" e \"c'\u00e8 solo una vera verit\u00e0, ed \u00e8 la tua\". Il libro vuole ispirare, mettere in discussione, dare nuovi spunti di riflessione e motivare - per ulteriori PERCORSI DI SUCCESSO.<\/p>\n<\/div>","protected":false},"featured_media":2104,"template":"","meta":{"_acf_changed":false},"product_brand":[],"product_cat":[29],"product_tag":[],"class_list":{"0":"post-1652","1":"product","2":"type-product","3":"status-publish","4":"has-post-thumbnail","6":"product_cat-servietten-von-boeoerds","7":"product_shipping_class-brief-4-90","9":"first","10":"instock","11":"taxable","12":"shipping-taxable","13":"purchasable","14":"product-type-simple"},"bundled_by":[],"bundle_stock_status":"instock","bundle_stock_quantity":140,"bundle_virtual":false,"bundle_layout":"","bundle_add_to_cart_form_location":"","bundle_editable_in_cart":false,"bundle_sold_individually_context":"","bundle_item_grouping":"","bundle_min_size":"","bundle_max_size":"","bundle_price":[],"bundled_items":[],"bundle_sell_ids":[],"acf":[],"yoast_head":"<!-- This site is optimized with the Yoast SEO plugin v26.8 - https:\/\/yoast.com\/product\/yoast-seo-wordpress\/ -->\n<title>&quot;WEGE ZUM ERFLOG&quot; Vordenker - Vormacher - Vorbilder Vol.2 | T\u00fctenh\u00fcter | das clevere T\u00fctenverschluss-System<\/title>\n<meta name=\"description\" content=\"T\u00dcTENH\u00dcTER | Das clevere T\u00fctenverschluss-System. Swiss Made. Wasserdicht. Luftdicht. Gefrierfest. Jetzt das Schweizer Original online bestellen.\" \/>\n<meta name=\"robots\" content=\"index, follow, max-snippet:-1, max-image-preview:large, max-video-preview:-1\" \/>\n<link rel=\"canonical\" href=\"https:\/\/boeoerds.ch\/it\/product\/wege-zum-erfolg-vordenker-vormacher-vorbilder-vol-2\/\" \/>\n<meta property=\"og:locale\" content=\"it_IT\" \/>\n<meta property=\"og:type\" content=\"article\" \/>\n<meta property=\"og:title\" content=\"&quot;WEGE ZUM ERFLOG&quot; Vordenker - Vormacher - Vorbilder Vol.2 | T\u00fctenh\u00fcter | das clevere T\u00fctenverschluss-System\" \/>\n<meta property=\"og:description\" content=\"T\u00dcTENH\u00dcTER | Das clevere T\u00fctenverschluss-System. Swiss Made. Wasserdicht. Luftdicht. Gefrierfest. Jetzt das Schweizer Original online bestellen.\" \/>\n<meta property=\"og:url\" content=\"https:\/\/boeoerds.ch\/it\/product\/wege-zum-erfolg-vordenker-vormacher-vorbilder-vol-2\/\" \/>\n<meta property=\"og:site_name\" content=\"T\u00fctenh\u00fcter | das clevere T\u00fctenverschluss-System\" \/>\n<meta property=\"article:publisher\" content=\"https:\/\/www.facebook.com\/B%c3%b6%c3%b6rds_T%c3%bctenh%c3%bcter-1790008597712368\/\" \/>\n<meta property=\"article:modified_time\" content=\"2026-04-25T01:46:48+00:00\" \/>\n<meta property=\"og:image\" content=\"https:\/\/boeoerds.ch\/wp-content\/uploads\/2020\/11\/Buch_Packshot_Quadratisch.jpg\" \/>\n\t<meta property=\"og:image:width\" content=\"1127\" \/>\n\t<meta property=\"og:image:height\" content=\"1127\" \/>\n\t<meta property=\"og:image:type\" content=\"image\/jpeg\" \/>\n<meta name=\"twitter:card\" content=\"summary_large_image\" \/>\n<meta name=\"twitter:label1\" content=\"Tempo di lettura stimato\" \/>\n\t<meta name=\"twitter:data1\" content=\"1 minuto\" \/>\n<script type=\"application\/ld+json\" class=\"yoast-schema-graph\">{\"@context\":\"https:\/\/schema.org\",\"@graph\":[{\"@type\":\"WebPage\",\"@id\":\"https:\/\/boeoerds.ch\/product\/wege-zum-erfolg-vordenker-vormacher-vorbilder-vol-2\/\",\"url\":\"https:\/\/boeoerds.ch\/product\/wege-zum-erfolg-vordenker-vormacher-vorbilder-vol-2\/\",\"name\":\"\\\"WEGE ZUM ERFLOG\\\" Vordenker - Vormacher - Vorbilder Vol.2 | T\u00fctenh\u00fcter | das clevere T\u00fctenverschluss-System\",\"isPartOf\":{\"@id\":\"https:\/\/boeoerds.ch\/#website\"},\"primaryImageOfPage\":{\"@id\":\"https:\/\/boeoerds.ch\/product\/wege-zum-erfolg-vordenker-vormacher-vorbilder-vol-2\/#primaryimage\"},\"image\":{\"@id\":\"https:\/\/boeoerds.ch\/product\/wege-zum-erfolg-vordenker-vormacher-vorbilder-vol-2\/#primaryimage\"},\"thumbnailUrl\":\"https:\/\/boeoerds.ch\/wp-content\/uploads\/2020\/11\/Buch_Packshot_Quadratisch.jpg\",\"datePublished\":\"2020-11-22T22:00:33+00:00\",\"dateModified\":\"2026-04-25T01:46:48+00:00\",\"description\":\"T\u00dcTENH\u00dcTER | Das clevere T\u00fctenverschluss-System. Swiss Made. Wasserdicht. Luftdicht. Gefrierfest. Jetzt das Schweizer Original online bestellen.\",\"breadcrumb\":{\"@id\":\"https:\/\/boeoerds.ch\/product\/wege-zum-erfolg-vordenker-vormacher-vorbilder-vol-2\/#breadcrumb\"},\"inLanguage\":\"it-IT\",\"potentialAction\":[{\"@type\":\"ReadAction\",\"target\":[\"https:\/\/boeoerds.ch\/product\/wege-zum-erfolg-vordenker-vormacher-vorbilder-vol-2\/\"]}]},{\"@type\":\"ImageObject\",\"inLanguage\":\"it-IT\",\"@id\":\"https:\/\/boeoerds.ch\/product\/wege-zum-erfolg-vordenker-vormacher-vorbilder-vol-2\/#primaryimage\",\"url\":\"https:\/\/boeoerds.ch\/wp-content\/uploads\/2020\/11\/Buch_Packshot_Quadratisch.jpg\",\"contentUrl\":\"https:\/\/boeoerds.ch\/wp-content\/uploads\/2020\/11\/Buch_Packshot_Quadratisch.jpg\",\"width\":1127,\"height\":1127},{\"@type\":\"BreadcrumbList\",\"@id\":\"https:\/\/boeoerds.ch\/product\/wege-zum-erfolg-vordenker-vormacher-vorbilder-vol-2\/#breadcrumb\",\"itemListElement\":[{\"@type\":\"ListItem\",\"position\":1,\"name\":\"Online-Shop\",\"item\":\"https:\/\/boeoerds.ch\/shop\/\"},{\"@type\":\"ListItem\",\"position\":2,\"name\":\"&#8222;WEGE ZUM ERFLOG&#8220; Vordenker &#8211; Vormacher &#8211; Vorbilder Vol.2\"}]},{\"@type\":\"WebSite\",\"@id\":\"https:\/\/boeoerds.ch\/#website\",\"url\":\"https:\/\/boeoerds.ch\/\",\"name\":\"T\u00fctenh\u00fcter | das clevere T\u00fctenverschluss-System\",\"description\":\"T\u00dcTENH\u00dcTER - das clevere T\u00fctenverschluss-System. Swiss Made. Wasserdicht. Luftdicht. Gefrierfest. Jetzt das Schweizer Original online bestellen.\",\"publisher\":{\"@id\":\"https:\/\/boeoerds.ch\/#organization\"},\"potentialAction\":[{\"@type\":\"SearchAction\",\"target\":{\"@type\":\"EntryPoint\",\"urlTemplate\":\"https:\/\/boeoerds.ch\/?s={search_term_string}\"},\"query-input\":{\"@type\":\"PropertyValueSpecification\",\"valueRequired\":true,\"valueName\":\"search_term_string\"}}],\"inLanguage\":\"it-IT\"},{\"@type\":\"Organization\",\"@id\":\"https:\/\/boeoerds.ch\/#organization\",\"name\":\"b\u00f6\u00f6rds AG\",\"url\":\"https:\/\/boeoerds.ch\/\",\"logo\":{\"@type\":\"ImageObject\",\"inLanguage\":\"it-IT\",\"@id\":\"https:\/\/boeoerds.ch\/#\/schema\/logo\/image\/\",\"url\":\"https:\/\/boeoerds.ch\/wp-content\/uploads\/2022\/03\/cropped-WhatsApp-Image-2022-03-31-at-09.47.28.jpeg\",\"contentUrl\":\"https:\/\/boeoerds.ch\/wp-content\/uploads\/2022\/03\/cropped-WhatsApp-Image-2022-03-31-at-09.47.28.jpeg\",\"width\":512,\"height\":512,\"caption\":\"b\u00f6\u00f6rds AG\"},\"image\":{\"@id\":\"https:\/\/boeoerds.ch\/#\/schema\/logo\/image\/\"},\"sameAs\":[\"https:\/\/www.facebook.com\/B\u00f6\u00f6rds_T\u00fctenh\u00fcter-1790008597712368\/\",\"https:\/\/www.instagram.com\/boeoerds_tuetenhueter\/?hl=de\",\"https:\/\/www.youtube.com\/channel\/UCdZ4kOjlZLThuAsbAH__Pug\"]}]}<\/script>\n<!-- \/ Yoast SEO plugin. -->","yoast_head_json":{"title":"\"WEGE ZUM ERFLOG\" Vordenker - Vormacher - Vorbilder Vol.2 | T\u00fctenh\u00fcter | das clevere T\u00fctenverschluss-System","description":"T\u00dcTENH\u00dcTER | L'ingegnoso sistema di chiusura della borsa. Prodotto in Svizzera. Impermeabile. Impermeabile all'aria. A prova di gelo. Ordinate subito online l'originale svizzero.","robots":{"index":"index","follow":"follow","max-snippet":"max-snippet:-1","max-image-preview":"max-image-preview:large","max-video-preview":"max-video-preview:-1"},"canonical":"https:\/\/boeoerds.ch\/it\/product\/wege-zum-erfolg-vordenker-vormacher-vorbilder-vol-2\/","og_locale":"it_IT","og_type":"article","og_title":"\"WEGE ZUM ERFLOG\" Vordenker - Vormacher - Vorbilder Vol.2 | T\u00fctenh\u00fcter | das clevere T\u00fctenverschluss-System","og_description":"T\u00dcTENH\u00dcTER | Das clevere T\u00fctenverschluss-System. Swiss Made. Wasserdicht. Luftdicht. Gefrierfest. Jetzt das Schweizer Original online bestellen.","og_url":"https:\/\/boeoerds.ch\/it\/product\/wege-zum-erfolg-vordenker-vormacher-vorbilder-vol-2\/","og_site_name":"T\u00fctenh\u00fcter | das clevere T\u00fctenverschluss-System","article_publisher":"https:\/\/www.facebook.com\/B%c3%b6%c3%b6rds_T%c3%bctenh%c3%bcter-1790008597712368\/","article_modified_time":"2026-04-25T01:46:48+00:00","og_image":[{"width":1127,"height":1127,"url":"https:\/\/boeoerds.ch\/wp-content\/uploads\/2020\/11\/Buch_Packshot_Quadratisch.jpg","type":"image\/jpeg"}],"twitter_card":"summary_large_image","twitter_misc":{"Tempo di lettura stimato":"1 minuto"},"schema":{"@context":"https:\/\/schema.org","@graph":[{"@type":"WebPage","@id":"https:\/\/boeoerds.ch\/product\/wege-zum-erfolg-vordenker-vormacher-vorbilder-vol-2\/","url":"https:\/\/boeoerds.ch\/product\/wege-zum-erfolg-vordenker-vormacher-vorbilder-vol-2\/","name":"\"WEGE ZUM ERFLOG\" Vordenker - Vormacher - Vorbilder Vol.2 | T\u00fctenh\u00fcter | das clevere T\u00fctenverschluss-System","isPartOf":{"@id":"https:\/\/boeoerds.ch\/#website"},"primaryImageOfPage":{"@id":"https:\/\/boeoerds.ch\/product\/wege-zum-erfolg-vordenker-vormacher-vorbilder-vol-2\/#primaryimage"},"image":{"@id":"https:\/\/boeoerds.ch\/product\/wege-zum-erfolg-vordenker-vormacher-vorbilder-vol-2\/#primaryimage"},"thumbnailUrl":"https:\/\/boeoerds.ch\/wp-content\/uploads\/2020\/11\/Buch_Packshot_Quadratisch.jpg","datePublished":"2020-11-22T22:00:33+00:00","dateModified":"2026-04-25T01:46:48+00:00","description":"T\u00dcTENH\u00dcTER | L'ingegnoso sistema di chiusura della borsa. Prodotto in Svizzera. Impermeabile. Impermeabile all'aria. A prova di gelo. Ordinate subito online l'originale svizzero.","breadcrumb":{"@id":"https:\/\/boeoerds.ch\/product\/wege-zum-erfolg-vordenker-vormacher-vorbilder-vol-2\/#breadcrumb"},"inLanguage":"it-IT","potentialAction":[{"@type":"ReadAction","target":["https:\/\/boeoerds.ch\/product\/wege-zum-erfolg-vordenker-vormacher-vorbilder-vol-2\/"]}]},{"@type":"ImageObject","inLanguage":"it-IT","@id":"https:\/\/boeoerds.ch\/product\/wege-zum-erfolg-vordenker-vormacher-vorbilder-vol-2\/#primaryimage","url":"https:\/\/boeoerds.ch\/wp-content\/uploads\/2020\/11\/Buch_Packshot_Quadratisch.jpg","contentUrl":"https:\/\/boeoerds.ch\/wp-content\/uploads\/2020\/11\/Buch_Packshot_Quadratisch.jpg","width":1127,"height":1127},{"@type":"BreadcrumbList","@id":"https:\/\/boeoerds.ch\/product\/wege-zum-erfolg-vordenker-vormacher-vorbilder-vol-2\/#breadcrumb","itemListElement":[{"@type":"ListItem","position":1,"name":"Online-Shop","item":"https:\/\/boeoerds.ch\/shop\/"},{"@type":"ListItem","position":2,"name":"&#8222;WEGE ZUM ERFLOG&#8220; Vordenker &#8211; Vormacher &#8211; Vorbilder Vol.2"}]},{"@type":"WebSite","@id":"https:\/\/boeoerds.ch\/#website","url":"https:\/\/boeoerds.ch\/","name":"T\u00fctenh\u00fcter | l'intelligente sistema di chiusura della borsa","description":"T\u00dcTENH\u00dcTER - l'ingegnoso sistema di chiusura della borsa. Prodotto in Svizzera. A tenuta stagna. A tenuta d'aria. A prova di gelo. Ordinate subito online l'originale svizzero.","publisher":{"@id":"https:\/\/boeoerds.ch\/#organization"},"potentialAction":[{"@type":"SearchAction","target":{"@type":"EntryPoint","urlTemplate":"https:\/\/boeoerds.ch\/?s={search_term_string}"},"query-input":{"@type":"PropertyValueSpecification","valueRequired":true,"valueName":"search_term_string"}}],"inLanguage":"it-IT"},{"@type":"Organization","@id":"https:\/\/boeoerds.ch\/#organization","name":"b\u00f6\u00f6rds AG","url":"https:\/\/boeoerds.ch\/","logo":{"@type":"ImageObject","inLanguage":"it-IT","@id":"https:\/\/boeoerds.ch\/#\/schema\/logo\/image\/","url":"https:\/\/boeoerds.ch\/wp-content\/uploads\/2022\/03\/cropped-WhatsApp-Image-2022-03-31-at-09.47.28.jpeg","contentUrl":"https:\/\/boeoerds.ch\/wp-content\/uploads\/2022\/03\/cropped-WhatsApp-Image-2022-03-31-at-09.47.28.jpeg","width":512,"height":512,"caption":"b\u00f6\u00f6rds AG"},"image":{"@id":"https:\/\/boeoerds.ch\/#\/schema\/logo\/image\/"},"sameAs":["https:\/\/www.facebook.com\/B\u00f6\u00f6rds_T\u00fctenh\u00fcter-1790008597712368\/","https:\/\/www.instagram.com\/boeoerds_tuetenhueter\/?hl=de","https:\/\/www.youtube.com\/channel\/UCdZ4kOjlZLThuAsbAH__Pug"]}]}},"_links":{"self":[{"href":"https:\/\/boeoerds.ch\/it\/wp-json\/wp\/v2\/product\/1652","targetHints":{"allow":["GET"]}}],"collection":[{"href":"https:\/\/boeoerds.ch\/it\/wp-json\/wp\/v2\/product"}],"about":[{"href":"https:\/\/boeoerds.ch\/it\/wp-json\/wp\/v2\/types\/product"}],"wp:featuredmedia":[{"embeddable":true,"href":"https:\/\/boeoerds.ch\/it\/wp-json\/wp\/v2\/media\/2104"}],"wp:attachment":[{"href":"https:\/\/boeoerds.ch\/it\/wp-json\/wp\/v2\/media?parent=1652"}],"wp:term":[{"taxonomy":"product_brand","embeddable":true,"href":"https:\/\/boeoerds.ch\/it\/wp-json\/wp\/v2\/product_brand?post=1652"},{"taxonomy":"product_cat","embeddable":true,"href":"https:\/\/boeoerds.ch\/it\/wp-json\/wp\/v2\/product_cat?post=1652"},{"taxonomy":"product_tag","embeddable":true,"href":"https:\/\/boeoerds.ch\/it\/wp-json\/wp\/v2\/product_tag?post=1652"}],"curies":[{"name":"wp","href":"https:\/\/api.w.org\/{rel}","templated":true}]}}