{"id":918,"date":"2020-10-19T04:35:29","date_gmt":"2020-10-19T02:35:29","guid":{"rendered":"https:\/\/boeoerds.ch\/?page_id=918"},"modified":"2025-03-09T11:57:18","modified_gmt":"2025-03-09T10:57:18","slug":"agb","status":"publish","type":"page","link":"https:\/\/boeoerds.ch\/it\/agb\/","title":{"rendered":"GTC"},"content":{"rendered":"<h2 class=\"n\">condizioni generali di contratto<\/h2>\n<p class=\"n\">1. AMBITO DI APPLICAZIONE<\/p>\n<p>b\u00f6\u00f6rds AG, con sede a CH-9443 Widnau (di seguito b\u00f6\u00f6rds AG), \u00e8 un rivenditore online di articoli di supporto alla casa e un partner per la personalizzazione con un senso di design, qualit\u00e0 e sostenibilit\u00e0. I presenti termini e condizioni generali si applicano a tutti i prodotti offerti sul sito web&nbsp;<a href=\"https:\/\/www.xn--brds-5qaa.ch\/\" target=\"_blank\" rel=\"noopener noreferrer\">https:\/\/www.b\u00f6\u00f6rds.ch<\/a>&nbsp;o&nbsp;<a href=\"https:\/\/www.xn--ttenhter-65ae.ch\/\" target=\"_blank\" rel=\"noopener noreferrer\">https:\/\/www.t\u00fctenh\u00fcter.ch<\/a>&nbsp;I termini e le condizioni si applicano agli ordini effettuati nella versione in vigore al momento dell'ordine, nonch\u00e9 agli ordini dei singoli clienti.<\/p>\n<p>2. ORDINE E STIPULA DEL CONTRATTO<\/p>\n<p>Effettuate un ordine online nel negozio. L'ordine \u00e8 vincolante dopo aver accettato i termini e le condizioni e aver cliccato sul pulsante ACQUISTA. In questo modo si crea un contratto d'acquisto legalmente valido. Dopo aver ricevuto l'ordine, riceverete da noi una conferma d'ordine via e-mail.<\/p>\n<p>3. LE NOSTRE CONDIZIONI DI CONSEGNA E VENDITA<\/p>\n<p>Dopo aver confermato l'ordine, invieremo gli articoli ordinati all'indirizzo di consegna da voi indicato sotto forma di un bel pacco. I tempi di consegna sono solitamente compresi tra 1 e 4 giorni lavorativi. Nei giorni festivi, il magazzino rimane talvolta chiuso per pi\u00f9 giorni consecutivi.&nbsp;<\/p>\n<p>Per gli ordini destinati all'UE, i tempi di consegna possono essere prolungati fino a 10 giorni lavorativi.<br>In caso di mancata consegna della merce nonostante i ripetuti tentativi di consegna, b\u00f6\u00f6rds AG pu\u00f2 recedere dal contratto.<\/p>\n<p>4. OFFERTA<\/p>\n<p>La nostra offerta online \u00e8 soggetta a modifiche e non \u00e8 vincolante. Di norma, gli articoli offerti nel negozio online sono disponibili. Se non \u00e8 possibile consegnare uno o pi\u00f9 articoli a causa di una discrepanza nelle scorte, b\u00f6\u00f6rds AG vi informer\u00e0 il prima possibile e l'importo sar\u00e0 rimborsato.<\/p>\n<p>5. PREZZI<\/p>\n<p>I nostri prezzi di vendita si intendono franco magazzino e sono espressi in franchi svizzeri o in euro, IVA inclusa e spese di spedizione escluse.<\/p>\n<p>6. IL VOSTRO CONTO ACQUISTI<\/p>\n<p>Per gli ordini nel nostro negozio online sono disponibili le opzioni di pagamento ivi indicate.<\/p>\n<p>7. CONSEGNA E SPEDIZIONE<\/p>\n<p>7.1. AMBITO DI APPLICAZIONE<\/p>\n<p>Consegniamo in Svizzera, nel Principato del Liechtenstein e nei paesi dell'UE.<\/p>\n<p>7.2. COSTI DI SPEDIZIONE<\/p>\n<p>Per la nostra consegna pagate un costo di consegna di CHF\/EURO 4.90 o CHF\/EURO 9.50 fino a un importo di CHF\/EURO 70.00. A partire da un importo di ordine di CHF\/EURO 70.00 la consegna \u00e8 gratuita.<\/p>\n<p>8. OPZIONI DI PAGAMENTO<\/p>\n<p>Per gli ordini online in Svizzera e nel Principato del Liechtenstein, \u00e8 possibile pagare con carta di credito, fattura, TWINT e PayPal. Per gli ordini personalizzati, il metodo di pagamento \u00e8 con acconto o a 10 giorni netti. Dall'UE \u00e8 possibile pagare con carta di credito e PayPal.<\/p>\n<p>8.1 Acquisto in conto corrente con opzione di pagamento rateale (POWERPAY) per la Svizzera e il Liechtenstein<\/p>\n<p>In qualit\u00e0 di fornitore esterno di servizi di pagamento, MF Group \/ POWERPAY offre il metodo di pagamento \"acquisto su conto\". Con la fattura singola, \u00e8 possibile pagare semplicemente l'acquisto online tramite fattura. Se decidete di non pagare entro i termini stabiliti, riceverete una fattura mensile con un riepilogo degli ordini nel mese successivo.<\/p>\n<p>Al momento della conclusione del contratto di acquisto, POWERPAY si fa carico della richiesta di fattura ed elabora le relative modalit&agrave; di pagamento. Quando si acquista per conto terzi, si accettano, oltre alle nostre CGC, anche le seguenti condizioni &lt;a href=&quot;&ldquo;https:\/\/www.powerpay.ch\/de\/agb&ldquo;&quot; target=&quot;&ldquo;_blank&ldquo;&quot;&gt;GTC&lt;\/a&gt; da POWERPAY. (powerpay.ch\/it\/agb).<\/p>\n<p>Riceverete gratuitamente la fattura via e-mail con la richiesta di pagamento entro 14 giorni netti. Se non si riceve la fattura via e-mail, questa verr\u00e0 inviata per posta con un costo di 2,90 franchi svizzeri e in questo caso il termine di pagamento sar\u00e0 esteso a 30 giorni netti. Con l'acquisto su conto corrente si accetta il &lt;<a href=\"https:\/\/www.powerpay.ch\/pdf\/PP_AGB_Checkout_de.pdf\">www.powerpay.ch\/de\/agb<\/a>&gt; da POWERPAY (powerpay.ch\/it\/agb), purch\u00e9 si disponga di un indirizzo e-mail valido.<\/p>\n<p>9\u00b0 BUONO<\/p>\n<p>\u00c8 possibile pagare l'ordine con un buono da b\u00f6\u00f6rds AG. A tal fine, inserire il codice del buono nel campo corrispondente dell'ordine. Un buono regalo pu\u00f2 essere riscosso solo prima di completare il processo d'ordine e per l'intero importo.<\/p>\n<p>L'importo dei buoni \u00e8 fisso. I buoni sono emessi esclusivamente in CHF e sono liberamente trasferibili.<\/p>\n<p>Il pagamento in contanti \u00e8 escluso.<\/p>\n<p>10. BUONI PROMOZIONALI<\/p>\n<p>I buoni promozionali sono buoni che non possono essere acquistati, ma che vengono emessi nell'ambito di campagne pubblicitarie. I buoni promozionali possono essere utilizzati solo alle condizioni indicate, dal rispettivo destinatario, durante il periodo specificato e solo una volta per persona. Singoli prodotti possono essere esclusi dalle campagne promozionali. Qualsiasi differenza con un valore superiore della merce deve essere saldata utilizzando le opzioni di pagamento offerte. I buoni promozionali non vengono corrisposti in contanti e non producono interessi.<\/p>\n<p>I buoni promozionali non possono essere rimborsati in caso di restituzione parziale o totale dei prodotti ordinati. I buoni promozionali possono essere riscossi solo prima di completare il processo d'ordine. Non \u00e8 possibile un accredito successivo. Il buono promozionale non \u00e8 trasferibile e non pu\u00f2 essere combinato con altri buoni promozionali. Se avete utilizzato un buono promozionale per il vostro acquisto, ci riserviamo il diritto di addebitarvi il prezzo originale della merce che state conservando se, a causa della vostra cancellazione, il valore totale dell'ordine scende al di sotto del valore del buono promozionale.<\/p>\n<p>11. RISERVA DI PROPRIET\u00c0<\/p>\n<p>La merce ordinata rimane di propriet\u00e0 di b\u00f6\u00f6rds AG fino al ricevimento del pagamento completo.<\/p>\n<p>12. DIRITTO DI RECESSO\/DIRITTO DI RECESSO<\/p>\n<p>\u00c8 possibile recedere dal contratto entro 10 giorni dal ricevimento della merce, restituendo la merce con una descrizione del motivo della restituzione. La restituzione della merce \u00e8 sotto la vostra responsabilit\u00e0 e a vostre spese. I prodotti personalizzati sono esclusi dal diritto di recesso. Sui prodotti personalizzati non verranno stampate emoji.<\/p>\n<p>Solo gli articoli assolutamente non danneggiati e in perfette condizioni saranno ritirati. In caso contrario, ci riserviamo il diritto di avanzare richieste di risarcimento.<\/p>\n<p>I resi dalla Svizzera devono essere indirizzati a:<\/p>\n<p><strong>b\u00f6\u00f6rds AG<\/strong><br><strong>Industriestrasse 59<\/strong><br><strong>CH-9443 Widnau<br>Svizzera<\/strong><\/p>\n<p>Le restituzioni da tutti i paesi, tranne la Svizzera, devono essere indirizzate a:<\/p>\n<div class=\"ContactOverview-row u-display--flex\">\n<div class=\"u-display--flex justify-content-center col flex-direction-column\">\n<div class=\"ContactOverview-name ng-star-inserted\"><strong>b\u00f6\u00f6rds AG<\/strong><\/div>\n<div class=\"ContactOverview-name ng-star-inserted\"><strong>c\/o SG Spedition GmbH<\/strong><\/div>\n<\/div>\n<\/div>\n<div class=\"ContactOverview-grid\">\n<div class=\"ContactOverview-info\">\n<div class=\"ContactOverview-info-cell ContactOverview-info-cell--small\">\n<div class=\"ContactOverview-info-cell-title\"><strong>Strada principale 99<\/strong><\/div>\n<div>\n<div class=\"ng-star-inserted\"><strong>DE-78244 Gottmadingen<br>Germania<\/strong><\/div>\n<\/div>\n<\/div>\n<\/div>\n<\/div>\n<p>\u00c8 possibile detrarre l'importo di un articolo restituito dall'importo totale. Se l'importo totale \u00e8 gi\u00e0 stato trasferito a b\u00f6\u00f6rds AG, \u00e8 possibile scegliere tra un buono o un rimborso in contanti. Le spese di spedizione non saranno rimborsate.<\/p>\n<p>13. DIFETTI DI CONSEGNA<\/p>\n<p>Vi chiediamo di verificare immediatamente la correttezza, la completezza e l'integrit\u00e0 degli articoli consegnati. I reclami relativi alla portata della consegna, ai difetti di materiale, alle consegne errate e alle differenze di quantit\u00e0 devono essere comunicati per iscritto entro 5 giorni lavorativi dal ricevimento della merce. Il difetto sar\u00e0 esaminato immediatamente da b\u00f6\u00f6rds AG. Se il difetto viene accettato da b\u00f6\u00f6rds AG, il cliente ricever\u00e0 un articolo sostitutivo identico, se disponibile in magazzino, e le spese di spedizione saranno rimborsate. In caso contrario, verr\u00e0 rimborsato l'intero importo.<\/p>\n<p>14. GARANZIE<\/p>\n<p>Le garanzie degli articoli acquistati da b\u00f6\u00f6rds AG sono limitate alle garanzie del rispettivo produttore. In caso di manipolazione impropria o di intervento personale, tutte le richieste di risarcimento sono nulle.<\/p>\n<p>15. PROTEZIONE DEI DATI<\/p>\n<p>b\u00f6\u00f6rds AG \u00e8 autorizzato a utilizzare i vostri dati personali per inviarvi offerte speciali o informazioni sulle nuove collezioni. \u00c8 possibile revocare il consenso all'utilizzo dei propri dati personali per scopi pubblicitari in qualsiasi momento inviando un'e-mail a info@boeoerds.ch.<\/p>\n<p>Questo sito web contiene un pulsante di Facebook. Attivando il pulsante di Facebook, si entra in contatto diretto con il social network Facebook. Facebook utilizza i dati personali dei suoi utenti in modo non conforme alle norme sulla protezione dei dati, poich\u00e9 non fornisce informazioni sufficienti sull'uso dei dati. b\u00f6\u00f6rds AG non \u00e8 responsabile di eventuali danni subiti dall'utente a causa dell'uso improprio dei suoi dati personali da parte di Facebook.<\/p>\n<p>Ulteriori informazioni sul trattamento dei dati dei clienti sono disponibili nell'informativa separata sulla privacy all'indirizzo <a href=\"\/datenschutz\/\">questo link<\/a>.<\/p>\n<p>L'informativa sulla privacy \u00e8 parte integrante delle presenti CGC.<\/p>\n<p>16. LEGGE APPLICABILE E FORO COMPETENTE<\/p>\n<p>Il rapporto contrattuale tra l'utente e b\u00f6\u00f6rds AG \u00e8 disciplinato dal diritto sostanziale svizzero, con l'esclusione della Convenzione delle Nazioni Unite sui contratti di vendita internazionale di merci dell'11 aprile 1980 (Convenzione di vendita delle Nazioni Unite). Il foro competente per tutte le controversie \u00e8 San Gallo. La b\u00f6\u00f6rds AG avr\u00e0 inoltre il diritto di adire il tribunale del domicilio\/luogo di residenza del cliente.<\/p>\n<p>Widnau, 24.3.2020<\/p>\n<p>LOCALIT\u00c0<br>SEDE CENTRALE \/ LOGISTICA \/ INDIRIZZO DI RITORNO \/ UFFICIO \/ AMMINISTRAZIONE:<\/p>\n<p><strong>b\u00f6\u00f6rds AG<\/strong><br><strong>Industriestrasse 59<\/strong><br><strong>CH-9443 Widnau<br>Svizzera<\/strong><\/p>\n<p>IBAN CH29 8125 6000 0042 7952 0<br>Conto n: 90-5115-5<\/p>","protected":false},"excerpt":{"rendered":"","protected":false},"author":1,"featured_media":0,"parent":0,"menu_order":0,"comment_status":"closed","ping_status":"closed","template":"","meta":{"_acf_changed":false,"footnotes":""},"class_list":["post-918","page","type-page","status-publish","hentry"],"acf":[],"yoast_head":"<!-- This site is optimized with the Yoast SEO plugin v26.8 - https:\/\/yoast.com\/product\/yoast-seo-wordpress\/ -->\n<title>AGB | T\u00fctenh\u00fcter | das clevere T\u00fctenverschluss-System<\/title>\n<meta name=\"description\" content=\"Hier findest du die Allgemeinen Gesch\u00e4ftsbedingungen von b\u00f6\u00f6rds AG. Bei Fragen stehen wir dir gerne zur Verf\u00fcgung.\" \/>\n<meta name=\"robots\" content=\"index, follow, max-snippet:-1, max-image-preview:large, max-video-preview:-1\" \/>\n<link rel=\"canonical\" href=\"https:\/\/boeoerds.ch\/it\/agb\/\" \/>\n<meta property=\"og:locale\" content=\"it_IT\" \/>\n<meta property=\"og:type\" content=\"article\" \/>\n<meta property=\"og:title\" content=\"AGB | T\u00fctenh\u00fcter | das clevere T\u00fctenverschluss-System\" \/>\n<meta property=\"og:description\" content=\"Hier findest du die Allgemeinen Gesch\u00e4ftsbedingungen von b\u00f6\u00f6rds AG. Bei Fragen stehen wir dir gerne zur Verf\u00fcgung.\" \/>\n<meta property=\"og:url\" content=\"https:\/\/boeoerds.ch\/it\/agb\/\" \/>\n<meta property=\"og:site_name\" content=\"T\u00fctenh\u00fcter | das clevere T\u00fctenverschluss-System\" \/>\n<meta property=\"article:publisher\" content=\"https:\/\/www.facebook.com\/B%c3%b6%c3%b6rds_T%c3%bctenh%c3%bcter-1790008597712368\/\" \/>\n<meta property=\"article:modified_time\" content=\"2025-03-09T10:57:18+00:00\" \/>\n<meta name=\"twitter:card\" content=\"summary_large_image\" \/>\n<meta name=\"twitter:label1\" content=\"Tempo di lettura stimato\" \/>\n\t<meta name=\"twitter:data1\" content=\"7 minuti\" \/>\n<script type=\"application\/ld+json\" class=\"yoast-schema-graph\">{\"@context\":\"https:\/\/schema.org\",\"@graph\":[{\"@type\":\"WebPage\",\"@id\":\"https:\/\/boeoerds.ch\/agb\/\",\"url\":\"https:\/\/boeoerds.ch\/agb\/\",\"name\":\"AGB | T\u00fctenh\u00fcter | das clevere T\u00fctenverschluss-System\",\"isPartOf\":{\"@id\":\"https:\/\/boeoerds.ch\/#website\"},\"datePublished\":\"2020-10-19T02:35:29+00:00\",\"dateModified\":\"2025-03-09T10:57:18+00:00\",\"description\":\"Hier findest du die Allgemeinen Gesch\u00e4ftsbedingungen von b\u00f6\u00f6rds AG. Bei Fragen stehen wir dir gerne zur Verf\u00fcgung.\",\"inLanguage\":\"it-IT\",\"potentialAction\":[{\"@type\":\"ReadAction\",\"target\":[\"https:\/\/boeoerds.ch\/agb\/\"]}]},{\"@type\":\"WebSite\",\"@id\":\"https:\/\/boeoerds.ch\/#website\",\"url\":\"https:\/\/boeoerds.ch\/\",\"name\":\"T\u00fctenh\u00fcter | das clevere T\u00fctenverschluss-System\",\"description\":\"T\u00dcTENH\u00dcTER - das clevere T\u00fctenverschluss-System. Swiss Made. Wasserdicht. Luftdicht. Gefrierfest. Jetzt das Schweizer Original online bestellen.\",\"publisher\":{\"@id\":\"https:\/\/boeoerds.ch\/#organization\"},\"potentialAction\":[{\"@type\":\"SearchAction\",\"target\":{\"@type\":\"EntryPoint\",\"urlTemplate\":\"https:\/\/boeoerds.ch\/?s={search_term_string}\"},\"query-input\":{\"@type\":\"PropertyValueSpecification\",\"valueRequired\":true,\"valueName\":\"search_term_string\"}}],\"inLanguage\":\"it-IT\"},{\"@type\":\"Organization\",\"@id\":\"https:\/\/boeoerds.ch\/#organization\",\"name\":\"b\u00f6\u00f6rds AG\",\"url\":\"https:\/\/boeoerds.ch\/\",\"logo\":{\"@type\":\"ImageObject\",\"inLanguage\":\"it-IT\",\"@id\":\"https:\/\/boeoerds.ch\/#\/schema\/logo\/image\/\",\"url\":\"https:\/\/boeoerds.ch\/wp-content\/uploads\/2022\/03\/cropped-WhatsApp-Image-2022-03-31-at-09.47.28.jpeg\",\"contentUrl\":\"https:\/\/boeoerds.ch\/wp-content\/uploads\/2022\/03\/cropped-WhatsApp-Image-2022-03-31-at-09.47.28.jpeg\",\"width\":512,\"height\":512,\"caption\":\"b\u00f6\u00f6rds AG\"},\"image\":{\"@id\":\"https:\/\/boeoerds.ch\/#\/schema\/logo\/image\/\"},\"sameAs\":[\"https:\/\/www.facebook.com\/B\u00f6\u00f6rds_T\u00fctenh\u00fcter-1790008597712368\/\",\"https:\/\/www.instagram.com\/boeoerds_tuetenhueter\/?hl=de\",\"https:\/\/www.youtube.com\/channel\/UCdZ4kOjlZLThuAsbAH__Pug\"]}]}<\/script>\n<!-- \/ Yoast SEO plugin. -->","yoast_head_json":{"title":"AGB | T\u00fctenh\u00fcter | das clevere T\u00fctenverschluss-System","description":"Hier findest du die Allgemeinen Gesch\u00e4ftsbedingungen von b\u00f6\u00f6rds AG. Bei Fragen stehen wir dir gerne zur Verf\u00fcgung.","robots":{"index":"index","follow":"follow","max-snippet":"max-snippet:-1","max-image-preview":"max-image-preview:large","max-video-preview":"max-video-preview:-1"},"canonical":"https:\/\/boeoerds.ch\/it\/agb\/","og_locale":"it_IT","og_type":"article","og_title":"AGB | T\u00fctenh\u00fcter | das clevere T\u00fctenverschluss-System","og_description":"Hier findest du die Allgemeinen Gesch\u00e4ftsbedingungen von b\u00f6\u00f6rds AG. Bei Fragen stehen wir dir gerne zur Verf\u00fcgung.","og_url":"https:\/\/boeoerds.ch\/it\/agb\/","og_site_name":"T\u00fctenh\u00fcter | das clevere T\u00fctenverschluss-System","article_publisher":"https:\/\/www.facebook.com\/B%c3%b6%c3%b6rds_T%c3%bctenh%c3%bcter-1790008597712368\/","article_modified_time":"2025-03-09T10:57:18+00:00","twitter_card":"summary_large_image","twitter_misc":{"Tempo di lettura stimato":"7 minuti"},"schema":{"@context":"https:\/\/schema.org","@graph":[{"@type":"WebPage","@id":"https:\/\/boeoerds.ch\/agb\/","url":"https:\/\/boeoerds.ch\/agb\/","name":"AGB | T\u00fctenh\u00fcter | das clevere T\u00fctenverschluss-System","isPartOf":{"@id":"https:\/\/boeoerds.ch\/#website"},"datePublished":"2020-10-19T02:35:29+00:00","dateModified":"2025-03-09T10:57:18+00:00","description":"Hier findest du die Allgemeinen Gesch\u00e4ftsbedingungen von b\u00f6\u00f6rds AG. Bei Fragen stehen wir dir gerne zur Verf\u00fcgung.","inLanguage":"it-IT","potentialAction":[{"@type":"ReadAction","target":["https:\/\/boeoerds.ch\/agb\/"]}]},{"@type":"WebSite","@id":"https:\/\/boeoerds.ch\/#website","url":"https:\/\/boeoerds.ch\/","name":"T\u00fctenh\u00fcter | l'intelligente sistema di chiusura della borsa","description":"T\u00dcTENH\u00dcTER - l'ingegnoso sistema di chiusura della borsa. Prodotto in Svizzera. A tenuta stagna. A tenuta d'aria. A prova di gelo. Ordinate subito online l'originale svizzero.","publisher":{"@id":"https:\/\/boeoerds.ch\/#organization"},"potentialAction":[{"@type":"SearchAction","target":{"@type":"EntryPoint","urlTemplate":"https:\/\/boeoerds.ch\/?s={search_term_string}"},"query-input":{"@type":"PropertyValueSpecification","valueRequired":true,"valueName":"search_term_string"}}],"inLanguage":"it-IT"},{"@type":"Organization","@id":"https:\/\/boeoerds.ch\/#organization","name":"b\u00f6\u00f6rds AG","url":"https:\/\/boeoerds.ch\/","logo":{"@type":"ImageObject","inLanguage":"it-IT","@id":"https:\/\/boeoerds.ch\/#\/schema\/logo\/image\/","url":"https:\/\/boeoerds.ch\/wp-content\/uploads\/2022\/03\/cropped-WhatsApp-Image-2022-03-31-at-09.47.28.jpeg","contentUrl":"https:\/\/boeoerds.ch\/wp-content\/uploads\/2022\/03\/cropped-WhatsApp-Image-2022-03-31-at-09.47.28.jpeg","width":512,"height":512,"caption":"b\u00f6\u00f6rds AG"},"image":{"@id":"https:\/\/boeoerds.ch\/#\/schema\/logo\/image\/"},"sameAs":["https:\/\/www.facebook.com\/B\u00f6\u00f6rds_T\u00fctenh\u00fcter-1790008597712368\/","https:\/\/www.instagram.com\/boeoerds_tuetenhueter\/?hl=de","https:\/\/www.youtube.com\/channel\/UCdZ4kOjlZLThuAsbAH__Pug"]}]}},"_links":{"self":[{"href":"https:\/\/boeoerds.ch\/it\/wp-json\/wp\/v2\/pages\/918","targetHints":{"allow":["GET"]}}],"collection":[{"href":"https:\/\/boeoerds.ch\/it\/wp-json\/wp\/v2\/pages"}],"about":[{"href":"https:\/\/boeoerds.ch\/it\/wp-json\/wp\/v2\/types\/page"}],"author":[{"embeddable":true,"href":"https:\/\/boeoerds.ch\/it\/wp-json\/wp\/v2\/users\/1"}],"replies":[{"embeddable":true,"href":"https:\/\/boeoerds.ch\/it\/wp-json\/wp\/v2\/comments?post=918"}],"version-history":[{"count":24,"href":"https:\/\/boeoerds.ch\/it\/wp-json\/wp\/v2\/pages\/918\/revisions"}],"predecessor-version":[{"id":44627,"href":"https:\/\/boeoerds.ch\/it\/wp-json\/wp\/v2\/pages\/918\/revisions\/44627"}],"wp:attachment":[{"href":"https:\/\/boeoerds.ch\/it\/wp-json\/wp\/v2\/media?parent=918"}],"curies":[{"name":"wp","href":"https:\/\/api.w.org\/{rel}","templated":true}]}}