{"id":564,"date":"2020-09-28T06:31:13","date_gmt":"2020-09-28T04:31:13","guid":{"rendered":"https:\/\/boeoerds.ch\/?page_id=564"},"modified":"2025-09-29T15:24:07","modified_gmt":"2025-09-29T13:24:07","slug":"handel","status":"publish","type":"page","link":"https:\/\/boeoerds.ch\/it\/handel\/","title":{"rendered":"Commercio"},"content":{"rendered":"<section class=\"section\" id=\"section_277604781\">\n\t\t<div class=\"section-bg fill\" >\n\t\t\t\t\t\t\t\t\t\n\t\t\t\n\n\t\t<\/div>\n\n\t\t\n\n\t\t<div class=\"section-content relative\">\n\t\t\t\n\n<h1>Potete trovare i nostri prodotti nel negozio qui.\u00a0<\/h1>\n<p><iframe loading=\"lazy\" src=\"https:\/\/www.google.com\/maps\/d\/embed?mid=1k3I5oWlzO0uRVJrThiBX9AwVdzksG6QH\" width=\"1280\" height=\"960\"><\/iframe><\/p>\n<p>Attenzione: non tutti i punti vendita dispongono di tutta la nostra gamma.\u00a0<\/p>\n<div class=\"is-divider divider clearfix\" style=\"margin-top:50px;margin-bottom:50px;height:0px;\"><\/div>\n\n<div class=\"row\"  id=\"row-2045030557\">\n\n\n\t<div id=\"col-906075021\" class=\"col medium-1 small-12 large-1\"  >\n\t\t\t\t<div class=\"col-inner\"  >\n\t\t\t\n\t\t\t\n\n\n\t\t<\/div>\n\t\t\t\t\t<\/div>\n\n\t\n\n\t<div id=\"col-831303052\" class=\"col medium-10 small-12 large-10\"  >\n\t\t\t\t<div class=\"col-inner\"  >\n\t\t\t\n\t\t\t\n\n<div class=\"row\"  id=\"row-278762952\">\n\n\n\t<div id=\"col-866951707\" class=\"col medium-4 small-12 large-4\"  >\n\t\t\t\t<div class=\"col-inner\"  >\n\t\t\t\n\t\t\t\n\n<h2 class=\"text-center\">negozio online<\/h2>\n\t<div class=\"img has-hover x md-x lg-x y md-y lg-y\" id=\"image_239087755\">\n\t\t<a class=\"\" href=\"\/shop\" >\t\t\t\t\t\t<div class=\"img-inner dark\" >\n\t\t\t\t\t\t\t\t\t\n\t\t\t\t\t<\/div>\n\t\t\t\t\t\t<\/a>\t\t\n<style>\n#image_239087755 {\n  width: 100%;\n}\n<\/style>\n\t<\/div>\n\t\n\n\t<div class=\"img has-hover x md-x lg-x y md-y lg-y\" id=\"image_1349713156\">\n\t\t<a class=\"\" href=\"\/shop\" >\t\t\t\t\t\t<div class=\"img-inner dark\" >\n\t\t\t<img loading=\"lazy\" decoding=\"async\" width=\"1020\" height=\"1013\" src=\"https:\/\/boeoerds.ch\/wp-content\/uploads\/2021\/08\/alle-drei-Sorten-Tuetenhueter-1024x1017.png\" class=\"attachment-large size-large\" alt=\"\" srcset=\"https:\/\/boeoerds.ch\/wp-content\/uploads\/2021\/08\/alle-drei-Sorten-Tuetenhueter-1024x1017.png 1024w, https:\/\/boeoerds.ch\/wp-content\/uploads\/2021\/08\/alle-drei-Sorten-Tuetenhueter-100x100.png 100w, https:\/\/boeoerds.ch\/wp-content\/uploads\/2021\/08\/alle-drei-Sorten-Tuetenhueter-800x795.png 800w, https:\/\/boeoerds.ch\/wp-content\/uploads\/2021\/08\/alle-drei-Sorten-Tuetenhueter-300x298.png 300w, https:\/\/boeoerds.ch\/wp-content\/uploads\/2021\/08\/alle-drei-Sorten-Tuetenhueter-150x150.png 150w, https:\/\/boeoerds.ch\/wp-content\/uploads\/2021\/08\/alle-drei-Sorten-Tuetenhueter-768x763.png 768w, https:\/\/boeoerds.ch\/wp-content\/uploads\/2021\/08\/alle-drei-Sorten-Tuetenhueter-600x596.png 600w, https:\/\/boeoerds.ch\/wp-content\/uploads\/2021\/08\/alle-drei-Sorten-Tuetenhueter.png 1086w\" sizes=\"auto, (max-width: 1020px) 100vw, 1020px\" \/>\t\t\t\t\t\t\n\t\t\t\t\t<\/div>\n\t\t\t\t\t\t<\/a>\t\t\n<style>\n#image_1349713156 {\n  width: 100%;\n}\n<\/style>\n\t<\/div>\n\t\n\n\n\t\t<\/div>\n\t\t\t\t\t<\/div>\n\n\t\n\n\t<div id=\"col-1012409607\" class=\"col medium-4 small-12 large-4\"  >\n\t\t\t\t<div class=\"col-inner\"  >\n\t\t\t\n\t\t\t\n\n<h2 class=\"text-center\">diventare un rivenditore<\/h2>\n\t<div class=\"img has-hover x md-x lg-x y md-y lg-y\" id=\"image_1817884947\">\n\t\t<a class=\"\" href=\"\/wiederverkaeufer-werden\/\" >\t\t\t\t\t\t<div class=\"img-inner dark\" >\n\t\t\t<img loading=\"lazy\" decoding=\"async\" width=\"562\" height=\"562\" src=\"https:\/\/boeoerds.ch\/wp-content\/uploads\/2020\/09\/haendler-werden.png\" class=\"attachment-large size-large\" alt=\"\" srcset=\"https:\/\/boeoerds.ch\/wp-content\/uploads\/2020\/09\/haendler-werden.png 562w, https:\/\/boeoerds.ch\/wp-content\/uploads\/2020\/09\/haendler-werden-100x100.png 100w, https:\/\/boeoerds.ch\/wp-content\/uploads\/2020\/09\/haendler-werden-510x510.png 510w, https:\/\/boeoerds.ch\/wp-content\/uploads\/2020\/09\/haendler-werden-300x300.png 300w, https:\/\/boeoerds.ch\/wp-content\/uploads\/2020\/09\/haendler-werden-150x150.png 150w, https:\/\/boeoerds.ch\/wp-content\/uploads\/2020\/09\/haendler-werden-400x400.png 400w, https:\/\/boeoerds.ch\/wp-content\/uploads\/2020\/09\/haendler-werden-85x85.png 85w, https:\/\/boeoerds.ch\/wp-content\/uploads\/2020\/09\/haendler-werden-32x32.png 32w\" sizes=\"auto, (max-width: 562px) 100vw, 562px\" \/>\t\t\t\t\t\t\n\t\t\t\t\t<\/div>\n\t\t\t\t\t\t<\/a>\t\t\n<style>\n#image_1817884947 {\n  width: 100%;\n}\n<\/style>\n\t<\/div>\n\t\n\n\n\t\t<\/div>\n\t\t\t\t\t<\/div>\n\n\t\n\n\t<div id=\"col-507674837\" class=\"col medium-4 small-12 large-4\"  >\n\t\t\t\t<div class=\"col-inner\"  >\n\t\t\t\n\t\t\t\n\n<h2 class=\"text-center\"> materiale visivo<br \/>\n <\/h2>\n\t<div class=\"img has-hover x md-x lg-x y md-y lg-y\" id=\"image_117734878\">\n\t\t<a class=\"\" href=\"\/download-bilder\/\" >\t\t\t\t\t\t<div class=\"img-inner dark\" >\n\t\t\t<img loading=\"lazy\" decoding=\"async\" width=\"562\" height=\"562\" src=\"https:\/\/boeoerds.ch\/wp-content\/uploads\/2020\/09\/bildmaterial.jpg\" class=\"attachment-large size-large\" alt=\"T\u00dcTENH\u00dcTER - 6er Set ORIGINAL T\u00dcRKIS\" srcset=\"https:\/\/boeoerds.ch\/wp-content\/uploads\/2020\/09\/bildmaterial.jpg 562w, https:\/\/boeoerds.ch\/wp-content\/uploads\/2020\/09\/bildmaterial-100x100.jpg 100w, https:\/\/boeoerds.ch\/wp-content\/uploads\/2020\/09\/bildmaterial-510x510.jpg 510w, https:\/\/boeoerds.ch\/wp-content\/uploads\/2020\/09\/bildmaterial-300x300.jpg 300w, https:\/\/boeoerds.ch\/wp-content\/uploads\/2020\/09\/bildmaterial-150x150.jpg 150w, https:\/\/boeoerds.ch\/wp-content\/uploads\/2020\/09\/bildmaterial-400x400.jpg 400w, https:\/\/boeoerds.ch\/wp-content\/uploads\/2020\/09\/bildmaterial-85x85.jpg 85w, https:\/\/boeoerds.ch\/wp-content\/uploads\/2020\/09\/bildmaterial-32x32.jpg 32w\" sizes=\"auto, (max-width: 562px) 100vw, 562px\" \/>\t\t\t\t\t\t\n\t\t\t\t\t<\/div>\n\t\t\t\t\t\t<\/a>\t\t\n<style>\n#image_117734878 {\n  width: 100%;\n}\n<\/style>\n\t<\/div>\n\t\n\n\n\t\t<\/div>\n\t\t\t\t\t<\/div>\n\n\t\n\n<\/div>\n\n\t\t<\/div>\n\t\t\t\t\t<\/div>\n\n\t\n\n\t<div id=\"col-1152729242\" class=\"col medium-1 small-12 large-1\"  >\n\t\t\t\t<div class=\"col-inner\"  >\n\t\t\t\n\t\t\t\n\n\n\t\t<\/div>\n\t\t\t\t\t<\/div>\n\n\t\n\n<\/div>\n\n\t\t<\/div>\n\n\t\t\n<style>\n#section_277604781 {\n  padding-top: 30px;\n  padding-bottom: 30px;\n}\n<\/style>\n\t<\/section>","protected":false},"excerpt":{"rendered":"","protected":false},"author":1,"featured_media":0,"parent":0,"menu_order":0,"comment_status":"closed","ping_status":"closed","template":"","meta":{"_acf_changed":false,"footnotes":""},"class_list":["post-564","page","type-page","status-publish","hentry"],"acf":[],"yoast_head":"<!-- This site is optimized with the Yoast SEO plugin v26.8 - https:\/\/yoast.com\/product\/yoast-seo-wordpress\/ -->\n<title>Handel | T\u00fctenh\u00fcter | das clevere T\u00fctenverschluss-System<\/title>\n<meta name=\"description\" content=\"Hier geht&#039;s zu den Verkaufsstellen des T\u00dcTENH\u00dcTER. Entdecke unsere \u00fcbersichtliche Karte aller Verkaufsstellen in der Schweiz.\" \/>\n<meta name=\"robots\" content=\"index, follow, max-snippet:-1, max-image-preview:large, max-video-preview:-1\" \/>\n<link rel=\"canonical\" href=\"https:\/\/boeoerds.ch\/it\/handel\/\" \/>\n<meta property=\"og:locale\" content=\"it_IT\" \/>\n<meta property=\"og:type\" content=\"article\" \/>\n<meta property=\"og:title\" content=\"Handel | T\u00fctenh\u00fcter | das clevere T\u00fctenverschluss-System\" \/>\n<meta property=\"og:description\" content=\"Hier geht&#039;s zu den Verkaufsstellen des T\u00dcTENH\u00dcTER. Entdecke unsere \u00fcbersichtliche Karte aller Verkaufsstellen in der Schweiz.\" \/>\n<meta property=\"og:url\" content=\"https:\/\/boeoerds.ch\/it\/handel\/\" \/>\n<meta property=\"og:site_name\" content=\"T\u00fctenh\u00fcter | das clevere T\u00fctenverschluss-System\" \/>\n<meta property=\"article:publisher\" content=\"https:\/\/www.facebook.com\/B%c3%b6%c3%b6rds_T%c3%bctenh%c3%bcter-1790008597712368\/\" \/>\n<meta property=\"article:modified_time\" content=\"2025-09-29T13:24:07+00:00\" \/>\n<meta name=\"twitter:card\" content=\"summary_large_image\" \/>\n<meta name=\"twitter:label1\" content=\"Tempo di lettura stimato\" \/>\n\t<meta name=\"twitter:data1\" content=\"1 minuto\" \/>\n<script type=\"application\/ld+json\" class=\"yoast-schema-graph\">{\"@context\":\"https:\/\/schema.org\",\"@graph\":[{\"@type\":\"WebPage\",\"@id\":\"https:\/\/boeoerds.ch\/handel\/\",\"url\":\"https:\/\/boeoerds.ch\/handel\/\",\"name\":\"Handel | T\u00fctenh\u00fcter | das clevere T\u00fctenverschluss-System\",\"isPartOf\":{\"@id\":\"https:\/\/boeoerds.ch\/#website\"},\"datePublished\":\"2020-09-28T04:31:13+00:00\",\"dateModified\":\"2025-09-29T13:24:07+00:00\",\"description\":\"Hier geht's zu den Verkaufsstellen des T\u00dcTENH\u00dcTER. Entdecke unsere \u00fcbersichtliche Karte aller Verkaufsstellen in der Schweiz.\",\"inLanguage\":\"it-IT\",\"potentialAction\":[{\"@type\":\"ReadAction\",\"target\":[\"https:\/\/boeoerds.ch\/handel\/\"]}]},{\"@type\":\"WebSite\",\"@id\":\"https:\/\/boeoerds.ch\/#website\",\"url\":\"https:\/\/boeoerds.ch\/\",\"name\":\"T\u00fctenh\u00fcter | das clevere T\u00fctenverschluss-System\",\"description\":\"T\u00dcTENH\u00dcTER - das clevere T\u00fctenverschluss-System. Swiss Made. Wasserdicht. Luftdicht. Gefrierfest. Jetzt das Schweizer Original online bestellen.\",\"publisher\":{\"@id\":\"https:\/\/boeoerds.ch\/#organization\"},\"potentialAction\":[{\"@type\":\"SearchAction\",\"target\":{\"@type\":\"EntryPoint\",\"urlTemplate\":\"https:\/\/boeoerds.ch\/?s={search_term_string}\"},\"query-input\":{\"@type\":\"PropertyValueSpecification\",\"valueRequired\":true,\"valueName\":\"search_term_string\"}}],\"inLanguage\":\"it-IT\"},{\"@type\":\"Organization\",\"@id\":\"https:\/\/boeoerds.ch\/#organization\",\"name\":\"b\u00f6\u00f6rds AG\",\"url\":\"https:\/\/boeoerds.ch\/\",\"logo\":{\"@type\":\"ImageObject\",\"inLanguage\":\"it-IT\",\"@id\":\"https:\/\/boeoerds.ch\/#\/schema\/logo\/image\/\",\"url\":\"https:\/\/boeoerds.ch\/wp-content\/uploads\/2022\/03\/cropped-WhatsApp-Image-2022-03-31-at-09.47.28.jpeg\",\"contentUrl\":\"https:\/\/boeoerds.ch\/wp-content\/uploads\/2022\/03\/cropped-WhatsApp-Image-2022-03-31-at-09.47.28.jpeg\",\"width\":512,\"height\":512,\"caption\":\"b\u00f6\u00f6rds AG\"},\"image\":{\"@id\":\"https:\/\/boeoerds.ch\/#\/schema\/logo\/image\/\"},\"sameAs\":[\"https:\/\/www.facebook.com\/B\u00f6\u00f6rds_T\u00fctenh\u00fcter-1790008597712368\/\",\"https:\/\/www.instagram.com\/boeoerds_tuetenhueter\/?hl=de\",\"https:\/\/www.youtube.com\/channel\/UCdZ4kOjlZLThuAsbAH__Pug\"]}]}<\/script>\n<!-- \/ Yoast SEO plugin. -->","yoast_head_json":{"title":"Handel | T\u00fctenh\u00fcter | das clevere T\u00fctenverschluss-System","description":"Hier geht's zu den Verkaufsstellen des T\u00dcTENH\u00dcTER. Entdecke unsere \u00fcbersichtliche Karte aller Verkaufsstellen in der Schweiz.","robots":{"index":"index","follow":"follow","max-snippet":"max-snippet:-1","max-image-preview":"max-image-preview:large","max-video-preview":"max-video-preview:-1"},"canonical":"https:\/\/boeoerds.ch\/it\/handel\/","og_locale":"it_IT","og_type":"article","og_title":"Handel | T\u00fctenh\u00fcter | das clevere T\u00fctenverschluss-System","og_description":"Hier geht's zu den Verkaufsstellen des T\u00dcTENH\u00dcTER. Entdecke unsere \u00fcbersichtliche Karte aller Verkaufsstellen in der Schweiz.","og_url":"https:\/\/boeoerds.ch\/it\/handel\/","og_site_name":"T\u00fctenh\u00fcter | das clevere T\u00fctenverschluss-System","article_publisher":"https:\/\/www.facebook.com\/B%c3%b6%c3%b6rds_T%c3%bctenh%c3%bcter-1790008597712368\/","article_modified_time":"2025-09-29T13:24:07+00:00","twitter_card":"summary_large_image","twitter_misc":{"Tempo di lettura stimato":"1 minuto"},"schema":{"@context":"https:\/\/schema.org","@graph":[{"@type":"WebPage","@id":"https:\/\/boeoerds.ch\/handel\/","url":"https:\/\/boeoerds.ch\/handel\/","name":"Handel | T\u00fctenh\u00fcter | das clevere T\u00fctenverschluss-System","isPartOf":{"@id":"https:\/\/boeoerds.ch\/#website"},"datePublished":"2020-09-28T04:31:13+00:00","dateModified":"2025-09-29T13:24:07+00:00","description":"Hier geht's zu den Verkaufsstellen des T\u00dcTENH\u00dcTER. Entdecke unsere \u00fcbersichtliche Karte aller Verkaufsstellen in der Schweiz.","inLanguage":"it-IT","potentialAction":[{"@type":"ReadAction","target":["https:\/\/boeoerds.ch\/handel\/"]}]},{"@type":"WebSite","@id":"https:\/\/boeoerds.ch\/#website","url":"https:\/\/boeoerds.ch\/","name":"T\u00fctenh\u00fcter | l'intelligente sistema di chiusura della borsa","description":"T\u00dcTENH\u00dcTER - l'ingegnoso sistema di chiusura della borsa. Prodotto in Svizzera. A tenuta stagna. A tenuta d'aria. A prova di gelo. Ordinate subito online l'originale svizzero.","publisher":{"@id":"https:\/\/boeoerds.ch\/#organization"},"potentialAction":[{"@type":"SearchAction","target":{"@type":"EntryPoint","urlTemplate":"https:\/\/boeoerds.ch\/?s={search_term_string}"},"query-input":{"@type":"PropertyValueSpecification","valueRequired":true,"valueName":"search_term_string"}}],"inLanguage":"it-IT"},{"@type":"Organization","@id":"https:\/\/boeoerds.ch\/#organization","name":"b\u00f6\u00f6rds AG","url":"https:\/\/boeoerds.ch\/","logo":{"@type":"ImageObject","inLanguage":"it-IT","@id":"https:\/\/boeoerds.ch\/#\/schema\/logo\/image\/","url":"https:\/\/boeoerds.ch\/wp-content\/uploads\/2022\/03\/cropped-WhatsApp-Image-2022-03-31-at-09.47.28.jpeg","contentUrl":"https:\/\/boeoerds.ch\/wp-content\/uploads\/2022\/03\/cropped-WhatsApp-Image-2022-03-31-at-09.47.28.jpeg","width":512,"height":512,"caption":"b\u00f6\u00f6rds AG"},"image":{"@id":"https:\/\/boeoerds.ch\/#\/schema\/logo\/image\/"},"sameAs":["https:\/\/www.facebook.com\/B\u00f6\u00f6rds_T\u00fctenh\u00fcter-1790008597712368\/","https:\/\/www.instagram.com\/boeoerds_tuetenhueter\/?hl=de","https:\/\/www.youtube.com\/channel\/UCdZ4kOjlZLThuAsbAH__Pug"]}]}},"_links":{"self":[{"href":"https:\/\/boeoerds.ch\/it\/wp-json\/wp\/v2\/pages\/564","targetHints":{"allow":["GET"]}}],"collection":[{"href":"https:\/\/boeoerds.ch\/it\/wp-json\/wp\/v2\/pages"}],"about":[{"href":"https:\/\/boeoerds.ch\/it\/wp-json\/wp\/v2\/types\/page"}],"author":[{"embeddable":true,"href":"https:\/\/boeoerds.ch\/it\/wp-json\/wp\/v2\/users\/1"}],"replies":[{"embeddable":true,"href":"https:\/\/boeoerds.ch\/it\/wp-json\/wp\/v2\/comments?post=564"}],"version-history":[{"count":22,"href":"https:\/\/boeoerds.ch\/it\/wp-json\/wp\/v2\/pages\/564\/revisions"}],"predecessor-version":[{"id":35919,"href":"https:\/\/boeoerds.ch\/it\/wp-json\/wp\/v2\/pages\/564\/revisions\/35919"}],"wp:attachment":[{"href":"https:\/\/boeoerds.ch\/it\/wp-json\/wp\/v2\/media?parent=564"}],"curies":[{"name":"wp","href":"https:\/\/api.w.org\/{rel}","templated":true}]}}