{"id":55430,"date":"2026-02-07T11:44:07","date_gmt":"2026-02-07T10:44:07","guid":{"rendered":"https:\/\/boeoerds.ch\/?post_type=product&#038;p=55430"},"modified":"2026-04-21T14:49:57","modified_gmt":"2026-04-21T12:49:57","slug":"edding-acrylic-marker","status":"publish","type":"product","link":"https:\/\/boeoerds.ch\/fr\/product\/edding-acrylic-marker\/","title":{"rendered":"edding-acrylic Marker medium"},"content":{"rendered":"","protected":false},"excerpt":{"rendered":"<p>Moyen 2-3mm<br \/>\npermanent<\/p>\n<p>Laisse libre cours \u00e0 ta cr\u00e9ativit\u00e9 !<\/p>","protected":false},"featured_media":55431,"template":"","meta":{"_acf_changed":false},"product_brand":[],"product_cat":[246,21,29],"product_tag":[],"class_list":{"0":"post-55430","1":"product","2":"type-product","3":"status-publish","4":"has-post-thumbnail","6":"product_cat-tuetenhueter-diy","7":"product_cat-offenverkauf","8":"product_cat-servietten-von-boeoerds","9":"product_shipping_class-paket-9-50","11":"first","12":"instock","13":"taxable","14":"shipping-taxable","15":"purchasable","16":"product-type-simple"},"bundled_by":[],"bundle_stock_status":"instock","bundle_stock_quantity":18,"bundle_virtual":false,"bundle_layout":"","bundle_add_to_cart_form_location":"","bundle_editable_in_cart":false,"bundle_sold_individually_context":"","bundle_item_grouping":"","bundle_min_size":"","bundle_max_size":"","bundle_price":[],"bundled_items":[],"bundle_sell_ids":[],"acf":[],"yoast_head":"<!-- This site is optimized with the Yoast SEO plugin v26.8 - https:\/\/yoast.com\/product\/yoast-seo-wordpress\/ -->\n<title>edding-acrylic Marker medium | T\u00fctenh\u00fcter | das clevere T\u00fctenverschluss-System<\/title>\n<meta name=\"description\" content=\"T\u00dcTENH\u00dcTER | Das clevere T\u00fctenverschluss-System. Swiss Made. Wasserdicht. Luftdicht. Gefrierfest. Jetzt das Schweizer Original online bestellen.\" \/>\n<meta name=\"robots\" content=\"index, follow, max-snippet:-1, max-image-preview:large, max-video-preview:-1\" \/>\n<link rel=\"canonical\" href=\"https:\/\/boeoerds.ch\/fr\/product\/edding-acrylic-marker\/\" \/>\n<meta property=\"og:locale\" content=\"fr_FR\" \/>\n<meta property=\"og:type\" content=\"article\" \/>\n<meta property=\"og:title\" content=\"edding-acrylic Marker medium | T\u00fctenh\u00fcter | das clevere T\u00fctenverschluss-System\" \/>\n<meta property=\"og:description\" content=\"T\u00dcTENH\u00dcTER | Das clevere T\u00fctenverschluss-System. Swiss Made. Wasserdicht. Luftdicht. Gefrierfest. Jetzt das Schweizer Original online bestellen.\" \/>\n<meta property=\"og:url\" content=\"https:\/\/boeoerds.ch\/fr\/product\/edding-acrylic-marker\/\" \/>\n<meta property=\"og:site_name\" content=\"T\u00fctenh\u00fcter | das clevere T\u00fctenverschluss-System\" \/>\n<meta property=\"article:publisher\" content=\"https:\/\/www.facebook.com\/B%c3%b6%c3%b6rds_T%c3%bctenh%c3%bcter-1790008597712368\/\" \/>\n<meta property=\"article:modified_time\" content=\"2026-04-21T12:49:57+00:00\" \/>\n<meta property=\"og:image\" content=\"https:\/\/boeoerds.ch\/wp-content\/uploads\/2026\/02\/Kassenplakat_Tuetenhueter-DIY-15-edding_acrylic-marker.jpeg\" \/>\n\t<meta property=\"og:image:width\" content=\"1080\" \/>\n\t<meta property=\"og:image:height\" content=\"1080\" \/>\n\t<meta property=\"og:image:type\" content=\"image\/jpeg\" \/>\n<meta name=\"twitter:card\" content=\"summary_large_image\" \/>\n<meta name=\"twitter:label1\" content=\"Dur\u00e9e de lecture estim\u00e9e\" \/>\n\t<meta name=\"twitter:data1\" content=\"1 minute\" \/>\n<script type=\"application\/ld+json\" class=\"yoast-schema-graph\">{\"@context\":\"https:\/\/schema.org\",\"@graph\":[{\"@type\":\"WebPage\",\"@id\":\"https:\/\/boeoerds.ch\/product\/edding-acrylic-marker\/\",\"url\":\"https:\/\/boeoerds.ch\/product\/edding-acrylic-marker\/\",\"name\":\"edding-acrylic Marker medium | T\u00fctenh\u00fcter | das clevere T\u00fctenverschluss-System\",\"isPartOf\":{\"@id\":\"https:\/\/boeoerds.ch\/#website\"},\"primaryImageOfPage\":{\"@id\":\"https:\/\/boeoerds.ch\/product\/edding-acrylic-marker\/#primaryimage\"},\"image\":{\"@id\":\"https:\/\/boeoerds.ch\/product\/edding-acrylic-marker\/#primaryimage\"},\"thumbnailUrl\":\"https:\/\/boeoerds.ch\/wp-content\/uploads\/2026\/02\/Kassenplakat_Tuetenhueter-DIY-15-edding_acrylic-marker.jpeg\",\"datePublished\":\"2026-02-07T10:44:07+00:00\",\"dateModified\":\"2026-04-21T12:49:57+00:00\",\"description\":\"T\u00dcTENH\u00dcTER | Das clevere T\u00fctenverschluss-System. Swiss Made. Wasserdicht. Luftdicht. Gefrierfest. Jetzt das Schweizer Original online bestellen.\",\"breadcrumb\":{\"@id\":\"https:\/\/boeoerds.ch\/product\/edding-acrylic-marker\/#breadcrumb\"},\"inLanguage\":\"fr-FR\",\"potentialAction\":[{\"@type\":\"ReadAction\",\"target\":[\"https:\/\/boeoerds.ch\/product\/edding-acrylic-marker\/\"]}]},{\"@type\":\"ImageObject\",\"inLanguage\":\"fr-FR\",\"@id\":\"https:\/\/boeoerds.ch\/product\/edding-acrylic-marker\/#primaryimage\",\"url\":\"https:\/\/boeoerds.ch\/wp-content\/uploads\/2026\/02\/Kassenplakat_Tuetenhueter-DIY-15-edding_acrylic-marker.jpeg\",\"contentUrl\":\"https:\/\/boeoerds.ch\/wp-content\/uploads\/2026\/02\/Kassenplakat_Tuetenhueter-DIY-15-edding_acrylic-marker.jpeg\",\"width\":1080,\"height\":1080},{\"@type\":\"BreadcrumbList\",\"@id\":\"https:\/\/boeoerds.ch\/product\/edding-acrylic-marker\/#breadcrumb\",\"itemListElement\":[{\"@type\":\"ListItem\",\"position\":1,\"name\":\"Online-Shop\",\"item\":\"https:\/\/boeoerds.ch\/shop\/\"},{\"@type\":\"ListItem\",\"position\":2,\"name\":\"edding-acrylic Marker medium\"}]},{\"@type\":\"WebSite\",\"@id\":\"https:\/\/boeoerds.ch\/#website\",\"url\":\"https:\/\/boeoerds.ch\/\",\"name\":\"T\u00fctenh\u00fcter | das clevere T\u00fctenverschluss-System\",\"description\":\"T\u00dcTENH\u00dcTER - das clevere T\u00fctenverschluss-System. Swiss Made. Wasserdicht. Luftdicht. Gefrierfest. Jetzt das Schweizer Original online bestellen.\",\"publisher\":{\"@id\":\"https:\/\/boeoerds.ch\/#organization\"},\"potentialAction\":[{\"@type\":\"SearchAction\",\"target\":{\"@type\":\"EntryPoint\",\"urlTemplate\":\"https:\/\/boeoerds.ch\/?s={search_term_string}\"},\"query-input\":{\"@type\":\"PropertyValueSpecification\",\"valueRequired\":true,\"valueName\":\"search_term_string\"}}],\"inLanguage\":\"fr-FR\"},{\"@type\":\"Organization\",\"@id\":\"https:\/\/boeoerds.ch\/#organization\",\"name\":\"b\u00f6\u00f6rds AG\",\"url\":\"https:\/\/boeoerds.ch\/\",\"logo\":{\"@type\":\"ImageObject\",\"inLanguage\":\"fr-FR\",\"@id\":\"https:\/\/boeoerds.ch\/#\/schema\/logo\/image\/\",\"url\":\"https:\/\/boeoerds.ch\/wp-content\/uploads\/2022\/03\/cropped-WhatsApp-Image-2022-03-31-at-09.47.28.jpeg\",\"contentUrl\":\"https:\/\/boeoerds.ch\/wp-content\/uploads\/2022\/03\/cropped-WhatsApp-Image-2022-03-31-at-09.47.28.jpeg\",\"width\":512,\"height\":512,\"caption\":\"b\u00f6\u00f6rds AG\"},\"image\":{\"@id\":\"https:\/\/boeoerds.ch\/#\/schema\/logo\/image\/\"},\"sameAs\":[\"https:\/\/www.facebook.com\/B\u00f6\u00f6rds_T\u00fctenh\u00fcter-1790008597712368\/\",\"https:\/\/www.instagram.com\/boeoerds_tuetenhueter\/?hl=de\",\"https:\/\/www.youtube.com\/channel\/UCdZ4kOjlZLThuAsbAH__Pug\"]}]}<\/script>\n<!-- \/ Yoast SEO plugin. -->","yoast_head_json":{"title":"edding-acrylic Marker medium | T\u00fctenh\u00fcter | das clevere T\u00fctenverschluss-System","description":"T\u00dcTENH\u00dcTER | Le syst\u00e8me astucieux de fermeture des sacs. Fabriqu\u00e9 en Suisse. \u00c9tanche \u00e0 l'eau. \u00c9tanche \u00e0 l'air. R\u00e9sistant \u00e0 la cong\u00e9lation. Commandez maintenant l'original suisse en ligne.","robots":{"index":"index","follow":"follow","max-snippet":"max-snippet:-1","max-image-preview":"max-image-preview:large","max-video-preview":"max-video-preview:-1"},"canonical":"https:\/\/boeoerds.ch\/fr\/product\/edding-acrylic-marker\/","og_locale":"fr_FR","og_type":"article","og_title":"edding-acrylic Marker medium | T\u00fctenh\u00fcter | das clevere T\u00fctenverschluss-System","og_description":"T\u00dcTENH\u00dcTER | Das clevere T\u00fctenverschluss-System. Swiss Made. Wasserdicht. Luftdicht. Gefrierfest. Jetzt das Schweizer Original online bestellen.","og_url":"https:\/\/boeoerds.ch\/fr\/product\/edding-acrylic-marker\/","og_site_name":"T\u00fctenh\u00fcter | das clevere T\u00fctenverschluss-System","article_publisher":"https:\/\/www.facebook.com\/B%c3%b6%c3%b6rds_T%c3%bctenh%c3%bcter-1790008597712368\/","article_modified_time":"2026-04-21T12:49:57+00:00","og_image":[{"width":1080,"height":1080,"url":"https:\/\/boeoerds.ch\/wp-content\/uploads\/2026\/02\/Kassenplakat_Tuetenhueter-DIY-15-edding_acrylic-marker.jpeg","type":"image\/jpeg"}],"twitter_card":"summary_large_image","twitter_misc":{"Dur\u00e9e de lecture estim\u00e9e":"1 minute"},"schema":{"@context":"https:\/\/schema.org","@graph":[{"@type":"WebPage","@id":"https:\/\/boeoerds.ch\/product\/edding-acrylic-marker\/","url":"https:\/\/boeoerds.ch\/product\/edding-acrylic-marker\/","name":"edding-acrylic Marker medium | T\u00fctenh\u00fcter | das clevere T\u00fctenverschluss-System","isPartOf":{"@id":"https:\/\/boeoerds.ch\/#website"},"primaryImageOfPage":{"@id":"https:\/\/boeoerds.ch\/product\/edding-acrylic-marker\/#primaryimage"},"image":{"@id":"https:\/\/boeoerds.ch\/product\/edding-acrylic-marker\/#primaryimage"},"thumbnailUrl":"https:\/\/boeoerds.ch\/wp-content\/uploads\/2026\/02\/Kassenplakat_Tuetenhueter-DIY-15-edding_acrylic-marker.jpeg","datePublished":"2026-02-07T10:44:07+00:00","dateModified":"2026-04-21T12:49:57+00:00","description":"T\u00dcTENH\u00dcTER | Le syst\u00e8me astucieux de fermeture des sacs. Fabriqu\u00e9 en Suisse. \u00c9tanche \u00e0 l'eau. \u00c9tanche \u00e0 l'air. R\u00e9sistant \u00e0 la cong\u00e9lation. Commandez maintenant l'original suisse en ligne.","breadcrumb":{"@id":"https:\/\/boeoerds.ch\/product\/edding-acrylic-marker\/#breadcrumb"},"inLanguage":"fr-FR","potentialAction":[{"@type":"ReadAction","target":["https:\/\/boeoerds.ch\/product\/edding-acrylic-marker\/"]}]},{"@type":"ImageObject","inLanguage":"fr-FR","@id":"https:\/\/boeoerds.ch\/product\/edding-acrylic-marker\/#primaryimage","url":"https:\/\/boeoerds.ch\/wp-content\/uploads\/2026\/02\/Kassenplakat_Tuetenhueter-DIY-15-edding_acrylic-marker.jpeg","contentUrl":"https:\/\/boeoerds.ch\/wp-content\/uploads\/2026\/02\/Kassenplakat_Tuetenhueter-DIY-15-edding_acrylic-marker.jpeg","width":1080,"height":1080},{"@type":"BreadcrumbList","@id":"https:\/\/boeoerds.ch\/product\/edding-acrylic-marker\/#breadcrumb","itemListElement":[{"@type":"ListItem","position":1,"name":"Online-Shop","item":"https:\/\/boeoerds.ch\/shop\/"},{"@type":"ListItem","position":2,"name":"edding-acrylic Marker medium"}]},{"@type":"WebSite","@id":"https:\/\/boeoerds.ch\/#website","url":"https:\/\/boeoerds.ch\/","name":"T\u00fctenh\u00fcter | le syst\u00e8me astucieux de fermeture des sacs","description":"T\u00dcTENH\u00dcTER - le syst\u00e8me astucieux de fermeture des sachets. Fabriqu\u00e9 en Suisse. \u00c9tanche \u00e0 l'eau. \u00c9tanche \u00e0 l'air. R\u00e9sistant \u00e0 la cong\u00e9lation. Commandez maintenant l'original suisse en ligne.","publisher":{"@id":"https:\/\/boeoerds.ch\/#organization"},"potentialAction":[{"@type":"SearchAction","target":{"@type":"EntryPoint","urlTemplate":"https:\/\/boeoerds.ch\/?s={search_term_string}"},"query-input":{"@type":"PropertyValueSpecification","valueRequired":true,"valueName":"search_term_string"}}],"inLanguage":"fr-FR"},{"@type":"Organization","@id":"https:\/\/boeoerds.ch\/#organization","name":"b\u00f6\u00f6rds AG","url":"https:\/\/boeoerds.ch\/","logo":{"@type":"ImageObject","inLanguage":"fr-FR","@id":"https:\/\/boeoerds.ch\/#\/schema\/logo\/image\/","url":"https:\/\/boeoerds.ch\/wp-content\/uploads\/2022\/03\/cropped-WhatsApp-Image-2022-03-31-at-09.47.28.jpeg","contentUrl":"https:\/\/boeoerds.ch\/wp-content\/uploads\/2022\/03\/cropped-WhatsApp-Image-2022-03-31-at-09.47.28.jpeg","width":512,"height":512,"caption":"b\u00f6\u00f6rds AG"},"image":{"@id":"https:\/\/boeoerds.ch\/#\/schema\/logo\/image\/"},"sameAs":["https:\/\/www.facebook.com\/B\u00f6\u00f6rds_T\u00fctenh\u00fcter-1790008597712368\/","https:\/\/www.instagram.com\/boeoerds_tuetenhueter\/?hl=de","https:\/\/www.youtube.com\/channel\/UCdZ4kOjlZLThuAsbAH__Pug"]}]}},"_links":{"self":[{"href":"https:\/\/boeoerds.ch\/fr\/wp-json\/wp\/v2\/product\/55430","targetHints":{"allow":["GET"]}}],"collection":[{"href":"https:\/\/boeoerds.ch\/fr\/wp-json\/wp\/v2\/product"}],"about":[{"href":"https:\/\/boeoerds.ch\/fr\/wp-json\/wp\/v2\/types\/product"}],"wp:featuredmedia":[{"embeddable":true,"href":"https:\/\/boeoerds.ch\/fr\/wp-json\/wp\/v2\/media\/55431"}],"wp:attachment":[{"href":"https:\/\/boeoerds.ch\/fr\/wp-json\/wp\/v2\/media?parent=55430"}],"wp:term":[{"taxonomy":"product_brand","embeddable":true,"href":"https:\/\/boeoerds.ch\/fr\/wp-json\/wp\/v2\/product_brand?post=55430"},{"taxonomy":"product_cat","embeddable":true,"href":"https:\/\/boeoerds.ch\/fr\/wp-json\/wp\/v2\/product_cat?post=55430"},{"taxonomy":"product_tag","embeddable":true,"href":"https:\/\/boeoerds.ch\/fr\/wp-json\/wp\/v2\/product_tag?post=55430"}],"curies":[{"name":"wp","href":"https:\/\/api.w.org\/{rel}","templated":true}]}}