{"id":23468,"date":"2023-01-26T10:10:38","date_gmt":"2023-01-26T09:10:38","guid":{"rendered":"https:\/\/boeoerds.ch\/?post_type=product&#038;p=23468"},"modified":"2026-04-17T14:12:21","modified_gmt":"2026-04-17T12:12:21","slug":"tuetenhueter-6er-set-tradition","status":"publish","type":"product","link":"https:\/\/boeoerds.ch\/fr\/product\/tuetenhueter-6er-set-tradition\/","title":{"rendered":"T\u00dcTENH\u00dcTER - TRADITION"},"content":{"rendered":"<h3>Deux entreprises - une conviction<\/h3>\n<p>Miser sur le site de production suisse est une \u00e9vidence, tant pour l'entreprise gediegen de la r\u00e9gion de Berne que pour nous, chez b\u00f6\u00f6rds. L'engagement social nous lie beaucoup. Ainsi, les deux entreprises font fabriquer une grande partie de leurs produits dans des fondations suisses pour les personnes souffrant de troubles mentaux ou physiques. Et c'est ainsi que ce qui va ensemble s'est r\u00e9uni : la coop\u00e9ration de b\u00f6\u00f6rds et de gediegen.<\/p>\n<p>\"Tradition et innovation\", telle est la devise de gediegen, le d\u00e9veloppeur de possibilit\u00e9s d'emballage en papier durables pour toutes sortes d'aliments. L'astucieux sachet en papier \"Wilhelm\" peut quant \u00e0 lui \u00eatre ferm\u00e9 tr\u00e8s facilement avec un T\u00fctenh\u00fcter. La c\u00e9l\u00e8bre d\u00e9coupe aux ciseaux de gediegen fait \u00e9galement merveille sur le T\u00fctenh\u00fcter.<\/p>\n<p>Et les sujets ne sont bien s\u00fbr pas le fruit du hasard. Ainsi, Sandra danse sur le parquet, Chrigi redescend en trombe de sa randonn\u00e9e \u00e0 ski dans la vall\u00e9e et tous deux trouvent des forces dans le silence.<br \/>\nLa grande roue rappelle les friandises musicales du \"Moon and Stars Festival\" de Locarno et les \u00e9l\u00e9ments traditionnels suisses montrent avec amour le lien des deux oiseaux voyageurs avec leur patrie. Le d\u00e9coupage de gediegen invite \u00e0 la r\u00eaverie \u00e0 plusieurs niveaux. Ainsi, le food truck de gediegen devient le \"b\u00fcssli\" de Sandra et Chrigi lors de leur voyage en Tha\u00eflande. Que d\u00e9couvres-tu dans le papier d\u00e9coup\u00e9 ?<\/p>\n<div class=\"row align-center\"  id=\"row-330092965\">\n\n\n\t<div id=\"col-163814422\" class=\"col medium-3 small-5 large-3\"  >\n\t\t\t\t<div class=\"col-inner\"  >\n\t\t\t\n\t\t\t\n\n\t<div class=\"img has-hover x md-x lg-x y md-y lg-y\" id=\"image_1791394632\">\n\t\t\t\t\t\t\t\t<div class=\"img-inner dark\" >\n\t\t\t<img loading=\"lazy\" decoding=\"async\" width=\"300\" height=\"300\" src=\"https:\/\/boeoerds.ch\/wp-content\/uploads\/2022\/03\/Tuetenhueter_rund-300x300.jpg\" class=\"attachment-medium size-medium\" alt=\"\" srcset=\"https:\/\/boeoerds.ch\/wp-content\/uploads\/2022\/03\/Tuetenhueter_rund-300x300.jpg 300w, https:\/\/boeoerds.ch\/wp-content\/uploads\/2022\/03\/Tuetenhueter_rund-100x100.jpg 100w, https:\/\/boeoerds.ch\/wp-content\/uploads\/2022\/03\/Tuetenhueter_rund-150x150.jpg 150w, https:\/\/boeoerds.ch\/wp-content\/uploads\/2022\/03\/Tuetenhueter_rund.jpg 469w\" sizes=\"auto, (max-width: 300px) 100vw, 300px\" \/>\t\t\t\t\t\t\n\t\t\t\t\t<\/div>\n\t\t\t\t\t\t\t\t\n<style>\n#image_1791394632 {\n  width: 100%;\n}\n<\/style>\n\t<\/div>\n\t\n\n\n\t\t<\/div>\n\t\t\t\t\t<\/div>\n\n\t\n\n\t<div id=\"col-322581825\" class=\"col medium-9 small-12 large-9\"  >\n\t\t\t\t<div class=\"col-inner\"  >\n\t\t\t\n\t\t\t\n\n<div id=\"cc-m-17575003925\" class=\"j-module n j-header\">\n<h5 id=\"cc-m-header-17575003925\">d\u00e9chire-moi<\/h5>\n<\/div>\n<div id=\"cc-m-17575004025\" class=\"j-module n j-text\">\n<p>Permettez-moi de me pr\u00e9senter,<\/p>\n<p>Je vis heureux et satisfait dans un bel appartement de la vieille ville en Suisse. Chaque matin, je tortille ma moustache branch\u00e9e avec beaucoup de soin et d'amour devant mon miroir antique dor\u00e9 dans le couloir. Mes lunettes rondes, mes bretelles et mon n\u0153ud papillon autour du cou sont devenus ma marque de fabrique. Lorsque je me prom\u00e8ne avec plaisir dans les ruelles de la ville, il m'arrive d'\u00eatre reconnu.<\/p>\n<p>Garder les sacs est ma grande passion. J'aime offrir aux gens de la propret\u00e9 et de l'ordre pour leur m\u00e9nage. Je suis particuli\u00e8rement dou\u00e9e pour emp\u00eacher les aliments de se g\u00e2ter et je garde tout frais, propre et croustillant.<\/p>\n<\/div>\n<p>Je suis fabriqu\u00e9 \u00e0 Berneck, dans la vall\u00e9e du Rhin saint-galloise. Mon film d'emballage est produit 100% sans impact sur le climat. Je suis emball\u00e9 par la fondation Arwole \u00e0 Sargans. Des personnes handicap\u00e9es y trouvent leur place. J'y suis emball\u00e9 avec beaucoup de soin.<\/p>\n\n\t\t<\/div>\n\t\t\t\t\n<style>\n#col-322581825 > .col-inner {\n  margin: 0px 0px -20px 0px;\n}\n<\/style>\n\t<\/div>\n\n\t\n\n<\/div>\n<div class=\"row\"  id=\"row-1963714636\">\n\n\n\t<div id=\"col-671867578\" class=\"col medium-3 small-12 large-3\"  >\n\t\t\t\t<div class=\"col-inner\"  >\n\t\t\t\n\t\t\t\n\n<div id=\"cc-m-17578411925\" class=\"j-module n j-hgrid\">\n<div class=\"cc-m-hgrid-column\">\n<div id=\"cc-matrix-5476236525\">\n<div id=\"cc-m-17574821625\" class=\"j-module n j-header\">\n<h2 id=\"cc-m-header-17574821625\"><span style=\"font-size: 110%;\">Fabriqu\u00e9 en Suisse<\/span><\/h2>\n<\/div>\n<\/div>\n<\/div>\n<\/div>\n<div id=\"cc-m-17574821825\" class=\"j-module n j-hgrid\">\n<div class=\"cc-m-hgrid-column\">\n<div id=\"cc-matrix-5475043525\">\n<div id=\"cc-m-17574822025\" class=\"j-module n j-text\">\n<p><b>DESIGN<br \/>\n<\/b>b\u00f6\u00f6rds AG - Suisse - made with love<\/p>\n<p><b>PRODUCTION<br \/>\n<\/b>PME familiales - Suisse orientale - Perfection<\/p>\n<p><strong>EMBALLAGE<br \/>\n<\/strong>climatiquement neutre - Fondation - Int\u00e9gration<\/p>\n<\/div>\n<\/div>\n<\/div>\n<\/div>\n\t<div class=\"img has-hover x md-x lg-x y md-y lg-y\" id=\"image_1154180042\">\n\t\t\t\t\t\t\t\t<div class=\"img-inner dark\" >\n\t\t\t<img loading=\"lazy\" decoding=\"async\" width=\"500\" height=\"862\" src=\"https:\/\/boeoerds.ch\/wp-content\/uploads\/2024\/09\/SWISS-MADE-NEU_SENKRECHT.jpg_500_web.jpg\" class=\"attachment-large size-large\" alt=\"\" srcset=\"https:\/\/boeoerds.ch\/wp-content\/uploads\/2024\/09\/SWISS-MADE-NEU_SENKRECHT.jpg_500_web.jpg 500w, https:\/\/boeoerds.ch\/wp-content\/uploads\/2024\/09\/SWISS-MADE-NEU_SENKRECHT.jpg_500_web-174x300.jpg 174w\" sizes=\"auto, (max-width: 500px) 100vw, 500px\" \/>\t\t\t\t\t\t\n\t\t\t\t\t<\/div>\n\t\t\t\t\t\t\t\t\n<style>\n#image_1154180042 {\n  width: 20%;\n}\n@media (min-width:550px) {\n  #image_1154180042 {\n    width: 20%;\n  }\n}\n<\/style>\n\t<\/div>\n\t\n\n\n\t\t<\/div>\n\t\t\t\t\n<style>\n#col-671867578 > .col-inner {\n  margin: 0px 0px -20px 0px;\n}\n<\/style>\n\t<\/div>\n\n\t\n\n\t<div id=\"col-1557407820\" class=\"col medium-3 small-12 large-3\"  >\n\t\t\t\t<div class=\"col-inner\"  >\n\t\t\t\n\t\t\t\n\n<h2>Design<\/h2>\n<p style=\"text-align: justify;\">Mon apparence, je l'ai\u00a0\u00a0<a title=\"\u00c0 propos de nous\" href=\"\/ueber-uns\/\">Sandra et Chrigi<\/a>\u00a0gr\u00e2ce \u00e0 eux. En tant que fondateurs et propri\u00e9taires de b\u00f6\u00f6rds AG - la jeune start-up - ils m'ont cr\u00e9\u00e9 et con\u00e7u, ainsi que mon emballage, avec beaucoup de d\u00e9vouement, de cr\u00e9ativit\u00e9 et d'amour. Ils m'ont aid\u00e9 \u00e0 cr\u00e9er mon personnage T\u00dcTENH\u00dcTER. Celui-ci a \u00e9t\u00e9 r\u00e9alis\u00e9 \u00e0 la main avec amour par\u00a0<a title=\"http:\/\/matto.ch\/\" href=\"http:\/\/matto.ch\/\" target=\"_blank\" rel=\"noopener noreferrer\">Matto<\/a>un artiste de talent. Nous te remercions, cher Matto, pour ton incroyable talent \u00e0 mettre tous nos souhaits dans un personnage avec autant de justesse.<\/p>\n\n\t\t<\/div>\n\t\t\t\t\n<style>\n#col-1557407820 > .col-inner {\n  margin: 0px 0px -20px 0px;\n}\n<\/style>\n\t<\/div>\n\n\t\n\n\t<div id=\"col-1486622256\" class=\"col medium-3 small-12 large-3\"  >\n\t\t\t\t<div class=\"col-inner\"  >\n\t\t\t\n\t\t\t\n\n<h2 style=\"text-align: left;\">Production<\/h2>\n<p style=\"text-align: justify;\">Je suis incroyablement fier d'\u00eatre produit en Suisse orientale par une PME familiale de deuxi\u00e8me g\u00e9n\u00e9ration, formidable et r\u00e9put\u00e9e. Avec de nombreuses ann\u00e9es d'exp\u00e9rience dans la fabrication de pi\u00e8ces en plastique, ils sont les parfaits artisans pour moi. Le fait que j'ai re\u00e7u ici ma propre forme et que mon nom soit si joliment inscrit sur ma surface un peu rugueuse, je trouve cela tout simplement g\u00e9nial.<\/p>\n\n\t\t<\/div>\n\t\t\t\t\n<style>\n#col-1486622256 > .col-inner {\n  margin: 0px 0px -20px 0px;\n}\n<\/style>\n\t<\/div>\n\n\t\n\n\t<div id=\"col-1605811091\" class=\"col medium-3 small-12 large-3\"  >\n\t\t\t\t<div class=\"col-inner\"  >\n\t\t\t\n\t\t\t\n\n<h2>Emballage<\/h2>\n<div class=\"cc-m-hgrid-column last\">\n<div id=\"cc-matrix-5475103625\">\n<div id=\"cc-m-17575004825\" class=\"j-module n j-text\">\n<p style=\"text-align: justify;\">Il est \u00e9vident pour moi que je suis \u00e9galement conditionn\u00e9 en Suisse. Je passe par les mains merveilleuses des collaborateurs de la fondation\u00a0<a title=\"https:\/\/www.arwole.ch\/\" href=\"https:\/\/www.arwole.ch\/\" target=\"_blank\" rel=\"noopener noreferrer\">Arwole<\/a> \u00e0 Sargans. Le film est imprim\u00e9 en Suisse de mani\u00e8re 100% climatiquement neutre. Savais-tu que ma partie int\u00e9rieure et ma partie ext\u00e9rieure sont embo\u00eet\u00e9es \u00e0 la main et que l'emballage n\u00e9cessite \u00e9galement beaucoup de travail manuel ?<\/p>\n<\/div>\n<\/div>\n<\/div>\n\n\t\t<\/div>\n\t\t\t\t\t<\/div>\n\n\t\n\n<\/div>","protected":false},"excerpt":{"rendered":"<p><strong>Je suis ton syst\u00e8me de fermeture de sac le plus intelligent.<br \/>\n<\/strong>Je ferme herm\u00e9tiquement et de mani\u00e8re \u00e9tanche<br \/>\nJe r\u00e9siste \u00e0 la cong\u00e9lation et au lave-vaisselle<br \/>\nJe suis fonctionnel pour les sacs en aluminium, en papier et en plastique<br \/>Je suis fabriqu\u00e9 en Suisse<\/p>\u2702\ufe0f Le T\u00fctenh\u00fcter pour tous les amateurs de tradition et de d\u00e9coupage !<\/p>\n<p>Le kit comprend<br \/>\n2 x S - 14 cm Blanc \/ Anthracite Impression D\u00e9coupage<br \/>\n2 x M - 18 cm Blanc \/ Anthracite Impression silhouette<br \/>\n2 x L - 22 cm Blanc \/ Anthracite Impression D\u00e9coupage<\/p>","protected":false},"featured_media":54481,"template":"","meta":{"_acf_changed":false},"product_brand":[],"product_cat":[25,154],"product_tag":[],"class_list":{"0":"post-23468","1":"product","2":"type-product","3":"status-publish","4":"has-post-thumbnail","6":"product_cat-sets","7":"product_cat-spezialeditionen","8":"product_shipping_class-brief-4-90","10":"first","11":"instock","12":"taxable","13":"shipping-taxable","14":"purchasable","15":"product-type-simple"},"bundled_by":[],"bundle_stock_status":"instock","bundle_stock_quantity":89,"bundle_virtual":false,"bundle_layout":"","bundle_add_to_cart_form_location":"","bundle_editable_in_cart":false,"bundle_sold_individually_context":"","bundle_item_grouping":"","bundle_min_size":"","bundle_max_size":"","bundle_price":[],"bundled_items":[],"bundle_sell_ids":[],"acf":[],"yoast_head":"<!-- This site is optimized with the Yoast SEO plugin v26.8 - https:\/\/yoast.com\/product\/yoast-seo-wordpress\/ -->\n<title>T\u00dcTENH\u00dcTER - TRADITION | T\u00fctenh\u00fcter | das clevere T\u00fctenverschluss-System<\/title>\n<meta name=\"description\" content=\"T\u00dcTENH\u00dcTER | Das clevere T\u00fctenverschluss-System. Swiss Made. Wasserdicht. Luftdicht. Gefrierfest. Jetzt das Schweizer Original online bestellen.\" \/>\n<meta name=\"robots\" content=\"index, follow, max-snippet:-1, max-image-preview:large, max-video-preview:-1\" \/>\n<link rel=\"canonical\" href=\"https:\/\/boeoerds.ch\/fr\/product\/tuetenhueter-6er-set-tradition\/\" \/>\n<meta property=\"og:locale\" content=\"fr_FR\" \/>\n<meta property=\"og:type\" content=\"article\" \/>\n<meta property=\"og:title\" content=\"T\u00dcTENH\u00dcTER - TRADITION | T\u00fctenh\u00fcter | das clevere T\u00fctenverschluss-System\" \/>\n<meta property=\"og:description\" content=\"T\u00dcTENH\u00dcTER | Das clevere T\u00fctenverschluss-System. Swiss Made. Wasserdicht. Luftdicht. Gefrierfest. Jetzt das Schweizer Original online bestellen.\" \/>\n<meta property=\"og:url\" content=\"https:\/\/boeoerds.ch\/fr\/product\/tuetenhueter-6er-set-tradition\/\" \/>\n<meta property=\"og:site_name\" content=\"T\u00fctenh\u00fcter | das clevere T\u00fctenverschluss-System\" \/>\n<meta property=\"article:publisher\" content=\"https:\/\/www.facebook.com\/B%c3%b6%c3%b6rds_T%c3%bctenh%c3%bcter-1790008597712368\/\" \/>\n<meta property=\"article:modified_time\" content=\"2026-04-17T12:12:21+00:00\" \/>\n<meta property=\"og:image\" content=\"https:\/\/boeoerds.ch\/wp-content\/uploads\/2023\/01\/TUeTENHUeTER-Spezialedition_2026-88-Tradition_NEU_1_1.jpeg\" \/>\n\t<meta property=\"og:image:width\" content=\"1080\" \/>\n\t<meta property=\"og:image:height\" content=\"1080\" \/>\n\t<meta property=\"og:image:type\" content=\"image\/jpeg\" \/>\n<meta name=\"twitter:card\" content=\"summary_large_image\" \/>\n<meta name=\"twitter:label1\" content=\"Dur\u00e9e de lecture estim\u00e9e\" \/>\n\t<meta name=\"twitter:data1\" content=\"2 minutes\" \/>\n<script type=\"application\/ld+json\" class=\"yoast-schema-graph\">{\"@context\":\"https:\/\/schema.org\",\"@graph\":[{\"@type\":\"WebPage\",\"@id\":\"https:\/\/boeoerds.ch\/product\/tuetenhueter-6er-set-tradition\/\",\"url\":\"https:\/\/boeoerds.ch\/product\/tuetenhueter-6er-set-tradition\/\",\"name\":\"T\u00dcTENH\u00dcTER - TRADITION | T\u00fctenh\u00fcter | das clevere T\u00fctenverschluss-System\",\"isPartOf\":{\"@id\":\"https:\/\/boeoerds.ch\/#website\"},\"primaryImageOfPage\":{\"@id\":\"https:\/\/boeoerds.ch\/product\/tuetenhueter-6er-set-tradition\/#primaryimage\"},\"image\":{\"@id\":\"https:\/\/boeoerds.ch\/product\/tuetenhueter-6er-set-tradition\/#primaryimage\"},\"thumbnailUrl\":\"https:\/\/boeoerds.ch\/wp-content\/uploads\/2023\/01\/TUeTENHUeTER-Spezialedition_2026-88-Tradition_NEU_1_1.jpeg\",\"datePublished\":\"2023-01-26T09:10:38+00:00\",\"dateModified\":\"2026-04-17T12:12:21+00:00\",\"description\":\"T\u00dcTENH\u00dcTER | Das clevere T\u00fctenverschluss-System. Swiss Made. Wasserdicht. Luftdicht. Gefrierfest. Jetzt das Schweizer Original online bestellen.\",\"breadcrumb\":{\"@id\":\"https:\/\/boeoerds.ch\/product\/tuetenhueter-6er-set-tradition\/#breadcrumb\"},\"inLanguage\":\"fr-FR\",\"potentialAction\":[{\"@type\":\"ReadAction\",\"target\":[\"https:\/\/boeoerds.ch\/product\/tuetenhueter-6er-set-tradition\/\"]}]},{\"@type\":\"ImageObject\",\"inLanguage\":\"fr-FR\",\"@id\":\"https:\/\/boeoerds.ch\/product\/tuetenhueter-6er-set-tradition\/#primaryimage\",\"url\":\"https:\/\/boeoerds.ch\/wp-content\/uploads\/2023\/01\/TUeTENHUeTER-Spezialedition_2026-88-Tradition_NEU_1_1.jpeg\",\"contentUrl\":\"https:\/\/boeoerds.ch\/wp-content\/uploads\/2023\/01\/TUeTENHUeTER-Spezialedition_2026-88-Tradition_NEU_1_1.jpeg\",\"width\":1080,\"height\":1080},{\"@type\":\"BreadcrumbList\",\"@id\":\"https:\/\/boeoerds.ch\/product\/tuetenhueter-6er-set-tradition\/#breadcrumb\",\"itemListElement\":[{\"@type\":\"ListItem\",\"position\":1,\"name\":\"Online-Shop\",\"item\":\"https:\/\/boeoerds.ch\/shop\/\"},{\"@type\":\"ListItem\",\"position\":2,\"name\":\"T\u00dcTENH\u00dcTER &#8211; TRADITION\"}]},{\"@type\":\"WebSite\",\"@id\":\"https:\/\/boeoerds.ch\/#website\",\"url\":\"https:\/\/boeoerds.ch\/\",\"name\":\"T\u00fctenh\u00fcter | das clevere T\u00fctenverschluss-System\",\"description\":\"T\u00dcTENH\u00dcTER - das clevere T\u00fctenverschluss-System. Swiss Made. Wasserdicht. Luftdicht. Gefrierfest. Jetzt das Schweizer Original online bestellen.\",\"publisher\":{\"@id\":\"https:\/\/boeoerds.ch\/#organization\"},\"potentialAction\":[{\"@type\":\"SearchAction\",\"target\":{\"@type\":\"EntryPoint\",\"urlTemplate\":\"https:\/\/boeoerds.ch\/?s={search_term_string}\"},\"query-input\":{\"@type\":\"PropertyValueSpecification\",\"valueRequired\":true,\"valueName\":\"search_term_string\"}}],\"inLanguage\":\"fr-FR\"},{\"@type\":\"Organization\",\"@id\":\"https:\/\/boeoerds.ch\/#organization\",\"name\":\"b\u00f6\u00f6rds AG\",\"url\":\"https:\/\/boeoerds.ch\/\",\"logo\":{\"@type\":\"ImageObject\",\"inLanguage\":\"fr-FR\",\"@id\":\"https:\/\/boeoerds.ch\/#\/schema\/logo\/image\/\",\"url\":\"https:\/\/boeoerds.ch\/wp-content\/uploads\/2022\/03\/cropped-WhatsApp-Image-2022-03-31-at-09.47.28.jpeg\",\"contentUrl\":\"https:\/\/boeoerds.ch\/wp-content\/uploads\/2022\/03\/cropped-WhatsApp-Image-2022-03-31-at-09.47.28.jpeg\",\"width\":512,\"height\":512,\"caption\":\"b\u00f6\u00f6rds AG\"},\"image\":{\"@id\":\"https:\/\/boeoerds.ch\/#\/schema\/logo\/image\/\"},\"sameAs\":[\"https:\/\/www.facebook.com\/B\u00f6\u00f6rds_T\u00fctenh\u00fcter-1790008597712368\/\",\"https:\/\/www.instagram.com\/boeoerds_tuetenhueter\/?hl=de\",\"https:\/\/www.youtube.com\/channel\/UCdZ4kOjlZLThuAsbAH__Pug\"]}]}<\/script>\n<!-- \/ Yoast SEO plugin. -->","yoast_head_json":{"title":"T\u00dcTENH\u00dcTER - TRADITION | T\u00fctenh\u00fcter | das clevere T\u00fctenverschluss-System","description":"T\u00dcTENH\u00dcTER | Le syst\u00e8me astucieux de fermeture des sacs. Fabriqu\u00e9 en Suisse. \u00c9tanche \u00e0 l'eau. \u00c9tanche \u00e0 l'air. R\u00e9sistant \u00e0 la cong\u00e9lation. Commandez maintenant l'original suisse en ligne.","robots":{"index":"index","follow":"follow","max-snippet":"max-snippet:-1","max-image-preview":"max-image-preview:large","max-video-preview":"max-video-preview:-1"},"canonical":"https:\/\/boeoerds.ch\/fr\/product\/tuetenhueter-6er-set-tradition\/","og_locale":"fr_FR","og_type":"article","og_title":"T\u00dcTENH\u00dcTER - TRADITION | T\u00fctenh\u00fcter | das clevere T\u00fctenverschluss-System","og_description":"T\u00dcTENH\u00dcTER | Das clevere T\u00fctenverschluss-System. Swiss Made. Wasserdicht. Luftdicht. Gefrierfest. Jetzt das Schweizer Original online bestellen.","og_url":"https:\/\/boeoerds.ch\/fr\/product\/tuetenhueter-6er-set-tradition\/","og_site_name":"T\u00fctenh\u00fcter | das clevere T\u00fctenverschluss-System","article_publisher":"https:\/\/www.facebook.com\/B%c3%b6%c3%b6rds_T%c3%bctenh%c3%bcter-1790008597712368\/","article_modified_time":"2026-04-17T12:12:21+00:00","og_image":[{"width":1080,"height":1080,"url":"https:\/\/boeoerds.ch\/wp-content\/uploads\/2023\/01\/TUeTENHUeTER-Spezialedition_2026-88-Tradition_NEU_1_1.jpeg","type":"image\/jpeg"}],"twitter_card":"summary_large_image","twitter_misc":{"Dur\u00e9e de lecture estim\u00e9e":"2 minutes"},"schema":{"@context":"https:\/\/schema.org","@graph":[{"@type":"WebPage","@id":"https:\/\/boeoerds.ch\/product\/tuetenhueter-6er-set-tradition\/","url":"https:\/\/boeoerds.ch\/product\/tuetenhueter-6er-set-tradition\/","name":"T\u00dcTENH\u00dcTER - TRADITION | T\u00fctenh\u00fcter | das clevere T\u00fctenverschluss-System","isPartOf":{"@id":"https:\/\/boeoerds.ch\/#website"},"primaryImageOfPage":{"@id":"https:\/\/boeoerds.ch\/product\/tuetenhueter-6er-set-tradition\/#primaryimage"},"image":{"@id":"https:\/\/boeoerds.ch\/product\/tuetenhueter-6er-set-tradition\/#primaryimage"},"thumbnailUrl":"https:\/\/boeoerds.ch\/wp-content\/uploads\/2023\/01\/TUeTENHUeTER-Spezialedition_2026-88-Tradition_NEU_1_1.jpeg","datePublished":"2023-01-26T09:10:38+00:00","dateModified":"2026-04-17T12:12:21+00:00","description":"T\u00dcTENH\u00dcTER | Le syst\u00e8me astucieux de fermeture des sacs. Fabriqu\u00e9 en Suisse. \u00c9tanche \u00e0 l'eau. \u00c9tanche \u00e0 l'air. R\u00e9sistant \u00e0 la cong\u00e9lation. Commandez maintenant l'original suisse en ligne.","breadcrumb":{"@id":"https:\/\/boeoerds.ch\/product\/tuetenhueter-6er-set-tradition\/#breadcrumb"},"inLanguage":"fr-FR","potentialAction":[{"@type":"ReadAction","target":["https:\/\/boeoerds.ch\/product\/tuetenhueter-6er-set-tradition\/"]}]},{"@type":"ImageObject","inLanguage":"fr-FR","@id":"https:\/\/boeoerds.ch\/product\/tuetenhueter-6er-set-tradition\/#primaryimage","url":"https:\/\/boeoerds.ch\/wp-content\/uploads\/2023\/01\/TUeTENHUeTER-Spezialedition_2026-88-Tradition_NEU_1_1.jpeg","contentUrl":"https:\/\/boeoerds.ch\/wp-content\/uploads\/2023\/01\/TUeTENHUeTER-Spezialedition_2026-88-Tradition_NEU_1_1.jpeg","width":1080,"height":1080},{"@type":"BreadcrumbList","@id":"https:\/\/boeoerds.ch\/product\/tuetenhueter-6er-set-tradition\/#breadcrumb","itemListElement":[{"@type":"ListItem","position":1,"name":"Online-Shop","item":"https:\/\/boeoerds.ch\/shop\/"},{"@type":"ListItem","position":2,"name":"T\u00dcTENH\u00dcTER &#8211; TRADITION"}]},{"@type":"WebSite","@id":"https:\/\/boeoerds.ch\/#website","url":"https:\/\/boeoerds.ch\/","name":"T\u00fctenh\u00fcter | le syst\u00e8me astucieux de fermeture des sacs","description":"T\u00dcTENH\u00dcTER - le syst\u00e8me astucieux de fermeture des sachets. Fabriqu\u00e9 en Suisse. \u00c9tanche \u00e0 l'eau. \u00c9tanche \u00e0 l'air. R\u00e9sistant \u00e0 la cong\u00e9lation. Commandez maintenant l'original suisse en ligne.","publisher":{"@id":"https:\/\/boeoerds.ch\/#organization"},"potentialAction":[{"@type":"SearchAction","target":{"@type":"EntryPoint","urlTemplate":"https:\/\/boeoerds.ch\/?s={search_term_string}"},"query-input":{"@type":"PropertyValueSpecification","valueRequired":true,"valueName":"search_term_string"}}],"inLanguage":"fr-FR"},{"@type":"Organization","@id":"https:\/\/boeoerds.ch\/#organization","name":"b\u00f6\u00f6rds AG","url":"https:\/\/boeoerds.ch\/","logo":{"@type":"ImageObject","inLanguage":"fr-FR","@id":"https:\/\/boeoerds.ch\/#\/schema\/logo\/image\/","url":"https:\/\/boeoerds.ch\/wp-content\/uploads\/2022\/03\/cropped-WhatsApp-Image-2022-03-31-at-09.47.28.jpeg","contentUrl":"https:\/\/boeoerds.ch\/wp-content\/uploads\/2022\/03\/cropped-WhatsApp-Image-2022-03-31-at-09.47.28.jpeg","width":512,"height":512,"caption":"b\u00f6\u00f6rds AG"},"image":{"@id":"https:\/\/boeoerds.ch\/#\/schema\/logo\/image\/"},"sameAs":["https:\/\/www.facebook.com\/B\u00f6\u00f6rds_T\u00fctenh\u00fcter-1790008597712368\/","https:\/\/www.instagram.com\/boeoerds_tuetenhueter\/?hl=de","https:\/\/www.youtube.com\/channel\/UCdZ4kOjlZLThuAsbAH__Pug"]}]}},"_links":{"self":[{"href":"https:\/\/boeoerds.ch\/fr\/wp-json\/wp\/v2\/product\/23468","targetHints":{"allow":["GET"]}}],"collection":[{"href":"https:\/\/boeoerds.ch\/fr\/wp-json\/wp\/v2\/product"}],"about":[{"href":"https:\/\/boeoerds.ch\/fr\/wp-json\/wp\/v2\/types\/product"}],"wp:featuredmedia":[{"embeddable":true,"href":"https:\/\/boeoerds.ch\/fr\/wp-json\/wp\/v2\/media\/54481"}],"wp:attachment":[{"href":"https:\/\/boeoerds.ch\/fr\/wp-json\/wp\/v2\/media?parent=23468"}],"wp:term":[{"taxonomy":"product_brand","embeddable":true,"href":"https:\/\/boeoerds.ch\/fr\/wp-json\/wp\/v2\/product_brand?post=23468"},{"taxonomy":"product_cat","embeddable":true,"href":"https:\/\/boeoerds.ch\/fr\/wp-json\/wp\/v2\/product_cat?post=23468"},{"taxonomy":"product_tag","embeddable":true,"href":"https:\/\/boeoerds.ch\/fr\/wp-json\/wp\/v2\/product_tag?post=23468"}],"curies":[{"name":"wp","href":"https:\/\/api.w.org\/{rel}","templated":true}]}}