{"id":23198,"date":"2023-01-14T14:47:55","date_gmt":"2023-01-14T13:47:55","guid":{"rendered":"https:\/\/boeoerds.ch\/?post_type=product&#038;p=23198"},"modified":"2026-04-22T17:35:06","modified_gmt":"2026-04-22T15:35:06","slug":"personalisiert-dose","status":"publish","type":"product","link":"https:\/\/boeoerds.ch\/fr\/product\/personalisiert-dose\/","title":{"rendered":"Personnalis\u00e9 : DOSE ORIGINALE"},"content":{"rendered":"<div class=\"bx-flex-block bx-shrink bx-flex-align-middle-left\">\n<h3 class=\"LC20lb MBeuO DKV0Md\">\u2764\ufe0f\u00a0<strong>L'histoire d'amour<\/strong><\/h3>\n<p>Pouvons-nous nous pr\u00e9senter ? Nous sommes le TUBESCHRUBERI et le T\u00dcTENH\u00dcTER. Lors de notre toute premi\u00e8re rencontre - dans une cuisine bien rang\u00e9e et styl\u00e9e - nous sommes tomb\u00e9s \u00e9perdument amoureux l'un de l'autre. Nous sommes tous les deux de v\u00e9ritables \"B\u00fcnzli-Schwizer\", nous aimons les lessives chaudes dans le lave-vaisselle et ensemble, nous traversons les \u00e9preuves. Ensemble, nous formons une \u00e9quipe imbattable et sauvons avec passion les aliments en tubes et en sachets. Pendant quelques semaines, nous avons v\u00e9cu une relation \u00e0 distance. Je vis avec les tubes dans le r\u00e9frig\u00e9rateur, alors que mon \"petit tr\u00e9sor\" vit dans le \"Chuchich\u00e4stli\". Mais le week-end, il vient volontiers me rendre visite et garde avec amour les sachets de mozzarella et de fromage \u00e0 mes c\u00f4t\u00e9s. Parfois, le T\u00dcTENH\u00dcTER s'enfuit et garde des sacs dans le cong\u00e9lateur par un froid glacial. Mais \u00e0 chaque fois que la lumi\u00e8re s'\u00e9teint, nous nous blottissons l'un contre l'autre et profitons de notre jeune amour.<\/p>\n<p>&nbsp;<\/p>\n<\/div>\n<div class=\"bx-flex-block bx-halftop-margin bx-flex-align-middle-left\"><\/div>","protected":false},"excerpt":{"rendered":"<p>Tu peux aussi utiliser notre bo\u00eete cool de 12 pi\u00e8ces <strong>PERSONNALIS\u00c9\u00a0<\/strong>se r\u00e9f\u00e8rent :<\/p>\n<p>Pour cela, ins\u00e8re un nom ou un texte court de 15 caract\u00e8res maximum.<\/p>\n<p>Carmen et Urs impriment ensuite \u00e0 la main, avec amour, chaque T\u00fctenh\u00fcter et Tubeschruberi, au verso, selon tes souhaits.<br \/>\nTu recevras ta bo\u00eete personnalis\u00e9e dans un colis s\u00e9par\u00e9 dans un d\u00e9lai de 2 \u00e0 4 jours ouvrables.<br \/>\nNaturellement Swiss Made \ud83c\udde8\ud83c\udded.<\/p>\n<p>PORTOFREE<\/p>\n<div style=\"margin-top: -30px;\"><div class=\"accordion\">\n\t<div id=\"accordion-2894697012\" class=\"accordion-item\">\n\t\t<a id=\"accordion-2894697012-label\" class=\"accordion-title plain\" href=\"#accordion-item-weitere-infos-zum-inhalt\" aria-expanded=\"false\" aria-controls=\"accordion-2894697012-content\">\n\t\t\t<button class=\"toggle\" aria-label=\"Basculer\"><i class=\"icon-angle-down\" aria-hidden=\"true\"><\/i><\/button>\n\t\t\t<span>Plus d'informations sur le contenu<\/span>\n\t\t<\/a>\n\t\t<div id=\"accordion-2894697012-content\" class=\"accordion-inner\" aria-labelledby=\"accordion-2894697012-label\">\n\t\t\t\n<div>Nous sommes ton syst\u00e8me intelligent de fermeture de sac et de rotation de tube - la bo\u00eete contient :<\/div>\n<p>1 x XXS - 7 cm Blanc<br \/>\n1 x XS - 10 cm Cr\u00e8me<br \/>\n1 x S - 14 cm vert clair<br \/>\n1 x S - 14 cm saumon<br \/>\n1 x M - 18 cm Turquoise<br \/>\n1 x M - 18 cm corail<br \/>\n1 x L - 22 cm bleu clair<br \/>\n1 x L - 22 cm Bordeaux<br \/>\n1 x XXL 29 cm violet<br \/>\n2 x Tubeschruberi - poign\u00e9e<\/p>\n<p>Nous sommes fabriqu\u00e9s en SUISSE \ud83c\udde8\ud83c\udded - nous sommes certifi\u00e9s SWISS LABEL<\/p>\n<p>Id\u00e9al \u00e9galement comme bo\u00eete de rangement.<\/p>\n<div class=\"row align-middle\"  id=\"row-2141558075\">\r\n\r\n\n\t<div id=\"col-310503831\" class=\"col medium-2 small-4 large-2\"  >\n\t\t\t\t<div class=\"col-inner\"  >\n\t\t\t\n\t\t\t\r\n\r\n\t<div class=\"img has-hover x md-x lg-x y md-y lg-y\" id=\"image_2057349743\">\n\t\t<a class=\"\" href=\"https:\/\/boeoerds.ch\/wp-content\/uploads\/2025\/02\/boeoerds-Erklaervideo-Original-Franzoesisch.mp4\" >\t\t\t\t\t\t<div class=\"img-inner dark\" >\n\t\t\t<img width=\"300\" height=\"300\" src=\"https:\/\/boeoerds.ch\/wp-content\/uploads\/2023\/06\/13.06.23-boeoerds-Tuetenhueter-Erklaervideo-Vorschau.jpg\" class=\"attachment-large size-large\" alt=\"\" decoding=\"async\" loading=\"lazy\" srcset=\"https:\/\/boeoerds.ch\/wp-content\/uploads\/2023\/06\/13.06.23-boeoerds-Tuetenhueter-Erklaervideo-Vorschau.jpg 300w, https:\/\/boeoerds.ch\/wp-content\/uploads\/2023\/06\/13.06.23-boeoerds-Tuetenhueter-Erklaervideo-Vorschau-150x150.jpg 150w, https:\/\/boeoerds.ch\/wp-content\/uploads\/2023\/06\/13.06.23-boeoerds-Tuetenhueter-Erklaervideo-Vorschau-100x100.jpg 100w\" sizes=\"auto, (max-width: 300px) 100vw, 300px\" \/>\t\t\t\t\t\t\n\t\t\t\t\t<\/div>\n\t\t\t\t\t\t<\/a>\t\t\n<style>\n#image_2057349743 {\n  width: 100%;\n}\n<\/style>\n\t<\/div>\n\t\r\n\r\n\t\t<\/div>\n\t\t\t\t\t<\/div>\n\n\t\r\n\n\t<div id=\"col-52617762\" class=\"col medium-7 small-7 large-7\"  >\n\t\t\t\t<div class=\"col-inner\"  >\n\t\t\t\n\t\t\t\r\n\r\n<a href=\"https:\/\/boeoerds.ch\/wp-content\/uploads\/2025\/02\/boeoerds-Erklaervideo-Original-Franzoesisch.mp4\" style=\"color: #88b4ae; text-decoration: underline;\">C'est aussi simple que \u00e7a - en savoir plus dans la vid\u00e9o<\/a>\r\n\r\n\t\t<\/div>\n\t\t\t\t\t<\/div>\n\n\t\r\n\r\n<\/div>\n\t\t<\/div>\n\t<\/div>\n\t\n<\/div>\n<p>&nbsp;<\/p>\n<\/div>\n<p>&nbsp;<\/p>","protected":false},"featured_media":48386,"template":"","meta":{"_acf_changed":false},"product_brand":[],"product_cat":[25,15,147,162],"product_tag":[],"class_list":{"0":"post-23198","1":"product","2":"type-product","3":"status-publish","4":"has-post-thumbnail","6":"product_cat-sets","7":"product_cat-tubeschruberi","8":"product_cat-geschenkdose","9":"product_cat-personalisierte-produkte","10":"product_shipping_class-paket-9-50","12":"first","13":"instock","14":"taxable","15":"shipping-taxable","16":"purchasable","17":"product-type-simple"},"bundled_by":[],"bundle_stock_status":"instock","bundle_stock_quantity":null,"bundle_virtual":false,"bundle_layout":"","bundle_add_to_cart_form_location":"","bundle_editable_in_cart":false,"bundle_sold_individually_context":"","bundle_item_grouping":"","bundle_min_size":"","bundle_max_size":"","bundle_price":[],"bundled_items":[],"bundle_sell_ids":[],"acf":[],"yoast_head":"<!-- This site is optimized with the Yoast SEO plugin v26.8 - https:\/\/yoast.com\/product\/yoast-seo-wordpress\/ -->\n<title>Personalisiert: DOSE ORIGINAL | T\u00fctenh\u00fcter | das clevere T\u00fctenverschluss-System<\/title>\n<meta name=\"description\" content=\"T\u00dcTENH\u00dcTER | Das clevere T\u00fctenverschluss-System. Swiss Made. Wasserdicht. Luftdicht. Gefrierfest. Jetzt das Schweizer Original online bestellen.\" \/>\n<meta name=\"robots\" content=\"index, follow, max-snippet:-1, max-image-preview:large, max-video-preview:-1\" \/>\n<link rel=\"canonical\" href=\"https:\/\/boeoerds.ch\/fr\/product\/personalisiert-dose\/\" \/>\n<meta property=\"og:locale\" content=\"fr_FR\" \/>\n<meta property=\"og:type\" content=\"article\" \/>\n<meta property=\"og:title\" content=\"Personalisiert: DOSE ORIGINAL | T\u00fctenh\u00fcter | das clevere T\u00fctenverschluss-System\" \/>\n<meta property=\"og:description\" content=\"T\u00dcTENH\u00dcTER | Das clevere T\u00fctenverschluss-System. Swiss Made. Wasserdicht. Luftdicht. Gefrierfest. Jetzt das Schweizer Original online bestellen.\" \/>\n<meta property=\"og:url\" content=\"https:\/\/boeoerds.ch\/fr\/product\/personalisiert-dose\/\" \/>\n<meta property=\"og:site_name\" content=\"T\u00fctenh\u00fcter | das clevere T\u00fctenverschluss-System\" \/>\n<meta property=\"article:publisher\" content=\"https:\/\/www.facebook.com\/B%c3%b6%c3%b6rds_T%c3%bctenh%c3%bcter-1790008597712368\/\" \/>\n<meta property=\"article:modified_time\" content=\"2026-04-22T15:35:06+00:00\" \/>\n<meta property=\"og:image\" content=\"https:\/\/boeoerds.ch\/wp-content\/uploads\/2023\/01\/Individualisierung-11-Dose-mit-Wunschtext.jpeg\" \/>\n\t<meta property=\"og:image:width\" content=\"1080\" \/>\n\t<meta property=\"og:image:height\" content=\"1080\" \/>\n\t<meta property=\"og:image:type\" content=\"image\/jpeg\" \/>\n<meta name=\"twitter:card\" content=\"summary_large_image\" \/>\n<meta name=\"twitter:label1\" content=\"Dur\u00e9e de lecture estim\u00e9e\" \/>\n\t<meta name=\"twitter:data1\" content=\"2 minutes\" \/>\n<script type=\"application\/ld+json\" class=\"yoast-schema-graph\">{\"@context\":\"https:\/\/schema.org\",\"@graph\":[{\"@type\":\"WebPage\",\"@id\":\"https:\/\/boeoerds.ch\/product\/personalisiert-dose\/\",\"url\":\"https:\/\/boeoerds.ch\/product\/personalisiert-dose\/\",\"name\":\"Personalisiert: DOSE ORIGINAL | T\u00fctenh\u00fcter | das clevere T\u00fctenverschluss-System\",\"isPartOf\":{\"@id\":\"https:\/\/boeoerds.ch\/#website\"},\"primaryImageOfPage\":{\"@id\":\"https:\/\/boeoerds.ch\/product\/personalisiert-dose\/#primaryimage\"},\"image\":{\"@id\":\"https:\/\/boeoerds.ch\/product\/personalisiert-dose\/#primaryimage\"},\"thumbnailUrl\":\"https:\/\/boeoerds.ch\/wp-content\/uploads\/2023\/01\/Individualisierung-11-Dose-mit-Wunschtext.jpeg\",\"datePublished\":\"2023-01-14T13:47:55+00:00\",\"dateModified\":\"2026-04-22T15:35:06+00:00\",\"description\":\"T\u00dcTENH\u00dcTER | Das clevere T\u00fctenverschluss-System. Swiss Made. Wasserdicht. Luftdicht. Gefrierfest. Jetzt das Schweizer Original online bestellen.\",\"breadcrumb\":{\"@id\":\"https:\/\/boeoerds.ch\/product\/personalisiert-dose\/#breadcrumb\"},\"inLanguage\":\"fr-FR\",\"potentialAction\":[{\"@type\":\"ReadAction\",\"target\":[\"https:\/\/boeoerds.ch\/product\/personalisiert-dose\/\"]}]},{\"@type\":\"ImageObject\",\"inLanguage\":\"fr-FR\",\"@id\":\"https:\/\/boeoerds.ch\/product\/personalisiert-dose\/#primaryimage\",\"url\":\"https:\/\/boeoerds.ch\/wp-content\/uploads\/2023\/01\/Individualisierung-11-Dose-mit-Wunschtext.jpeg\",\"contentUrl\":\"https:\/\/boeoerds.ch\/wp-content\/uploads\/2023\/01\/Individualisierung-11-Dose-mit-Wunschtext.jpeg\",\"width\":1080,\"height\":1080},{\"@type\":\"BreadcrumbList\",\"@id\":\"https:\/\/boeoerds.ch\/product\/personalisiert-dose\/#breadcrumb\",\"itemListElement\":[{\"@type\":\"ListItem\",\"position\":1,\"name\":\"Online-Shop\",\"item\":\"https:\/\/boeoerds.ch\/shop\/\"},{\"@type\":\"ListItem\",\"position\":2,\"name\":\"Personalisiert: DOSE ORIGINAL\"}]},{\"@type\":\"WebSite\",\"@id\":\"https:\/\/boeoerds.ch\/#website\",\"url\":\"https:\/\/boeoerds.ch\/\",\"name\":\"T\u00fctenh\u00fcter | das clevere T\u00fctenverschluss-System\",\"description\":\"T\u00dcTENH\u00dcTER - das clevere T\u00fctenverschluss-System. Swiss Made. Wasserdicht. Luftdicht. Gefrierfest. Jetzt das Schweizer Original online bestellen.\",\"publisher\":{\"@id\":\"https:\/\/boeoerds.ch\/#organization\"},\"potentialAction\":[{\"@type\":\"SearchAction\",\"target\":{\"@type\":\"EntryPoint\",\"urlTemplate\":\"https:\/\/boeoerds.ch\/?s={search_term_string}\"},\"query-input\":{\"@type\":\"PropertyValueSpecification\",\"valueRequired\":true,\"valueName\":\"search_term_string\"}}],\"inLanguage\":\"fr-FR\"},{\"@type\":\"Organization\",\"@id\":\"https:\/\/boeoerds.ch\/#organization\",\"name\":\"b\u00f6\u00f6rds AG\",\"url\":\"https:\/\/boeoerds.ch\/\",\"logo\":{\"@type\":\"ImageObject\",\"inLanguage\":\"fr-FR\",\"@id\":\"https:\/\/boeoerds.ch\/#\/schema\/logo\/image\/\",\"url\":\"https:\/\/boeoerds.ch\/wp-content\/uploads\/2022\/03\/cropped-WhatsApp-Image-2022-03-31-at-09.47.28.jpeg\",\"contentUrl\":\"https:\/\/boeoerds.ch\/wp-content\/uploads\/2022\/03\/cropped-WhatsApp-Image-2022-03-31-at-09.47.28.jpeg\",\"width\":512,\"height\":512,\"caption\":\"b\u00f6\u00f6rds AG\"},\"image\":{\"@id\":\"https:\/\/boeoerds.ch\/#\/schema\/logo\/image\/\"},\"sameAs\":[\"https:\/\/www.facebook.com\/B\u00f6\u00f6rds_T\u00fctenh\u00fcter-1790008597712368\/\",\"https:\/\/www.instagram.com\/boeoerds_tuetenhueter\/?hl=de\",\"https:\/\/www.youtube.com\/channel\/UCdZ4kOjlZLThuAsbAH__Pug\"]}]}<\/script>\n<!-- \/ Yoast SEO plugin. -->","yoast_head_json":{"title":"Personalisiert: DOSE ORIGINAL | T\u00fctenh\u00fcter | das clevere T\u00fctenverschluss-System","description":"T\u00dcTENH\u00dcTER | Le syst\u00e8me astucieux de fermeture des sacs. Fabriqu\u00e9 en Suisse. \u00c9tanche \u00e0 l'eau. \u00c9tanche \u00e0 l'air. R\u00e9sistant \u00e0 la cong\u00e9lation. Commandez maintenant l'original suisse en ligne.","robots":{"index":"index","follow":"follow","max-snippet":"max-snippet:-1","max-image-preview":"max-image-preview:large","max-video-preview":"max-video-preview:-1"},"canonical":"https:\/\/boeoerds.ch\/fr\/product\/personalisiert-dose\/","og_locale":"fr_FR","og_type":"article","og_title":"Personalisiert: DOSE ORIGINAL | T\u00fctenh\u00fcter | das clevere T\u00fctenverschluss-System","og_description":"T\u00dcTENH\u00dcTER | Das clevere T\u00fctenverschluss-System. Swiss Made. Wasserdicht. Luftdicht. Gefrierfest. Jetzt das Schweizer Original online bestellen.","og_url":"https:\/\/boeoerds.ch\/fr\/product\/personalisiert-dose\/","og_site_name":"T\u00fctenh\u00fcter | das clevere T\u00fctenverschluss-System","article_publisher":"https:\/\/www.facebook.com\/B%c3%b6%c3%b6rds_T%c3%bctenh%c3%bcter-1790008597712368\/","article_modified_time":"2026-04-22T15:35:06+00:00","og_image":[{"width":1080,"height":1080,"url":"https:\/\/boeoerds.ch\/wp-content\/uploads\/2023\/01\/Individualisierung-11-Dose-mit-Wunschtext.jpeg","type":"image\/jpeg"}],"twitter_card":"summary_large_image","twitter_misc":{"Dur\u00e9e de lecture estim\u00e9e":"2 minutes"},"schema":{"@context":"https:\/\/schema.org","@graph":[{"@type":"WebPage","@id":"https:\/\/boeoerds.ch\/product\/personalisiert-dose\/","url":"https:\/\/boeoerds.ch\/product\/personalisiert-dose\/","name":"Personalisiert: DOSE ORIGINAL | T\u00fctenh\u00fcter | das clevere T\u00fctenverschluss-System","isPartOf":{"@id":"https:\/\/boeoerds.ch\/#website"},"primaryImageOfPage":{"@id":"https:\/\/boeoerds.ch\/product\/personalisiert-dose\/#primaryimage"},"image":{"@id":"https:\/\/boeoerds.ch\/product\/personalisiert-dose\/#primaryimage"},"thumbnailUrl":"https:\/\/boeoerds.ch\/wp-content\/uploads\/2023\/01\/Individualisierung-11-Dose-mit-Wunschtext.jpeg","datePublished":"2023-01-14T13:47:55+00:00","dateModified":"2026-04-22T15:35:06+00:00","description":"T\u00dcTENH\u00dcTER | Le syst\u00e8me astucieux de fermeture des sacs. Fabriqu\u00e9 en Suisse. \u00c9tanche \u00e0 l'eau. \u00c9tanche \u00e0 l'air. R\u00e9sistant \u00e0 la cong\u00e9lation. Commandez maintenant l'original suisse en ligne.","breadcrumb":{"@id":"https:\/\/boeoerds.ch\/product\/personalisiert-dose\/#breadcrumb"},"inLanguage":"fr-FR","potentialAction":[{"@type":"ReadAction","target":["https:\/\/boeoerds.ch\/product\/personalisiert-dose\/"]}]},{"@type":"ImageObject","inLanguage":"fr-FR","@id":"https:\/\/boeoerds.ch\/product\/personalisiert-dose\/#primaryimage","url":"https:\/\/boeoerds.ch\/wp-content\/uploads\/2023\/01\/Individualisierung-11-Dose-mit-Wunschtext.jpeg","contentUrl":"https:\/\/boeoerds.ch\/wp-content\/uploads\/2023\/01\/Individualisierung-11-Dose-mit-Wunschtext.jpeg","width":1080,"height":1080},{"@type":"BreadcrumbList","@id":"https:\/\/boeoerds.ch\/product\/personalisiert-dose\/#breadcrumb","itemListElement":[{"@type":"ListItem","position":1,"name":"Online-Shop","item":"https:\/\/boeoerds.ch\/shop\/"},{"@type":"ListItem","position":2,"name":"Personalisiert: DOSE ORIGINAL"}]},{"@type":"WebSite","@id":"https:\/\/boeoerds.ch\/#website","url":"https:\/\/boeoerds.ch\/","name":"T\u00fctenh\u00fcter | le syst\u00e8me astucieux de fermeture des sacs","description":"T\u00dcTENH\u00dcTER - le syst\u00e8me astucieux de fermeture des sachets. Fabriqu\u00e9 en Suisse. \u00c9tanche \u00e0 l'eau. \u00c9tanche \u00e0 l'air. R\u00e9sistant \u00e0 la cong\u00e9lation. Commandez maintenant l'original suisse en ligne.","publisher":{"@id":"https:\/\/boeoerds.ch\/#organization"},"potentialAction":[{"@type":"SearchAction","target":{"@type":"EntryPoint","urlTemplate":"https:\/\/boeoerds.ch\/?s={search_term_string}"},"query-input":{"@type":"PropertyValueSpecification","valueRequired":true,"valueName":"search_term_string"}}],"inLanguage":"fr-FR"},{"@type":"Organization","@id":"https:\/\/boeoerds.ch\/#organization","name":"b\u00f6\u00f6rds AG","url":"https:\/\/boeoerds.ch\/","logo":{"@type":"ImageObject","inLanguage":"fr-FR","@id":"https:\/\/boeoerds.ch\/#\/schema\/logo\/image\/","url":"https:\/\/boeoerds.ch\/wp-content\/uploads\/2022\/03\/cropped-WhatsApp-Image-2022-03-31-at-09.47.28.jpeg","contentUrl":"https:\/\/boeoerds.ch\/wp-content\/uploads\/2022\/03\/cropped-WhatsApp-Image-2022-03-31-at-09.47.28.jpeg","width":512,"height":512,"caption":"b\u00f6\u00f6rds AG"},"image":{"@id":"https:\/\/boeoerds.ch\/#\/schema\/logo\/image\/"},"sameAs":["https:\/\/www.facebook.com\/B\u00f6\u00f6rds_T\u00fctenh\u00fcter-1790008597712368\/","https:\/\/www.instagram.com\/boeoerds_tuetenhueter\/?hl=de","https:\/\/www.youtube.com\/channel\/UCdZ4kOjlZLThuAsbAH__Pug"]}]}},"_links":{"self":[{"href":"https:\/\/boeoerds.ch\/fr\/wp-json\/wp\/v2\/product\/23198","targetHints":{"allow":["GET"]}}],"collection":[{"href":"https:\/\/boeoerds.ch\/fr\/wp-json\/wp\/v2\/product"}],"about":[{"href":"https:\/\/boeoerds.ch\/fr\/wp-json\/wp\/v2\/types\/product"}],"wp:featuredmedia":[{"embeddable":true,"href":"https:\/\/boeoerds.ch\/fr\/wp-json\/wp\/v2\/media\/48386"}],"wp:attachment":[{"href":"https:\/\/boeoerds.ch\/fr\/wp-json\/wp\/v2\/media?parent=23198"}],"wp:term":[{"taxonomy":"product_brand","embeddable":true,"href":"https:\/\/boeoerds.ch\/fr\/wp-json\/wp\/v2\/product_brand?post=23198"},{"taxonomy":"product_cat","embeddable":true,"href":"https:\/\/boeoerds.ch\/fr\/wp-json\/wp\/v2\/product_cat?post=23198"},{"taxonomy":"product_tag","embeddable":true,"href":"https:\/\/boeoerds.ch\/fr\/wp-json\/wp\/v2\/product_tag?post=23198"}],"curies":[{"name":"wp","href":"https:\/\/api.w.org\/{rel}","templated":true}]}}