{"id":11471,"date":"2021-10-11T10:47:19","date_gmt":"2021-10-11T08:47:19","guid":{"rendered":"https:\/\/boeoerds.ch\/?post_type=product&#038;p=11471"},"modified":"2026-04-12T08:59:51","modified_gmt":"2026-04-12T06:59:51","slug":"tubeschruberi-3er-set","status":"publish","type":"product","link":"https:\/\/boeoerds.ch\/fr\/product\/tubeschruberi-3er-set\/","title":{"rendered":"TUBESCHRUBERI Set de 3 pi\u00e8ces"},"content":{"rendered":"<div class=\"row align-middle align-center\"  id=\"row-1529792586\">\n\n\t<div id=\"col-1049693024\" class=\"col medium-3 small-6 large-3\"  >\n\t\t\t\t<div class=\"col-inner\"  >\n\t\t\t\n\t\t\t\n\t<div class=\"img has-hover x md-x lg-x y md-y lg-y\" id=\"image_7636620\">\n\t\t\t\t\t\t\t\t<div class=\"img-inner dark\" >\n\t\t\t<img loading=\"lazy\" decoding=\"async\" width=\"300\" height=\"300\" src=\"https:\/\/boeoerds.ch\/wp-content\/uploads\/2022\/03\/Tubeschruberi_kleiner-1-300x300.png\" class=\"attachment-medium size-medium\" alt=\"\" srcset=\"https:\/\/boeoerds.ch\/wp-content\/uploads\/2022\/03\/Tubeschruberi_kleiner-1-300x300.png 300w, https:\/\/boeoerds.ch\/wp-content\/uploads\/2022\/03\/Tubeschruberi_kleiner-1-600x600.png 600w, https:\/\/boeoerds.ch\/wp-content\/uploads\/2022\/03\/Tubeschruberi_kleiner-1-100x100.png 100w, https:\/\/boeoerds.ch\/wp-content\/uploads\/2022\/03\/Tubeschruberi_kleiner-1-800x800.png 800w, https:\/\/boeoerds.ch\/wp-content\/uploads\/2022\/03\/Tubeschruberi_kleiner-1-1024x1024.png 1024w, https:\/\/boeoerds.ch\/wp-content\/uploads\/2022\/03\/Tubeschruberi_kleiner-1-150x150.png 150w, https:\/\/boeoerds.ch\/wp-content\/uploads\/2022\/03\/Tubeschruberi_kleiner-1-768x768.png 768w, https:\/\/boeoerds.ch\/wp-content\/uploads\/2022\/03\/Tubeschruberi_kleiner-1.png 1172w\" sizes=\"auto, (max-width: 300px) 100vw, 300px\" \/>\t\t\t\t\t\t\n\t\t\t\t\t<\/div>\n\t\t\t\t\t\t\t\t\n<style>\n#image_7636620 {\n  width: 100%;\n}\n<\/style>\n\t<\/div>\n\t\n\t\t<\/div>\n\t\t\t\t\t<\/div>\n\n\t\n\n\t<div id=\"col-1853210063\" class=\"col medium-9 small-12 large-9\"  >\n\t\t\t\t<div class=\"col-inner\"  >\n\t\t\t\n\t\t\t\n<p>Permettez-moi de me pr\u00e9senter : je suis la Tubeschruberi et je suis tomb\u00e9e follement amoureuse de la T\u00fctenh\u00fcter. Le fait qu'il sache si bien garder les sacs me fait fr\u00e9mir et je trouve sa moustache branch\u00e9e tellement cool. Il m'a demand\u00e9 de travailler avec lui \u00e0 la pr\u00e9vention du gaspillage alimentaire. Comme je sais tr\u00e8s bien visser les tubes, je lui suis d'une grande aide \u00e0 la maison.<\/p>\n<p>Mais tu peux me retirer du T\u00fctenh\u00fcter, je suis donc multifonctionnel. Comme mon petit tr\u00e9sor, je suis fabriqu\u00e9 en Suisse.<\/p>\n\t\t<\/div>\n\t\t\t\t\t<\/div>\n\n\t\n<\/div>\n<div class=\"row\"  id=\"row-166409419\">\n\n\t<div id=\"col-1440339631\" class=\"col medium-3 small-12 large-3\"  >\n\t\t\t\t<div class=\"col-inner\"  >\n\t\t\t\n\t\t\t\n<div id=\"cc-m-17578411925\" class=\"j-module n j-hgrid\">\n<div class=\"cc-m-hgrid-column\">\n<div id=\"cc-matrix-5476236525\">\n<div id=\"cc-m-17574821625\" class=\"j-module n j-header\">\n<h2 id=\"cc-m-header-17574821625\">Fabriqu\u00e9 en Suisse<\/h2>\n<\/div>\n<\/div>\n<\/div>\n<\/div>\n<div id=\"cc-m-17574821825\" class=\"j-module n j-hgrid\">\n<div class=\"cc-m-hgrid-column\">\n<div id=\"cc-matrix-5475043525\">\n<div id=\"cc-m-17574822025\" class=\"j-module n j-text\">\n<p><b>DESIGN<br \/>\n<\/b>b\u00f6\u00f6rds AG - Suisse - made with love<\/p>\n<p><b>PRODUCTION<br \/>\n<\/b>PME familiales - Suisse orientale - Perfection<\/p>\n<p><strong>EMBALLAGE<br \/>\n<\/strong>climatiquement neutre - Fondation - Int\u00e9gration<\/p>\n<\/div>\n<\/div>\n<\/div>\n<\/div>\n<div id=\"image_431163876\" class=\"img has-hover x md-x lg-x y md-y lg-y\">\n<div class=\"img-inner dark\"><\/div>\n<\/div>\n\t<div class=\"img has-hover x md-x lg-x y md-y lg-y\" id=\"image_844074457\">\n\t\t\t\t\t\t\t\t<div class=\"img-inner dark\" >\n\t\t\t<img loading=\"lazy\" decoding=\"async\" width=\"500\" height=\"862\" src=\"https:\/\/boeoerds.ch\/wp-content\/uploads\/2024\/09\/SWISS-MADE-NEU_SENKRECHT.jpg_500_web.jpg\" class=\"attachment-large size-large\" alt=\"\" srcset=\"https:\/\/boeoerds.ch\/wp-content\/uploads\/2024\/09\/SWISS-MADE-NEU_SENKRECHT.jpg_500_web.jpg 500w, https:\/\/boeoerds.ch\/wp-content\/uploads\/2024\/09\/SWISS-MADE-NEU_SENKRECHT.jpg_500_web-174x300.jpg 174w\" sizes=\"auto, (max-width: 500px) 100vw, 500px\" \/>\t\t\t\t\t\t\n\t\t\t\t\t<\/div>\n\t\t\t\t\t\t\t\t\n<style>\n#image_844074457 {\n  width: 30%;\n}\n@media (min-width:550px) {\n  #image_844074457 {\n    width: 30%;\n  }\n}\n<\/style>\n\t<\/div>\n\t\n\t\t<\/div>\n\t\t\t\t\t<\/div>\n\n\t\n\n\t<div id=\"col-931535373\" class=\"col medium-3 small-12 large-3\"  >\n\t\t\t\t<div class=\"col-inner\"  >\n\t\t\t\n\t\t\t\n<h2>Design<\/h2>\n<p style=\"text-align: justify\">Mon apparence, je l'ai\u00a0\u00a0<a title=\"\u00c0 propos de nous\" href=\"https:\/\/boeoerds.ch\/ueber-uns\/\">Sandra et Chrigi<\/a> gr\u00e2ce \u00e0 eux. En tant que fondateurs et propri\u00e9taires de b\u00f6\u00f6rds AG - la jeune start-up - ils m'ont cr\u00e9\u00e9 et con\u00e7u, ainsi que mon emballage, avec beaucoup de d\u00e9vouement, de cr\u00e9ativit\u00e9 et d'amour. Ils ont \u00e9t\u00e9 aid\u00e9s par le caract\u00e8re de TUBESCHRUBERI. Celui-ci a \u00e9t\u00e9 cr\u00e9\u00e9 avec amour par Sandra Neff et le bureau graphique Rondom \u00e0 Appenzell. Nous profitons de l'occasion pour te remercier, ch\u00e8re Sandra, pour ton incroyable talent qui a permis de concr\u00e9tiser tous nos souhaits de mani\u00e8re si pertinente dans un personnage.<\/p>\n\t\t<\/div>\n\t\t\t\t\t<\/div>\n\n\t\n\n\t<div id=\"col-153143499\" class=\"col medium-3 small-12 large-3\"  >\n\t\t\t\t<div class=\"col-inner\"  >\n\t\t\t\n\t\t\t\n<h2>Production<\/h2>\n<p style=\"text-align: justify\">Je suis incroyablement fier d'\u00eatre produit en Suisse orientale par une PME familiale de deuxi\u00e8me g\u00e9n\u00e9ration formidable et r\u00e9put\u00e9e. Avec une longue exp\u00e9rience dans la fabrication de pi\u00e8ces en plastique, ils sont les parfaits artisans pour moi. Le fait que j'aie re\u00e7u ici ma propre forme et que mon nom soit si joliment inscrit sur ma surface lisse, je trouve cela tout simplement formidable. Faire confiance \u00e0 une jeune start-up ne va pas de soi. Mais ensemble, nous pouvons voler.<\/p>\n\t\t<\/div>\n\t\t\t\t\t<\/div>\n\n\t\n\n\t<div id=\"col-883457081\" class=\"col medium-3 small-12 large-3\"  >\n\t\t\t\t<div class=\"col-inner\"  >\n\t\t\t\n\t\t\t\n<h2>Emballage<\/h2>\n<div class=\"cc-m-hgrid-column last\">\n<div id=\"cc-matrix-5475103625\">\n<div id=\"cc-m-17575004825\" class=\"j-module n j-text\">\n<p style=\"text-align: justify\">Il est \u00e9vident pour moi que je suis \u00e9galement conditionn\u00e9 en Suisse. Je passe par les mains merveilleuses des collaborateurs de la fondation\u00a0<a title=\"https:\/\/www.arwole.ch\/\" href=\"https:\/\/www.arwole.ch\/\" target=\"_blank\" rel=\"noopener noreferrer\">Arwole<\/a>\u00a0\u00e0 Sargans. C'est si beau, je peux faire partie de l'\u00e9conomie suisse et de la cha\u00eene de cr\u00e9ation de valeur. J'en suis particuli\u00e8rement fier.<\/p>\n<\/div>\n<\/div>\n<\/div>\n\t\t<\/div>\n\t\t\t\t\t<\/div>\n\n\t\n<\/div>","protected":false},"excerpt":{"rendered":"<p><strong>Je suis ton syst\u00e8me de rotation de tubes le plus intelligent.<\/strong><br \/>\nJe suis id\u00e9al pour la mayonnaise, la moutarde, la pur\u00e9e de tomates, etc. en tube<br \/>\nTu peux retirer mon manche, je suis multifonctionnel, c'est pourquoi je suis aussi un petit mini T\u00fctenh\u00fcter pour la poudre \u00e0 lever et le sucre vanill\u00e9.<br \/>\nJe suis fabriqu\u00e9 en Suisse<\/p>\n<p>Le kit comprend<br \/>\n2 x XXS - 7 cm Blanc<br \/>\n1 x XS - 10 cm Cr\u00e8me<br \/>\n3 x poign\u00e9es<\/p>","protected":false},"featured_media":35335,"template":"","meta":{"_acf_changed":false},"product_brand":[],"product_cat":[15],"product_tag":[],"class_list":{"0":"post-11471","1":"product","2":"type-product","3":"status-publish","4":"has-post-thumbnail","6":"product_cat-tubeschruberi","7":"product_shipping_class-brief-4-90","9":"first","10":"instock","11":"taxable","12":"shipping-taxable","13":"purchasable","14":"product-type-simple"},"bundled_by":[],"bundle_stock_status":"instock","bundle_stock_quantity":1233,"bundle_virtual":false,"bundle_layout":"","bundle_add_to_cart_form_location":"","bundle_editable_in_cart":false,"bundle_sold_individually_context":"","bundle_item_grouping":"","bundle_min_size":"","bundle_max_size":"","bundle_price":[],"bundled_items":[],"bundle_sell_ids":[],"acf":[],"yoast_head":"<!-- This site is optimized with the Yoast SEO plugin v26.8 - https:\/\/yoast.com\/product\/yoast-seo-wordpress\/ -->\n<title>TUBESCHRUBERI 3er Set | Das Tubendreh-System | SWISS MADE<\/title>\n<meta name=\"description\" content=\"TUBESCHRUBERI | Das clevere Tubendreh-System und verhindere zusammen mit dem T\u00dcTENH\u00dcTER Foodwaste. Jetzt das online bestellen.\" \/>\n<meta name=\"robots\" content=\"index, follow, max-snippet:-1, max-image-preview:large, max-video-preview:-1\" \/>\n<link rel=\"canonical\" href=\"https:\/\/boeoerds.ch\/fr\/product\/tubeschruberi-3er-set\/\" \/>\n<meta property=\"og:locale\" content=\"fr_FR\" \/>\n<meta property=\"og:type\" content=\"article\" \/>\n<meta property=\"og:title\" content=\"TUBESCHRUBERI 3er Set | Das Tubendreh-System | SWISS MADE\" \/>\n<meta property=\"og:description\" content=\"TUBESCHRUBERI | Das clevere Tubendreh-System und verhindere zusammen mit dem T\u00dcTENH\u00dcTER Foodwaste. Jetzt das online bestellen.\" \/>\n<meta property=\"og:url\" content=\"https:\/\/boeoerds.ch\/fr\/product\/tubeschruberi-3er-set\/\" \/>\n<meta property=\"og:site_name\" content=\"T\u00fctenh\u00fcter | das clevere T\u00fctenverschluss-System\" \/>\n<meta property=\"article:publisher\" content=\"https:\/\/www.facebook.com\/B%c3%b6%c3%b6rds_T%c3%bctenh%c3%bcter-1790008597712368\/\" \/>\n<meta property=\"article:modified_time\" content=\"2026-04-12T06:59:51+00:00\" \/>\n<meta property=\"og:image\" content=\"https:\/\/boeoerds.ch\/wp-content\/uploads\/2021\/10\/Tubeschruberi_Neu_1000.jpg\" \/>\n\t<meta property=\"og:image:width\" content=\"1000\" \/>\n\t<meta property=\"og:image:height\" content=\"1000\" \/>\n\t<meta property=\"og:image:type\" content=\"image\/jpeg\" \/>\n<meta name=\"twitter:card\" content=\"summary_large_image\" \/>\n<meta name=\"twitter:label1\" content=\"Dur\u00e9e de lecture estim\u00e9e\" \/>\n\t<meta name=\"twitter:data1\" content=\"3 minutes\" \/>\n<script type=\"application\/ld+json\" class=\"yoast-schema-graph\">{\"@context\":\"https:\/\/schema.org\",\"@graph\":[{\"@type\":\"WebPage\",\"@id\":\"https:\/\/boeoerds.ch\/product\/tubeschruberi-3er-set\/\",\"url\":\"https:\/\/boeoerds.ch\/product\/tubeschruberi-3er-set\/\",\"name\":\"TUBESCHRUBERI 3er Set | Das Tubendreh-System | SWISS MADE\",\"isPartOf\":{\"@id\":\"https:\/\/boeoerds.ch\/#website\"},\"primaryImageOfPage\":{\"@id\":\"https:\/\/boeoerds.ch\/product\/tubeschruberi-3er-set\/#primaryimage\"},\"image\":{\"@id\":\"https:\/\/boeoerds.ch\/product\/tubeschruberi-3er-set\/#primaryimage\"},\"thumbnailUrl\":\"https:\/\/boeoerds.ch\/wp-content\/uploads\/2021\/10\/Tubeschruberi_Neu_1000.jpg\",\"datePublished\":\"2021-10-11T08:47:19+00:00\",\"dateModified\":\"2026-04-12T06:59:51+00:00\",\"description\":\"TUBESCHRUBERI | Das clevere Tubendreh-System und verhindere zusammen mit dem T\u00dcTENH\u00dcTER Foodwaste. Jetzt das online bestellen.\",\"breadcrumb\":{\"@id\":\"https:\/\/boeoerds.ch\/product\/tubeschruberi-3er-set\/#breadcrumb\"},\"inLanguage\":\"fr-FR\",\"potentialAction\":[{\"@type\":\"ReadAction\",\"target\":[\"https:\/\/boeoerds.ch\/product\/tubeschruberi-3er-set\/\"]}]},{\"@type\":\"ImageObject\",\"inLanguage\":\"fr-FR\",\"@id\":\"https:\/\/boeoerds.ch\/product\/tubeschruberi-3er-set\/#primaryimage\",\"url\":\"https:\/\/boeoerds.ch\/wp-content\/uploads\/2021\/10\/Tubeschruberi_Neu_1000.jpg\",\"contentUrl\":\"https:\/\/boeoerds.ch\/wp-content\/uploads\/2021\/10\/Tubeschruberi_Neu_1000.jpg\",\"width\":1000,\"height\":1000},{\"@type\":\"BreadcrumbList\",\"@id\":\"https:\/\/boeoerds.ch\/product\/tubeschruberi-3er-set\/#breadcrumb\",\"itemListElement\":[{\"@type\":\"ListItem\",\"position\":1,\"name\":\"Online-Shop\",\"item\":\"https:\/\/boeoerds.ch\/shop\/\"},{\"@type\":\"ListItem\",\"position\":2,\"name\":\"TUBESCHRUBERI 3er Set\"}]},{\"@type\":\"WebSite\",\"@id\":\"https:\/\/boeoerds.ch\/#website\",\"url\":\"https:\/\/boeoerds.ch\/\",\"name\":\"T\u00fctenh\u00fcter | das clevere T\u00fctenverschluss-System\",\"description\":\"T\u00dcTENH\u00dcTER - das clevere T\u00fctenverschluss-System. Swiss Made. Wasserdicht. Luftdicht. Gefrierfest. Jetzt das Schweizer Original online bestellen.\",\"publisher\":{\"@id\":\"https:\/\/boeoerds.ch\/#organization\"},\"potentialAction\":[{\"@type\":\"SearchAction\",\"target\":{\"@type\":\"EntryPoint\",\"urlTemplate\":\"https:\/\/boeoerds.ch\/?s={search_term_string}\"},\"query-input\":{\"@type\":\"PropertyValueSpecification\",\"valueRequired\":true,\"valueName\":\"search_term_string\"}}],\"inLanguage\":\"fr-FR\"},{\"@type\":\"Organization\",\"@id\":\"https:\/\/boeoerds.ch\/#organization\",\"name\":\"b\u00f6\u00f6rds AG\",\"url\":\"https:\/\/boeoerds.ch\/\",\"logo\":{\"@type\":\"ImageObject\",\"inLanguage\":\"fr-FR\",\"@id\":\"https:\/\/boeoerds.ch\/#\/schema\/logo\/image\/\",\"url\":\"https:\/\/boeoerds.ch\/wp-content\/uploads\/2022\/03\/cropped-WhatsApp-Image-2022-03-31-at-09.47.28.jpeg\",\"contentUrl\":\"https:\/\/boeoerds.ch\/wp-content\/uploads\/2022\/03\/cropped-WhatsApp-Image-2022-03-31-at-09.47.28.jpeg\",\"width\":512,\"height\":512,\"caption\":\"b\u00f6\u00f6rds AG\"},\"image\":{\"@id\":\"https:\/\/boeoerds.ch\/#\/schema\/logo\/image\/\"},\"sameAs\":[\"https:\/\/www.facebook.com\/B\u00f6\u00f6rds_T\u00fctenh\u00fcter-1790008597712368\/\",\"https:\/\/www.instagram.com\/boeoerds_tuetenhueter\/?hl=de\",\"https:\/\/www.youtube.com\/channel\/UCdZ4kOjlZLThuAsbAH__Pug\"]}]}<\/script>\n<!-- \/ Yoast SEO plugin. -->","yoast_head_json":{"title":"TUBESCHRUBERI Set de 3 pi\u00e8ces | Le syst\u00e8me de rotation des tubes | SWISS MADE","description":"TUBESCHRUBERI | Le syst\u00e8me intelligent de rotation des tubes et \u00e9vite, avec le T\u00dcTENH\u00dcTER, le gaspillage alimentaire. Commande-le en ligne d\u00e8s maintenant.","robots":{"index":"index","follow":"follow","max-snippet":"max-snippet:-1","max-image-preview":"max-image-preview:large","max-video-preview":"max-video-preview:-1"},"canonical":"https:\/\/boeoerds.ch\/fr\/product\/tubeschruberi-3er-set\/","og_locale":"fr_FR","og_type":"article","og_title":"TUBESCHRUBERI 3er Set | Das Tubendreh-System | SWISS MADE","og_description":"TUBESCHRUBERI | Das clevere Tubendreh-System und verhindere zusammen mit dem T\u00dcTENH\u00dcTER Foodwaste. Jetzt das online bestellen.","og_url":"https:\/\/boeoerds.ch\/fr\/product\/tubeschruberi-3er-set\/","og_site_name":"T\u00fctenh\u00fcter | das clevere T\u00fctenverschluss-System","article_publisher":"https:\/\/www.facebook.com\/B%c3%b6%c3%b6rds_T%c3%bctenh%c3%bcter-1790008597712368\/","article_modified_time":"2026-04-12T06:59:51+00:00","og_image":[{"width":1000,"height":1000,"url":"https:\/\/boeoerds.ch\/wp-content\/uploads\/2021\/10\/Tubeschruberi_Neu_1000.jpg","type":"image\/jpeg"}],"twitter_card":"summary_large_image","twitter_misc":{"Dur\u00e9e de lecture estim\u00e9e":"3 minutes"},"schema":{"@context":"https:\/\/schema.org","@graph":[{"@type":"WebPage","@id":"https:\/\/boeoerds.ch\/product\/tubeschruberi-3er-set\/","url":"https:\/\/boeoerds.ch\/product\/tubeschruberi-3er-set\/","name":"TUBESCHRUBERI Set de 3 pi\u00e8ces | Le syst\u00e8me de rotation des tubes | SWISS MADE","isPartOf":{"@id":"https:\/\/boeoerds.ch\/#website"},"primaryImageOfPage":{"@id":"https:\/\/boeoerds.ch\/product\/tubeschruberi-3er-set\/#primaryimage"},"image":{"@id":"https:\/\/boeoerds.ch\/product\/tubeschruberi-3er-set\/#primaryimage"},"thumbnailUrl":"https:\/\/boeoerds.ch\/wp-content\/uploads\/2021\/10\/Tubeschruberi_Neu_1000.jpg","datePublished":"2021-10-11T08:47:19+00:00","dateModified":"2026-04-12T06:59:51+00:00","description":"TUBESCHRUBERI | Le syst\u00e8me intelligent de rotation des tubes et \u00e9vite, avec le T\u00dcTENH\u00dcTER, le gaspillage alimentaire. Commande-le en ligne d\u00e8s maintenant.","breadcrumb":{"@id":"https:\/\/boeoerds.ch\/product\/tubeschruberi-3er-set\/#breadcrumb"},"inLanguage":"fr-FR","potentialAction":[{"@type":"ReadAction","target":["https:\/\/boeoerds.ch\/product\/tubeschruberi-3er-set\/"]}]},{"@type":"ImageObject","inLanguage":"fr-FR","@id":"https:\/\/boeoerds.ch\/product\/tubeschruberi-3er-set\/#primaryimage","url":"https:\/\/boeoerds.ch\/wp-content\/uploads\/2021\/10\/Tubeschruberi_Neu_1000.jpg","contentUrl":"https:\/\/boeoerds.ch\/wp-content\/uploads\/2021\/10\/Tubeschruberi_Neu_1000.jpg","width":1000,"height":1000},{"@type":"BreadcrumbList","@id":"https:\/\/boeoerds.ch\/product\/tubeschruberi-3er-set\/#breadcrumb","itemListElement":[{"@type":"ListItem","position":1,"name":"Online-Shop","item":"https:\/\/boeoerds.ch\/shop\/"},{"@type":"ListItem","position":2,"name":"TUBESCHRUBERI 3er Set"}]},{"@type":"WebSite","@id":"https:\/\/boeoerds.ch\/#website","url":"https:\/\/boeoerds.ch\/","name":"T\u00fctenh\u00fcter | le syst\u00e8me astucieux de fermeture des sacs","description":"T\u00dcTENH\u00dcTER - le syst\u00e8me astucieux de fermeture des sachets. Fabriqu\u00e9 en Suisse. \u00c9tanche \u00e0 l'eau. \u00c9tanche \u00e0 l'air. R\u00e9sistant \u00e0 la cong\u00e9lation. Commandez maintenant l'original suisse en ligne.","publisher":{"@id":"https:\/\/boeoerds.ch\/#organization"},"potentialAction":[{"@type":"SearchAction","target":{"@type":"EntryPoint","urlTemplate":"https:\/\/boeoerds.ch\/?s={search_term_string}"},"query-input":{"@type":"PropertyValueSpecification","valueRequired":true,"valueName":"search_term_string"}}],"inLanguage":"fr-FR"},{"@type":"Organization","@id":"https:\/\/boeoerds.ch\/#organization","name":"b\u00f6\u00f6rds AG","url":"https:\/\/boeoerds.ch\/","logo":{"@type":"ImageObject","inLanguage":"fr-FR","@id":"https:\/\/boeoerds.ch\/#\/schema\/logo\/image\/","url":"https:\/\/boeoerds.ch\/wp-content\/uploads\/2022\/03\/cropped-WhatsApp-Image-2022-03-31-at-09.47.28.jpeg","contentUrl":"https:\/\/boeoerds.ch\/wp-content\/uploads\/2022\/03\/cropped-WhatsApp-Image-2022-03-31-at-09.47.28.jpeg","width":512,"height":512,"caption":"b\u00f6\u00f6rds AG"},"image":{"@id":"https:\/\/boeoerds.ch\/#\/schema\/logo\/image\/"},"sameAs":["https:\/\/www.facebook.com\/B\u00f6\u00f6rds_T\u00fctenh\u00fcter-1790008597712368\/","https:\/\/www.instagram.com\/boeoerds_tuetenhueter\/?hl=de","https:\/\/www.youtube.com\/channel\/UCdZ4kOjlZLThuAsbAH__Pug"]}]}},"_links":{"self":[{"href":"https:\/\/boeoerds.ch\/fr\/wp-json\/wp\/v2\/product\/11471","targetHints":{"allow":["GET"]}}],"collection":[{"href":"https:\/\/boeoerds.ch\/fr\/wp-json\/wp\/v2\/product"}],"about":[{"href":"https:\/\/boeoerds.ch\/fr\/wp-json\/wp\/v2\/types\/product"}],"wp:featuredmedia":[{"embeddable":true,"href":"https:\/\/boeoerds.ch\/fr\/wp-json\/wp\/v2\/media\/35335"}],"wp:attachment":[{"href":"https:\/\/boeoerds.ch\/fr\/wp-json\/wp\/v2\/media?parent=11471"}],"wp:term":[{"taxonomy":"product_brand","embeddable":true,"href":"https:\/\/boeoerds.ch\/fr\/wp-json\/wp\/v2\/product_brand?post=11471"},{"taxonomy":"product_cat","embeddable":true,"href":"https:\/\/boeoerds.ch\/fr\/wp-json\/wp\/v2\/product_cat?post=11471"},{"taxonomy":"product_tag","embeddable":true,"href":"https:\/\/boeoerds.ch\/fr\/wp-json\/wp\/v2\/product_tag?post=11471"}],"curies":[{"name":"wp","href":"https:\/\/api.w.org\/{rel}","templated":true}]}}