{"id":58183,"date":"2026-04-22T10:29:31","date_gmt":"2026-04-22T08:29:31","guid":{"rendered":"https:\/\/boeoerds.ch\/?post_type=product&#038;p=58183"},"modified":"2026-05-04T16:10:34","modified_gmt":"2026-05-04T14:10:34","slug":"geschenkset-chopfab","status":"publish","type":"product","link":"https:\/\/boeoerds.ch\/es\/product\/geschenkset-chopfab\/","title":{"rendered":"Hora de un bocadillo \u2013 Turquesa"},"content":{"rendered":"<p>Para estas virutas, los valiosos subproductos no utilizados del proceso de elaboraci\u00f3n de la cerveza se transforman en un bocadillo extremadamente sabroso. El bagazo utilizado se produce como subproducto durante el proceso de elaboraci\u00f3n de la cerveza y contiene valiosos nutrientes, prote\u00ednas y fibra diet\u00e9tica. Refinado con especias, se convierte en un maravilloso bocadillo para picar. \u00a1Sostenible, \u00fanico y naturalmente 100 % sin alcohol!<\/p>\n<p><strong>Valores nutricionales (por 100 ml)<br \/>\n<\/strong>Energ\u00eda: 1978 kj | 472 kcal<br \/>\nGrasa: 20,9 g | de las cuales saturadas: 2 g<br \/>\nGrasas saturadas: 0 g | Grasas insaturadas: 0 g<br \/>\nCarbohidratos: 61 g | de los cuales az\u00facares: 1.1 g<br \/>\nProte\u00edna: 6.5 g | Sal: 2.5 g<br \/>\n\u00c1cido carb\u00f3nico: 0 g<\/p>\n<p><strong>Al\u00e9rgenos<br \/>\n<\/strong>Cereales que contienen gluten<\/p>\n<p><strong>Productor<\/strong><br \/>\nBrauerei Locher AG CH-9050 Appenzell<\/p>","protected":false},"excerpt":{"rendered":"<p>Ahora es tiempo de merendar \u2013 \u00a1con las mejores patatas fritas suizas!<\/p>\n<p>1 x Set de 6 piezas TURQUESA ORIGINAL<br \/>\n1 x Chopfab Chips Sal y Pimienta \u2013 150g<br \/>\n1 x Bolsa de papel con ventana \u2013 ideal tambi\u00e9n como regalo<\/p>\n<div style=\"margin-top: -30px;\">\n<p>&nbsp;<\/p>\n<\/div>","protected":false},"featured_media":58178,"template":"","meta":{"_acf_changed":false},"product_brand":[],"product_cat":[15,147,170],"product_tag":[],"class_list":{"0":"post-58183","1":"product","2":"type-product","3":"status-publish","4":"has-post-thumbnail","6":"product_cat-tubeschruberi","7":"product_cat-geschenkdose","8":"product_cat-geschenksets","9":"product_shipping_class-paket-9-50","11":"first","12":"instock","13":"taxable","14":"shipping-taxable","15":"purchasable","16":"product-type-simple"},"acf":[],"yoast_head":"<!-- This site is optimized with the Yoast SEO plugin v26.8 - https:\/\/yoast.com\/product\/yoast-seo-wordpress\/ -->\n<title>Snack Time - T\u00fcrkis | T\u00fctenh\u00fcter | das clevere T\u00fctenverschluss-System<\/title>\n<meta name=\"description\" content=\"T\u00dcTENH\u00dcTER | Das clevere T\u00fctenverschluss-System. Swiss Made. Wasserdicht. Luftdicht. Gefrierfest. Jetzt das Schweizer Original online bestellen.\" \/>\n<meta name=\"robots\" content=\"index, follow, max-snippet:-1, max-image-preview:large, max-video-preview:-1\" \/>\n<link rel=\"canonical\" href=\"https:\/\/boeoerds.ch\/es\/product\/geschenkset-chopfab\/\" \/>\n<meta property=\"og:locale\" content=\"es_ES\" \/>\n<meta property=\"og:type\" content=\"article\" \/>\n<meta property=\"og:title\" content=\"Snack Time - T\u00fcrkis | T\u00fctenh\u00fcter | das clevere T\u00fctenverschluss-System\" \/>\n<meta property=\"og:description\" content=\"T\u00dcTENH\u00dcTER | Das clevere T\u00fctenverschluss-System. Swiss Made. Wasserdicht. Luftdicht. Gefrierfest. Jetzt das Schweizer Original online bestellen.\" \/>\n<meta property=\"og:url\" content=\"https:\/\/boeoerds.ch\/es\/product\/geschenkset-chopfab\/\" \/>\n<meta property=\"og:site_name\" content=\"T\u00fctenh\u00fcter | das clevere T\u00fctenverschluss-System\" \/>\n<meta property=\"article:publisher\" content=\"https:\/\/www.facebook.com\/B%c3%b6%c3%b6rds_T%c3%bctenh%c3%bcter-1790008597712368\/\" \/>\n<meta property=\"article:modified_time\" content=\"2026-05-04T14:10:34+00:00\" \/>\n<meta property=\"og:image\" content=\"https:\/\/boeoerds.ch\/wp-content\/uploads\/2026\/04\/Geschenksets-41-Original-Tuerkis_Chips.jpeg\" \/>\n\t<meta property=\"og:image:width\" content=\"1080\" \/>\n\t<meta property=\"og:image:height\" content=\"1080\" \/>\n\t<meta property=\"og:image:type\" content=\"image\/jpeg\" \/>\n<meta name=\"twitter:card\" content=\"summary_large_image\" \/>\n<meta name=\"twitter:label1\" content=\"Tiempo de lectura\" \/>\n\t<meta name=\"twitter:data1\" content=\"1 minuto\" \/>\n<script type=\"application\/ld+json\" class=\"yoast-schema-graph\">{\"@context\":\"https:\/\/schema.org\",\"@graph\":[{\"@type\":\"WebPage\",\"@id\":\"https:\/\/boeoerds.ch\/product\/geschenkset-chopfab\/\",\"url\":\"https:\/\/boeoerds.ch\/product\/geschenkset-chopfab\/\",\"name\":\"Snack Time - T\u00fcrkis | T\u00fctenh\u00fcter | das clevere T\u00fctenverschluss-System\",\"isPartOf\":{\"@id\":\"https:\/\/boeoerds.ch\/#website\"},\"primaryImageOfPage\":{\"@id\":\"https:\/\/boeoerds.ch\/product\/geschenkset-chopfab\/#primaryimage\"},\"image\":{\"@id\":\"https:\/\/boeoerds.ch\/product\/geschenkset-chopfab\/#primaryimage\"},\"thumbnailUrl\":\"https:\/\/boeoerds.ch\/wp-content\/uploads\/2026\/04\/Geschenksets-41-Original-Tuerkis_Chips.jpeg\",\"datePublished\":\"2026-04-22T08:29:31+00:00\",\"dateModified\":\"2026-05-04T14:10:34+00:00\",\"description\":\"T\u00dcTENH\u00dcTER | Das clevere T\u00fctenverschluss-System. Swiss Made. Wasserdicht. Luftdicht. Gefrierfest. Jetzt das Schweizer Original online bestellen.\",\"breadcrumb\":{\"@id\":\"https:\/\/boeoerds.ch\/product\/geschenkset-chopfab\/#breadcrumb\"},\"inLanguage\":\"es\",\"potentialAction\":[{\"@type\":\"ReadAction\",\"target\":[\"https:\/\/boeoerds.ch\/product\/geschenkset-chopfab\/\"]}]},{\"@type\":\"ImageObject\",\"inLanguage\":\"es\",\"@id\":\"https:\/\/boeoerds.ch\/product\/geschenkset-chopfab\/#primaryimage\",\"url\":\"https:\/\/boeoerds.ch\/wp-content\/uploads\/2026\/04\/Geschenksets-41-Original-Tuerkis_Chips.jpeg\",\"contentUrl\":\"https:\/\/boeoerds.ch\/wp-content\/uploads\/2026\/04\/Geschenksets-41-Original-Tuerkis_Chips.jpeg\",\"width\":1080,\"height\":1080},{\"@type\":\"BreadcrumbList\",\"@id\":\"https:\/\/boeoerds.ch\/product\/geschenkset-chopfab\/#breadcrumb\",\"itemListElement\":[{\"@type\":\"ListItem\",\"position\":1,\"name\":\"Online-Shop\",\"item\":\"https:\/\/boeoerds.ch\/shop\/\"},{\"@type\":\"ListItem\",\"position\":2,\"name\":\"Snack Time &#8211; T\u00fcrkis\"}]},{\"@type\":\"WebSite\",\"@id\":\"https:\/\/boeoerds.ch\/#website\",\"url\":\"https:\/\/boeoerds.ch\/\",\"name\":\"T\u00fctenh\u00fcter | das clevere T\u00fctenverschluss-System\",\"description\":\"T\u00dcTENH\u00dcTER - das clevere T\u00fctenverschluss-System. Swiss Made. Wasserdicht. Luftdicht. Gefrierfest. Jetzt das Schweizer Original online bestellen.\",\"publisher\":{\"@id\":\"https:\/\/boeoerds.ch\/#organization\"},\"potentialAction\":[{\"@type\":\"SearchAction\",\"target\":{\"@type\":\"EntryPoint\",\"urlTemplate\":\"https:\/\/boeoerds.ch\/?s={search_term_string}\"},\"query-input\":{\"@type\":\"PropertyValueSpecification\",\"valueRequired\":true,\"valueName\":\"search_term_string\"}}],\"inLanguage\":\"es\"},{\"@type\":\"Organization\",\"@id\":\"https:\/\/boeoerds.ch\/#organization\",\"name\":\"b\u00f6\u00f6rds AG\",\"url\":\"https:\/\/boeoerds.ch\/\",\"logo\":{\"@type\":\"ImageObject\",\"inLanguage\":\"es\",\"@id\":\"https:\/\/boeoerds.ch\/#\/schema\/logo\/image\/\",\"url\":\"https:\/\/boeoerds.ch\/wp-content\/uploads\/2022\/03\/cropped-WhatsApp-Image-2022-03-31-at-09.47.28.jpeg\",\"contentUrl\":\"https:\/\/boeoerds.ch\/wp-content\/uploads\/2022\/03\/cropped-WhatsApp-Image-2022-03-31-at-09.47.28.jpeg\",\"width\":512,\"height\":512,\"caption\":\"b\u00f6\u00f6rds AG\"},\"image\":{\"@id\":\"https:\/\/boeoerds.ch\/#\/schema\/logo\/image\/\"},\"sameAs\":[\"https:\/\/www.facebook.com\/B\u00f6\u00f6rds_T\u00fctenh\u00fcter-1790008597712368\/\",\"https:\/\/www.instagram.com\/boeoerds_tuetenhueter\/?hl=de\",\"https:\/\/www.youtube.com\/channel\/UCdZ4kOjlZLThuAsbAH__Pug\"]}]}<\/script>\n<!-- \/ Yoast SEO plugin. -->","yoast_head_json":{"title":"Snack Time - T\u00fcrkis | T\u00fctenh\u00fcter | das clevere T\u00fctenverschluss-System","description":"T\u00dcTENH\u00dcTER | El ingenioso sistema de cierre de bolsas. Fabricado en Suiza. Impermeable. Herm\u00e9tico. A prueba de congelaci\u00f3n. Pida ahora el original suizo en l\u00ednea.","robots":{"index":"index","follow":"follow","max-snippet":"max-snippet:-1","max-image-preview":"max-image-preview:large","max-video-preview":"max-video-preview:-1"},"canonical":"https:\/\/boeoerds.ch\/es\/product\/geschenkset-chopfab\/","og_locale":"es_ES","og_type":"article","og_title":"Snack Time - T\u00fcrkis | T\u00fctenh\u00fcter | das clevere T\u00fctenverschluss-System","og_description":"T\u00dcTENH\u00dcTER | Das clevere T\u00fctenverschluss-System. Swiss Made. Wasserdicht. Luftdicht. Gefrierfest. Jetzt das Schweizer Original online bestellen.","og_url":"https:\/\/boeoerds.ch\/es\/product\/geschenkset-chopfab\/","og_site_name":"T\u00fctenh\u00fcter | das clevere T\u00fctenverschluss-System","article_publisher":"https:\/\/www.facebook.com\/B%c3%b6%c3%b6rds_T%c3%bctenh%c3%bcter-1790008597712368\/","article_modified_time":"2026-05-04T14:10:34+00:00","og_image":[{"width":1080,"height":1080,"url":"https:\/\/boeoerds.ch\/wp-content\/uploads\/2026\/04\/Geschenksets-41-Original-Tuerkis_Chips.jpeg","type":"image\/jpeg"}],"twitter_card":"summary_large_image","twitter_misc":{"Tiempo de lectura":"1 minuto"},"schema":{"@context":"https:\/\/schema.org","@graph":[{"@type":"WebPage","@id":"https:\/\/boeoerds.ch\/product\/geschenkset-chopfab\/","url":"https:\/\/boeoerds.ch\/product\/geschenkset-chopfab\/","name":"Snack Time - T\u00fcrkis | T\u00fctenh\u00fcter | das clevere T\u00fctenverschluss-System","isPartOf":{"@id":"https:\/\/boeoerds.ch\/#website"},"primaryImageOfPage":{"@id":"https:\/\/boeoerds.ch\/product\/geschenkset-chopfab\/#primaryimage"},"image":{"@id":"https:\/\/boeoerds.ch\/product\/geschenkset-chopfab\/#primaryimage"},"thumbnailUrl":"https:\/\/boeoerds.ch\/wp-content\/uploads\/2026\/04\/Geschenksets-41-Original-Tuerkis_Chips.jpeg","datePublished":"2026-04-22T08:29:31+00:00","dateModified":"2026-05-04T14:10:34+00:00","description":"T\u00dcTENH\u00dcTER | El ingenioso sistema de cierre de bolsas. Fabricado en Suiza. Impermeable. Herm\u00e9tico. A prueba de congelaci\u00f3n. Pida ahora el original suizo en l\u00ednea.","breadcrumb":{"@id":"https:\/\/boeoerds.ch\/product\/geschenkset-chopfab\/#breadcrumb"},"inLanguage":"es","potentialAction":[{"@type":"ReadAction","target":["https:\/\/boeoerds.ch\/product\/geschenkset-chopfab\/"]}]},{"@type":"ImageObject","inLanguage":"es","@id":"https:\/\/boeoerds.ch\/product\/geschenkset-chopfab\/#primaryimage","url":"https:\/\/boeoerds.ch\/wp-content\/uploads\/2026\/04\/Geschenksets-41-Original-Tuerkis_Chips.jpeg","contentUrl":"https:\/\/boeoerds.ch\/wp-content\/uploads\/2026\/04\/Geschenksets-41-Original-Tuerkis_Chips.jpeg","width":1080,"height":1080},{"@type":"BreadcrumbList","@id":"https:\/\/boeoerds.ch\/product\/geschenkset-chopfab\/#breadcrumb","itemListElement":[{"@type":"ListItem","position":1,"name":"Online-Shop","item":"https:\/\/boeoerds.ch\/shop\/"},{"@type":"ListItem","position":2,"name":"Snack Time &#8211; T\u00fcrkis"}]},{"@type":"WebSite","@id":"https:\/\/boeoerds.ch\/#website","url":"https:\/\/boeoerds.ch\/","name":"T\u00fctenh\u00fcter | el sistema inteligente de cierre de bolsas","description":"T\u00dcTENH\u00dcTER - el sistema inteligente de cierre de bolsas. Fabricado en Suiza. Estanco al agua. Herm\u00e9tico al aire. A prueba de congelaci\u00f3n. Pida ahora el original suizo en l\u00ednea.","publisher":{"@id":"https:\/\/boeoerds.ch\/#organization"},"potentialAction":[{"@type":"SearchAction","target":{"@type":"EntryPoint","urlTemplate":"https:\/\/boeoerds.ch\/?s={search_term_string}"},"query-input":{"@type":"PropertyValueSpecification","valueRequired":true,"valueName":"search_term_string"}}],"inLanguage":"es"},{"@type":"Organization","@id":"https:\/\/boeoerds.ch\/#organization","name":"b\u00f6\u00f6rds AG","url":"https:\/\/boeoerds.ch\/","logo":{"@type":"ImageObject","inLanguage":"es","@id":"https:\/\/boeoerds.ch\/#\/schema\/logo\/image\/","url":"https:\/\/boeoerds.ch\/wp-content\/uploads\/2022\/03\/cropped-WhatsApp-Image-2022-03-31-at-09.47.28.jpeg","contentUrl":"https:\/\/boeoerds.ch\/wp-content\/uploads\/2022\/03\/cropped-WhatsApp-Image-2022-03-31-at-09.47.28.jpeg","width":512,"height":512,"caption":"b\u00f6\u00f6rds AG"},"image":{"@id":"https:\/\/boeoerds.ch\/#\/schema\/logo\/image\/"},"sameAs":["https:\/\/www.facebook.com\/B\u00f6\u00f6rds_T\u00fctenh\u00fcter-1790008597712368\/","https:\/\/www.instagram.com\/boeoerds_tuetenhueter\/?hl=de","https:\/\/www.youtube.com\/channel\/UCdZ4kOjlZLThuAsbAH__Pug"]}]}},"_links":{"self":[{"href":"https:\/\/boeoerds.ch\/es\/wp-json\/wp\/v2\/product\/58183","targetHints":{"allow":["GET"]}}],"collection":[{"href":"https:\/\/boeoerds.ch\/es\/wp-json\/wp\/v2\/product"}],"about":[{"href":"https:\/\/boeoerds.ch\/es\/wp-json\/wp\/v2\/types\/product"}],"wp:featuredmedia":[{"embeddable":true,"href":"https:\/\/boeoerds.ch\/es\/wp-json\/wp\/v2\/media\/58178"}],"wp:attachment":[{"href":"https:\/\/boeoerds.ch\/es\/wp-json\/wp\/v2\/media?parent=58183"}],"wp:term":[{"taxonomy":"product_brand","embeddable":true,"href":"https:\/\/boeoerds.ch\/es\/wp-json\/wp\/v2\/product_brand?post=58183"},{"taxonomy":"product_cat","embeddable":true,"href":"https:\/\/boeoerds.ch\/es\/wp-json\/wp\/v2\/product_cat?post=58183"},{"taxonomy":"product_tag","embeddable":true,"href":"https:\/\/boeoerds.ch\/es\/wp-json\/wp\/v2\/product_tag?post=58183"}],"curies":[{"name":"wp","href":"https:\/\/api.w.org\/{rel}","templated":true}]}}