{"id":19049,"date":"2022-07-24T20:03:37","date_gmt":"2022-07-24T18:03:37","guid":{"rendered":"https:\/\/boeoerds.ch\/?post_type=product&#038;p=19049"},"modified":"2026-04-13T21:59:27","modified_gmt":"2026-04-13T19:59:27","slug":"tuetenhueter-6er-set-schwarz","status":"publish","type":"product","link":"https:\/\/boeoerds.ch\/es\/product\/tuetenhueter-6er-set-schwarz\/","title":{"rendered":"T\u00dcTENH\u00dcTER - NEGRO"},"content":{"rendered":"<div class=\"row align-center\"  id=\"row-2137536252\">\n\n\n\t<div id=\"col-667466756\" class=\"col medium-3 small-5 large-3\"  >\n\t\t\t\t<div class=\"col-inner\"  >\n\t\t\t\n\t\t\t\n\n\t<div class=\"img has-hover x md-x lg-x y md-y lg-y\" id=\"image_455895348\">\n\t\t\t\t\t\t\t\t<div class=\"img-inner dark\" >\n\t\t\t<img loading=\"lazy\" decoding=\"async\" width=\"300\" height=\"300\" src=\"https:\/\/boeoerds.ch\/wp-content\/uploads\/2022\/03\/Tuetenhueter_rund-300x300.jpg\" class=\"attachment-medium size-medium\" alt=\"\" srcset=\"https:\/\/boeoerds.ch\/wp-content\/uploads\/2022\/03\/Tuetenhueter_rund-300x300.jpg 300w, https:\/\/boeoerds.ch\/wp-content\/uploads\/2022\/03\/Tuetenhueter_rund-100x100.jpg 100w, https:\/\/boeoerds.ch\/wp-content\/uploads\/2022\/03\/Tuetenhueter_rund-150x150.jpg 150w, https:\/\/boeoerds.ch\/wp-content\/uploads\/2022\/03\/Tuetenhueter_rund.jpg 469w\" sizes=\"auto, (max-width: 300px) 100vw, 300px\" \/>\t\t\t\t\t\t\n\t\t\t\t\t<\/div>\n\t\t\t\t\t\t\t\t\n<style>\n#image_455895348 {\n  width: 100%;\n}\n<\/style>\n\t<\/div>\n\t\n\n\n\t\t<\/div>\n\t\t\t\t\t<\/div>\n\n\t\n\n\t<div id=\"col-1639089501\" class=\"col medium-9 small-12 large-9\"  >\n\t\t\t\t<div class=\"col-inner\"  >\n\t\t\t\n\t\t\t\n\n<div id=\"cc-m-17575003925\" class=\"j-module n j-header\">\n<h5 id=\"cc-m-header-17575003925\">\u00e1breme<\/h5>\n<\/div>\n<div id=\"cc-m-17575004025\" class=\"j-module n j-text\">\n<p>Perm\u00edtanme que me presente,<\/p>\n<p>Vivo contento y feliz en un elegante piso de un casco antiguo de Suiza. Todas las ma\u00f1anas me retuerzo el bigote con mucho cuidado y cari\u00f1o delante del espejo dorado y antiguo del pasillo. Las gafas redondas, los tirantes y la pajarita al cuello se han convertido en mi se\u00f1a de identidad. Cuando paseo tranquilamente por las callejuelas de la ciudad, de vez en cuando me reconocen.<\/p>\n<p>Cuidar las bolsas es mi gran pasi\u00f3n. Me gusta mantener limpios y ordenados los hogares. Se me da especialmente bien evitar que se estropee la comida y mantenerlo todo fresco, limpio y crujiente.<\/p>\n<\/div>\n<p>Me fabrican en Berneck, en el valle del Rin de San Gall. Mi pel\u00edcula de envasado se produce de forma 100% clim\u00e1ticamente neutra. Me envasan en la Fundaci\u00f3n Arwole de Sargans. Las personas con discapacidad encuentran all\u00ed su lugar. All\u00ed me envasan con sumo cuidado.<\/p>\n\n\t\t<\/div>\n\t\t\t\t\n<style>\n#col-1639089501 > .col-inner {\n  margin: 0px 0px -20px 0px;\n}\n<\/style>\n\t<\/div>\n\n\t\n\n<\/div>\n<div class=\"row\"  id=\"row-1140260811\">\n\n\n\t<div id=\"col-437061104\" class=\"col medium-3 small-12 large-3\"  >\n\t\t\t\t<div class=\"col-inner\"  >\n\t\t\t\n\t\t\t\n\n<div id=\"cc-m-17578411925\" class=\"j-module n j-hgrid\">\n<div class=\"cc-m-hgrid-column\">\n<div id=\"cc-matrix-5476236525\">\n<div id=\"cc-m-17574821625\" class=\"j-module n j-header\">\n<h2 id=\"cc-m-header-17574821625\"><span style=\"font-size: 110%;\">Fabricado en Suiza<\/span><\/h2>\n<\/div>\n<\/div>\n<\/div>\n<\/div>\n<div id=\"cc-m-17574821825\" class=\"j-module n j-hgrid\">\n<div class=\"cc-m-hgrid-column\">\n<div id=\"cc-matrix-5475043525\">\n<div id=\"cc-m-17574822025\" class=\"j-module n j-text\">\n<p><b>DISE\u00d1O<br \/>\n<\/b>b\u00f6\u00f6rds AG - Suiza - hecho con amor<\/p>\n<p><b>PRODUCCI\u00d3N<br \/>\n<\/b>PYME familiar - Suiza Este - Perfecci\u00f3n<\/p>\n<p><strong>EMBALAJE<br \/>\n<\/strong>neutralidad clim\u00e1tica - Fundaci\u00f3n - Integraci\u00f3n<\/p>\n<\/div>\n<\/div>\n<\/div>\n<\/div>\n\t<div class=\"img has-hover x md-x lg-x y md-y lg-y\" id=\"image_1203705836\">\n\t\t\t\t\t\t\t\t<div class=\"img-inner dark\" >\n\t\t\t<img loading=\"lazy\" decoding=\"async\" width=\"500\" height=\"862\" src=\"https:\/\/boeoerds.ch\/wp-content\/uploads\/2024\/09\/SWISS-MADE-NEU_SENKRECHT.jpg_500_web.jpg\" class=\"attachment-large size-large\" alt=\"\" srcset=\"https:\/\/boeoerds.ch\/wp-content\/uploads\/2024\/09\/SWISS-MADE-NEU_SENKRECHT.jpg_500_web.jpg 500w, https:\/\/boeoerds.ch\/wp-content\/uploads\/2024\/09\/SWISS-MADE-NEU_SENKRECHT.jpg_500_web-174x300.jpg 174w\" sizes=\"auto, (max-width: 500px) 100vw, 500px\" \/>\t\t\t\t\t\t\n\t\t\t\t\t<\/div>\n\t\t\t\t\t\t\t\t\n<style>\n#image_1203705836 {\n  width: 20%;\n}\n@media (min-width:550px) {\n  #image_1203705836 {\n    width: 20%;\n  }\n}\n<\/style>\n\t<\/div>\n\t\n\n\n\t\t<\/div>\n\t\t\t\t\n<style>\n#col-437061104 > .col-inner {\n  margin: 0px 0px -20px 0px;\n}\n<\/style>\n\t<\/div>\n\n\t\n\n\t<div id=\"col-912946473\" class=\"col medium-3 small-12 large-3\"  >\n\t\t\t\t<div class=\"col-inner\"  >\n\t\t\t\n\t\t\t\n\n<h2>Dise\u00f1o<\/h2>\n<p style=\"text-align: justify;\">Tengo mi apariencia\u00a0\u00a0<a title=\"Qui\u00e9nes somos\" href=\"\/ueber-uns\/\">Sandra y Chrigi<\/a>\u00a0gracias a ellos. Como fundadores y propietarios de b\u00f6\u00f6rds AG -la joven start-up- me crearon y dise\u00f1aron tanto a m\u00ed como a mi envase con mucha dedicaci\u00f3n, creatividad y cari\u00f1o. Me apoyaron con mi personaje T\u00dcTENH\u00dcTER. Est\u00e1 hecho a mano con mucho cari\u00f1o por\u00a0<a title=\"http:\/\/matto.ch\/\" href=\"http:\/\/matto.ch\/\" target=\"_blank\" rel=\"noopener noreferrer\">Matto<\/a>un artista superdotado. Aprovechamos la ocasi\u00f3n para agradecerte, querido Matto, tu incre\u00edble talento para plasmar tan acertadamente en un personaje todos nuestros deseos.<\/p>\n\n\t\t<\/div>\n\t\t\t\t\n<style>\n#col-912946473 > .col-inner {\n  margin: 0px 0px -20px 0px;\n}\n<\/style>\n\t<\/div>\n\n\t\n\n\t<div id=\"col-1883928249\" class=\"col medium-3 small-12 large-3\"  >\n\t\t\t\t<div class=\"col-inner\"  >\n\t\t\t\n\t\t\t\n\n<h2 style=\"text-align: left;\">Producci\u00f3n<\/h2>\n<p style=\"text-align: justify;\">Estoy incre\u00edblemente orgulloso de que me fabrique en el este de Suiza una gran y reconocida PYME familiar de segunda generaci\u00f3n. Con muchos a\u00f1os de experiencia en la fabricaci\u00f3n de piezas de pl\u00e1stico, son los fabricantes perfectos para m\u00ed. Me parece estupendo que me hayan dado aqu\u00ed mi propio molde y que mi nombre est\u00e9 escrito tan bien en mi superficie algo rugosa.<\/p>\n\n\t\t<\/div>\n\t\t\t\t\n<style>\n#col-1883928249 > .col-inner {\n  margin: 0px 0px -20px 0px;\n}\n<\/style>\n\t<\/div>\n\n\t\n\n\t<div id=\"col-1977526000\" class=\"col medium-3 small-12 large-3\"  >\n\t\t\t\t<div class=\"col-inner\"  >\n\t\t\t\n\t\t\t\n\n<h2>Embalaje<\/h2>\n<div class=\"cc-m-hgrid-column last\">\n<div id=\"cc-matrix-5475103625\">\n<div id=\"cc-m-17575004825\" class=\"j-module n j-text\">\n<p style=\"text-align: justify;\">Ni que decir tiene que tambi\u00e9n me empaquetan en Suiza. Paso por las maravillosas manos de los empleados de la fundaci\u00f3n\u00a0<a title=\"https:\/\/www.arwole.ch\/\" href=\"https:\/\/www.arwole.ch\/\" target=\"_blank\" rel=\"noopener noreferrer\">Arwole<\/a> en Sargans. La l\u00e1mina para ello se imprime 100% clim\u00e1ticamente neutra en Suiza. \u00bfSab\u00edas que mis piezas interiores y exteriores se insertan una dentro de otra a mano y que en el envasado tambi\u00e9n interviene mucho trabajo manual?<\/p>\n<\/div>\n<\/div>\n<\/div>\n\n\t\t<\/div>\n\t\t\t\t\t<\/div>\n\n\t\n\n<\/div>","protected":false},"excerpt":{"rendered":"<p><strong>Soy su sistema de cierre de bolsas m\u00e1s inteligente.<br \/>\n<\/strong>Cierro herm\u00e9tico y estanco<br \/>\nSoy apto para congelador y lavavajillas<br \/>\nSoy funcional para las bolsas de aluminio, papel y pl\u00e1stico<br \/>Me fabrican en Suiza<\/p>\n<p>El juego incluye:<br \/>\n2 x S - 14 cm - negro \/ antracita<br \/>\n2 x M - 18 cm - negro \/ antracita<br \/>\n2 x L - 22 cm - negro \/ antracita<\/p>","protected":false},"featured_media":48102,"template":"","meta":{"_acf_changed":false},"product_brand":[],"product_cat":[25],"product_tag":[],"class_list":{"0":"post-19049","1":"product","2":"type-product","3":"status-publish","4":"has-post-thumbnail","6":"product_cat-sets","7":"product_shipping_class-brief-4-90","9":"first","10":"instock","11":"taxable","12":"shipping-taxable","13":"purchasable","14":"product-type-simple"},"bundled_by":["19445","19444"],"bundle_stock_status":"instock","bundle_stock_quantity":451,"bundle_virtual":false,"bundle_layout":"","bundle_add_to_cart_form_location":"","bundle_editable_in_cart":false,"bundle_sold_individually_context":"","bundle_item_grouping":"","bundle_min_size":"","bundle_max_size":"","bundle_price":[],"bundled_items":[],"bundle_sell_ids":[],"acf":[],"yoast_head":"<!-- This site is optimized with the Yoast SEO plugin v26.8 - https:\/\/yoast.com\/product\/yoast-seo-wordpress\/ -->\n<title>T\u00dcTENH\u00dcTER - SCHWARZ | T\u00fctenh\u00fcter | das clevere T\u00fctenverschluss-System<\/title>\n<meta name=\"description\" content=\"T\u00dcTENH\u00dcTER | Das clevere T\u00fctenverschluss-System. Swiss Made. Wasserdicht. Luftdicht. Gefrierfest. Jetzt das Schweizer Original online bestellen.\" \/>\n<meta name=\"robots\" content=\"index, follow, max-snippet:-1, max-image-preview:large, max-video-preview:-1\" \/>\n<link rel=\"canonical\" href=\"https:\/\/boeoerds.ch\/es\/product\/tuetenhueter-6er-set-schwarz\/\" \/>\n<meta property=\"og:locale\" content=\"es_ES\" \/>\n<meta property=\"og:type\" content=\"article\" \/>\n<meta property=\"og:title\" content=\"T\u00dcTENH\u00dcTER - SCHWARZ | T\u00fctenh\u00fcter | das clevere T\u00fctenverschluss-System\" \/>\n<meta property=\"og:description\" content=\"T\u00dcTENH\u00dcTER | Das clevere T\u00fctenverschluss-System. Swiss Made. Wasserdicht. Luftdicht. Gefrierfest. Jetzt das Schweizer Original online bestellen.\" \/>\n<meta property=\"og:url\" content=\"https:\/\/boeoerds.ch\/es\/product\/tuetenhueter-6er-set-schwarz\/\" \/>\n<meta property=\"og:site_name\" content=\"T\u00fctenh\u00fcter | das clevere T\u00fctenverschluss-System\" \/>\n<meta property=\"article:publisher\" content=\"https:\/\/www.facebook.com\/B%c3%b6%c3%b6rds_T%c3%bctenh%c3%bcter-1790008597712368\/\" \/>\n<meta property=\"article:modified_time\" content=\"2026-04-13T19:59:27+00:00\" \/>\n<meta property=\"og:image\" content=\"https:\/\/boeoerds.ch\/wp-content\/uploads\/2020\/10\/Produktbilder_-7-Schwarz-6er-Set.jpeg\" \/>\n\t<meta property=\"og:image:width\" content=\"1080\" \/>\n\t<meta property=\"og:image:height\" content=\"1080\" \/>\n\t<meta property=\"og:image:type\" content=\"image\/jpeg\" \/>\n<meta name=\"twitter:card\" content=\"summary_large_image\" \/>\n<meta name=\"twitter:label1\" content=\"Tiempo de lectura\" \/>\n\t<meta name=\"twitter:data1\" content=\"1 minuto\" \/>\n<script type=\"application\/ld+json\" class=\"yoast-schema-graph\">{\"@context\":\"https:\/\/schema.org\",\"@graph\":[{\"@type\":\"WebPage\",\"@id\":\"https:\/\/boeoerds.ch\/product\/tuetenhueter-6er-set-schwarz\/\",\"url\":\"https:\/\/boeoerds.ch\/product\/tuetenhueter-6er-set-schwarz\/\",\"name\":\"T\u00dcTENH\u00dcTER - SCHWARZ | T\u00fctenh\u00fcter | das clevere T\u00fctenverschluss-System\",\"isPartOf\":{\"@id\":\"https:\/\/boeoerds.ch\/#website\"},\"primaryImageOfPage\":{\"@id\":\"https:\/\/boeoerds.ch\/product\/tuetenhueter-6er-set-schwarz\/#primaryimage\"},\"image\":{\"@id\":\"https:\/\/boeoerds.ch\/product\/tuetenhueter-6er-set-schwarz\/#primaryimage\"},\"thumbnailUrl\":\"https:\/\/boeoerds.ch\/wp-content\/uploads\/2020\/10\/Produktbilder_-7-Schwarz-6er-Set.jpeg\",\"datePublished\":\"2022-07-24T18:03:37+00:00\",\"dateModified\":\"2026-04-13T19:59:27+00:00\",\"description\":\"T\u00dcTENH\u00dcTER | Das clevere T\u00fctenverschluss-System. Swiss Made. Wasserdicht. Luftdicht. Gefrierfest. Jetzt das Schweizer Original online bestellen.\",\"breadcrumb\":{\"@id\":\"https:\/\/boeoerds.ch\/product\/tuetenhueter-6er-set-schwarz\/#breadcrumb\"},\"inLanguage\":\"es\",\"potentialAction\":[{\"@type\":\"ReadAction\",\"target\":[\"https:\/\/boeoerds.ch\/product\/tuetenhueter-6er-set-schwarz\/\"]}]},{\"@type\":\"ImageObject\",\"inLanguage\":\"es\",\"@id\":\"https:\/\/boeoerds.ch\/product\/tuetenhueter-6er-set-schwarz\/#primaryimage\",\"url\":\"https:\/\/boeoerds.ch\/wp-content\/uploads\/2020\/10\/Produktbilder_-7-Schwarz-6er-Set.jpeg\",\"contentUrl\":\"https:\/\/boeoerds.ch\/wp-content\/uploads\/2020\/10\/Produktbilder_-7-Schwarz-6er-Set.jpeg\",\"width\":1080,\"height\":1080},{\"@type\":\"BreadcrumbList\",\"@id\":\"https:\/\/boeoerds.ch\/product\/tuetenhueter-6er-set-schwarz\/#breadcrumb\",\"itemListElement\":[{\"@type\":\"ListItem\",\"position\":1,\"name\":\"Online-Shop\",\"item\":\"https:\/\/boeoerds.ch\/shop\/\"},{\"@type\":\"ListItem\",\"position\":2,\"name\":\"T\u00dcTENH\u00dcTER &#8211; SCHWARZ\"}]},{\"@type\":\"WebSite\",\"@id\":\"https:\/\/boeoerds.ch\/#website\",\"url\":\"https:\/\/boeoerds.ch\/\",\"name\":\"T\u00fctenh\u00fcter | das clevere T\u00fctenverschluss-System\",\"description\":\"T\u00dcTENH\u00dcTER - das clevere T\u00fctenverschluss-System. Swiss Made. Wasserdicht. Luftdicht. Gefrierfest. Jetzt das Schweizer Original online bestellen.\",\"publisher\":{\"@id\":\"https:\/\/boeoerds.ch\/#organization\"},\"potentialAction\":[{\"@type\":\"SearchAction\",\"target\":{\"@type\":\"EntryPoint\",\"urlTemplate\":\"https:\/\/boeoerds.ch\/?s={search_term_string}\"},\"query-input\":{\"@type\":\"PropertyValueSpecification\",\"valueRequired\":true,\"valueName\":\"search_term_string\"}}],\"inLanguage\":\"es\"},{\"@type\":\"Organization\",\"@id\":\"https:\/\/boeoerds.ch\/#organization\",\"name\":\"b\u00f6\u00f6rds AG\",\"url\":\"https:\/\/boeoerds.ch\/\",\"logo\":{\"@type\":\"ImageObject\",\"inLanguage\":\"es\",\"@id\":\"https:\/\/boeoerds.ch\/#\/schema\/logo\/image\/\",\"url\":\"https:\/\/boeoerds.ch\/wp-content\/uploads\/2022\/03\/cropped-WhatsApp-Image-2022-03-31-at-09.47.28.jpeg\",\"contentUrl\":\"https:\/\/boeoerds.ch\/wp-content\/uploads\/2022\/03\/cropped-WhatsApp-Image-2022-03-31-at-09.47.28.jpeg\",\"width\":512,\"height\":512,\"caption\":\"b\u00f6\u00f6rds AG\"},\"image\":{\"@id\":\"https:\/\/boeoerds.ch\/#\/schema\/logo\/image\/\"},\"sameAs\":[\"https:\/\/www.facebook.com\/B\u00f6\u00f6rds_T\u00fctenh\u00fcter-1790008597712368\/\",\"https:\/\/www.instagram.com\/boeoerds_tuetenhueter\/?hl=de\",\"https:\/\/www.youtube.com\/channel\/UCdZ4kOjlZLThuAsbAH__Pug\"]}]}<\/script>\n<!-- \/ Yoast SEO plugin. -->","yoast_head_json":{"title":"T\u00dcTENH\u00dcTER - NEGRO | T\u00fctenh\u00fcter | el sistema inteligente de cierre de bolsas","description":"T\u00dcTENH\u00dcTER | El ingenioso sistema de cierre de bolsas. Fabricado en Suiza. Impermeable. Herm\u00e9tico. A prueba de congelaci\u00f3n. Pida ahora el original suizo en l\u00ednea.","robots":{"index":"index","follow":"follow","max-snippet":"max-snippet:-1","max-image-preview":"max-image-preview:large","max-video-preview":"max-video-preview:-1"},"canonical":"https:\/\/boeoerds.ch\/es\/product\/tuetenhueter-6er-set-schwarz\/","og_locale":"es_ES","og_type":"article","og_title":"T\u00dcTENH\u00dcTER - SCHWARZ | T\u00fctenh\u00fcter | das clevere T\u00fctenverschluss-System","og_description":"T\u00dcTENH\u00dcTER | Das clevere T\u00fctenverschluss-System. Swiss Made. Wasserdicht. Luftdicht. Gefrierfest. Jetzt das Schweizer Original online bestellen.","og_url":"https:\/\/boeoerds.ch\/es\/product\/tuetenhueter-6er-set-schwarz\/","og_site_name":"T\u00fctenh\u00fcter | das clevere T\u00fctenverschluss-System","article_publisher":"https:\/\/www.facebook.com\/B%c3%b6%c3%b6rds_T%c3%bctenh%c3%bcter-1790008597712368\/","article_modified_time":"2026-04-13T19:59:27+00:00","og_image":[{"width":1080,"height":1080,"url":"https:\/\/boeoerds.ch\/wp-content\/uploads\/2020\/10\/Produktbilder_-7-Schwarz-6er-Set.jpeg","type":"image\/jpeg"}],"twitter_card":"summary_large_image","twitter_misc":{"Tiempo de lectura":"1 minuto"},"schema":{"@context":"https:\/\/schema.org","@graph":[{"@type":"WebPage","@id":"https:\/\/boeoerds.ch\/product\/tuetenhueter-6er-set-schwarz\/","url":"https:\/\/boeoerds.ch\/product\/tuetenhueter-6er-set-schwarz\/","name":"T\u00dcTENH\u00dcTER - NEGRO | T\u00fctenh\u00fcter | el sistema inteligente de cierre de bolsas","isPartOf":{"@id":"https:\/\/boeoerds.ch\/#website"},"primaryImageOfPage":{"@id":"https:\/\/boeoerds.ch\/product\/tuetenhueter-6er-set-schwarz\/#primaryimage"},"image":{"@id":"https:\/\/boeoerds.ch\/product\/tuetenhueter-6er-set-schwarz\/#primaryimage"},"thumbnailUrl":"https:\/\/boeoerds.ch\/wp-content\/uploads\/2020\/10\/Produktbilder_-7-Schwarz-6er-Set.jpeg","datePublished":"2022-07-24T18:03:37+00:00","dateModified":"2026-04-13T19:59:27+00:00","description":"T\u00dcTENH\u00dcTER | El ingenioso sistema de cierre de bolsas. Fabricado en Suiza. Impermeable. Herm\u00e9tico. A prueba de congelaci\u00f3n. Pida ahora el original suizo en l\u00ednea.","breadcrumb":{"@id":"https:\/\/boeoerds.ch\/product\/tuetenhueter-6er-set-schwarz\/#breadcrumb"},"inLanguage":"es","potentialAction":[{"@type":"ReadAction","target":["https:\/\/boeoerds.ch\/product\/tuetenhueter-6er-set-schwarz\/"]}]},{"@type":"ImageObject","inLanguage":"es","@id":"https:\/\/boeoerds.ch\/product\/tuetenhueter-6er-set-schwarz\/#primaryimage","url":"https:\/\/boeoerds.ch\/wp-content\/uploads\/2020\/10\/Produktbilder_-7-Schwarz-6er-Set.jpeg","contentUrl":"https:\/\/boeoerds.ch\/wp-content\/uploads\/2020\/10\/Produktbilder_-7-Schwarz-6er-Set.jpeg","width":1080,"height":1080},{"@type":"BreadcrumbList","@id":"https:\/\/boeoerds.ch\/product\/tuetenhueter-6er-set-schwarz\/#breadcrumb","itemListElement":[{"@type":"ListItem","position":1,"name":"Online-Shop","item":"https:\/\/boeoerds.ch\/shop\/"},{"@type":"ListItem","position":2,"name":"T\u00dcTENH\u00dcTER &#8211; SCHWARZ"}]},{"@type":"WebSite","@id":"https:\/\/boeoerds.ch\/#website","url":"https:\/\/boeoerds.ch\/","name":"T\u00fctenh\u00fcter | el sistema inteligente de cierre de bolsas","description":"T\u00dcTENH\u00dcTER - el sistema inteligente de cierre de bolsas. Fabricado en Suiza. Estanco al agua. Herm\u00e9tico al aire. A prueba de congelaci\u00f3n. Pida ahora el original suizo en l\u00ednea.","publisher":{"@id":"https:\/\/boeoerds.ch\/#organization"},"potentialAction":[{"@type":"SearchAction","target":{"@type":"EntryPoint","urlTemplate":"https:\/\/boeoerds.ch\/?s={search_term_string}"},"query-input":{"@type":"PropertyValueSpecification","valueRequired":true,"valueName":"search_term_string"}}],"inLanguage":"es"},{"@type":"Organization","@id":"https:\/\/boeoerds.ch\/#organization","name":"b\u00f6\u00f6rds AG","url":"https:\/\/boeoerds.ch\/","logo":{"@type":"ImageObject","inLanguage":"es","@id":"https:\/\/boeoerds.ch\/#\/schema\/logo\/image\/","url":"https:\/\/boeoerds.ch\/wp-content\/uploads\/2022\/03\/cropped-WhatsApp-Image-2022-03-31-at-09.47.28.jpeg","contentUrl":"https:\/\/boeoerds.ch\/wp-content\/uploads\/2022\/03\/cropped-WhatsApp-Image-2022-03-31-at-09.47.28.jpeg","width":512,"height":512,"caption":"b\u00f6\u00f6rds AG"},"image":{"@id":"https:\/\/boeoerds.ch\/#\/schema\/logo\/image\/"},"sameAs":["https:\/\/www.facebook.com\/B\u00f6\u00f6rds_T\u00fctenh\u00fcter-1790008597712368\/","https:\/\/www.instagram.com\/boeoerds_tuetenhueter\/?hl=de","https:\/\/www.youtube.com\/channel\/UCdZ4kOjlZLThuAsbAH__Pug"]}]}},"_links":{"self":[{"href":"https:\/\/boeoerds.ch\/es\/wp-json\/wp\/v2\/product\/19049","targetHints":{"allow":["GET"]}}],"collection":[{"href":"https:\/\/boeoerds.ch\/es\/wp-json\/wp\/v2\/product"}],"about":[{"href":"https:\/\/boeoerds.ch\/es\/wp-json\/wp\/v2\/types\/product"}],"wp:featuredmedia":[{"embeddable":true,"href":"https:\/\/boeoerds.ch\/es\/wp-json\/wp\/v2\/media\/48102"}],"wp:attachment":[{"href":"https:\/\/boeoerds.ch\/es\/wp-json\/wp\/v2\/media?parent=19049"}],"wp:term":[{"taxonomy":"product_brand","embeddable":true,"href":"https:\/\/boeoerds.ch\/es\/wp-json\/wp\/v2\/product_brand?post=19049"},{"taxonomy":"product_cat","embeddable":true,"href":"https:\/\/boeoerds.ch\/es\/wp-json\/wp\/v2\/product_cat?post=19049"},{"taxonomy":"product_tag","embeddable":true,"href":"https:\/\/boeoerds.ch\/es\/wp-json\/wp\/v2\/product_tag?post=19049"}],"curies":[{"name":"wp","href":"https:\/\/api.w.org\/{rel}","templated":true}]}}