{"id":1652,"date":"2020-11-22T23:00:33","date_gmt":"2020-11-22T22:00:33","guid":{"rendered":"https:\/\/boeoerds.ch\/?post_type=product&#038;p=1652"},"modified":"2026-04-21T16:54:50","modified_gmt":"2026-04-21T14:54:50","slug":"wege-zum-erfolg-vordenker-vormacher-vorbilder-vol-2","status":"publish","type":"product","link":"https:\/\/boeoerds.ch\/es\/product\/wege-zum-erfolg-vordenker-vormacher-vorbilder-vol-2\/","title":{"rendered":"\"WEGE ZUM ERFLOG\" mentes maestras - pioneros - modelos de conducta Vol.2"},"content":{"rendered":"<div id=\"event-description\"><strong>Con el apoyo de womenbiz<\/strong>\u00a0muestra a 10 empresarias que cuentan su historia<br \/>\n\u00a1e inspirar\u00e1n a otras mujeres como modelos a seguir!<br \/>\nSon mujeres que tuvieron una idea, una visi\u00f3n y el valor de hacer realidad su sue\u00f1o.<br \/>\n10 mujeres comparten sus historias con nosotros. Nos cuentan sus etapas de aprendizaje, sus momentos m\u00e1s bajos y sus situaciones de \u00e9xito, as\u00ed como su experiencia profesional. Te esperan 10 historias emocionantes, inspiradoras y emotivas. Y la de Sandra es una de ellas.<\/div>","protected":false},"excerpt":{"rendered":"<div class=\"hidden-sm-down\">\n<p>En este libro, Sandra cuenta la historia de su viaje hasta conocer a Chrigi y c\u00f3mo el T\u00fctenh\u00fcter se abri\u00f3 camino en su vida. Qu\u00e9 tiene que ver todo esto con creer en s\u00ed misma, qui\u00e9n ha influido en ella a lo largo del camino, por qu\u00e9 encuentra tan absurdas las cuestiones de g\u00e9nero. Por qu\u00e9 los celos y el resentimiento no son buenos compa\u00f1eros en el camino y qu\u00e9 puedes hacer t\u00fa tambi\u00e9n activamente para tener una vida plena y feliz. Por qu\u00e9 el \u00e9xito es algo diferente para cada persona - para Sandra es llegar a ti mismo, ser t\u00fa mismo - vivir. Conocer tus propios deseos y necesidades y perseguirlos. Estar centrado y no querer complacer a todo el mundo. Por eso dice \"no tengo que gustar a todo el mundo\" y \"s\u00f3lo hay una verdad, la tuya\". El libro pretende inspirar, cuestionar, dar que pensar y motivar para seguir CAMINANDO HACIA EL \u00c9XITO.<\/p>\n<\/div>","protected":false},"featured_media":2104,"template":"","meta":{"_acf_changed":false},"product_brand":[],"product_cat":[29],"product_tag":[],"class_list":{"0":"post-1652","1":"product","2":"type-product","3":"status-publish","4":"has-post-thumbnail","6":"product_cat-servietten-von-boeoerds","7":"product_shipping_class-brief-4-90","9":"first","10":"instock","11":"taxable","12":"shipping-taxable","13":"purchasable","14":"product-type-simple"},"bundled_by":[],"bundle_stock_status":"instock","bundle_stock_quantity":140,"bundle_virtual":false,"bundle_layout":"","bundle_add_to_cart_form_location":"","bundle_editable_in_cart":false,"bundle_sold_individually_context":"","bundle_item_grouping":"","bundle_min_size":"","bundle_max_size":"","bundle_price":[],"bundled_items":[],"bundle_sell_ids":[],"acf":[],"yoast_head":"<!-- This site is optimized with the Yoast SEO plugin v26.8 - https:\/\/yoast.com\/product\/yoast-seo-wordpress\/ -->\n<title>&quot;WEGE ZUM ERFLOG&quot; Vordenker - Vormacher - Vorbilder Vol.2 | T\u00fctenh\u00fcter | das clevere T\u00fctenverschluss-System<\/title>\n<meta name=\"description\" content=\"T\u00dcTENH\u00dcTER | Das clevere T\u00fctenverschluss-System. Swiss Made. Wasserdicht. Luftdicht. Gefrierfest. Jetzt das Schweizer Original online bestellen.\" \/>\n<meta name=\"robots\" content=\"index, follow, max-snippet:-1, max-image-preview:large, max-video-preview:-1\" \/>\n<link rel=\"canonical\" href=\"https:\/\/boeoerds.ch\/es\/product\/wege-zum-erfolg-vordenker-vormacher-vorbilder-vol-2\/\" \/>\n<meta property=\"og:locale\" content=\"es_ES\" \/>\n<meta property=\"og:type\" content=\"article\" \/>\n<meta property=\"og:title\" content=\"&quot;WEGE ZUM ERFLOG&quot; Vordenker - Vormacher - Vorbilder Vol.2 | T\u00fctenh\u00fcter | das clevere T\u00fctenverschluss-System\" \/>\n<meta property=\"og:description\" content=\"T\u00dcTENH\u00dcTER | Das clevere T\u00fctenverschluss-System. Swiss Made. Wasserdicht. Luftdicht. Gefrierfest. Jetzt das Schweizer Original online bestellen.\" \/>\n<meta property=\"og:url\" content=\"https:\/\/boeoerds.ch\/es\/product\/wege-zum-erfolg-vordenker-vormacher-vorbilder-vol-2\/\" \/>\n<meta property=\"og:site_name\" content=\"T\u00fctenh\u00fcter | das clevere T\u00fctenverschluss-System\" \/>\n<meta property=\"article:publisher\" content=\"https:\/\/www.facebook.com\/B%c3%b6%c3%b6rds_T%c3%bctenh%c3%bcter-1790008597712368\/\" \/>\n<meta property=\"article:modified_time\" content=\"2026-04-21T14:54:50+00:00\" \/>\n<meta property=\"og:image\" content=\"https:\/\/boeoerds.ch\/wp-content\/uploads\/2020\/11\/Buch_Packshot_Quadratisch.jpg\" \/>\n\t<meta property=\"og:image:width\" content=\"1127\" \/>\n\t<meta property=\"og:image:height\" content=\"1127\" \/>\n\t<meta property=\"og:image:type\" content=\"image\/jpeg\" \/>\n<meta name=\"twitter:card\" content=\"summary_large_image\" \/>\n<meta name=\"twitter:label1\" content=\"Tiempo de lectura\" \/>\n\t<meta name=\"twitter:data1\" content=\"1 minuto\" \/>\n<script type=\"application\/ld+json\" class=\"yoast-schema-graph\">{\"@context\":\"https:\/\/schema.org\",\"@graph\":[{\"@type\":\"WebPage\",\"@id\":\"https:\/\/boeoerds.ch\/product\/wege-zum-erfolg-vordenker-vormacher-vorbilder-vol-2\/\",\"url\":\"https:\/\/boeoerds.ch\/product\/wege-zum-erfolg-vordenker-vormacher-vorbilder-vol-2\/\",\"name\":\"\\\"WEGE ZUM ERFLOG\\\" Vordenker - Vormacher - Vorbilder Vol.2 | T\u00fctenh\u00fcter | das clevere T\u00fctenverschluss-System\",\"isPartOf\":{\"@id\":\"https:\/\/boeoerds.ch\/#website\"},\"primaryImageOfPage\":{\"@id\":\"https:\/\/boeoerds.ch\/product\/wege-zum-erfolg-vordenker-vormacher-vorbilder-vol-2\/#primaryimage\"},\"image\":{\"@id\":\"https:\/\/boeoerds.ch\/product\/wege-zum-erfolg-vordenker-vormacher-vorbilder-vol-2\/#primaryimage\"},\"thumbnailUrl\":\"https:\/\/boeoerds.ch\/wp-content\/uploads\/2020\/11\/Buch_Packshot_Quadratisch.jpg\",\"datePublished\":\"2020-11-22T22:00:33+00:00\",\"dateModified\":\"2026-04-21T14:54:50+00:00\",\"description\":\"T\u00dcTENH\u00dcTER | Das clevere T\u00fctenverschluss-System. Swiss Made. Wasserdicht. Luftdicht. Gefrierfest. Jetzt das Schweizer Original online bestellen.\",\"breadcrumb\":{\"@id\":\"https:\/\/boeoerds.ch\/product\/wege-zum-erfolg-vordenker-vormacher-vorbilder-vol-2\/#breadcrumb\"},\"inLanguage\":\"es\",\"potentialAction\":[{\"@type\":\"ReadAction\",\"target\":[\"https:\/\/boeoerds.ch\/product\/wege-zum-erfolg-vordenker-vormacher-vorbilder-vol-2\/\"]}]},{\"@type\":\"ImageObject\",\"inLanguage\":\"es\",\"@id\":\"https:\/\/boeoerds.ch\/product\/wege-zum-erfolg-vordenker-vormacher-vorbilder-vol-2\/#primaryimage\",\"url\":\"https:\/\/boeoerds.ch\/wp-content\/uploads\/2020\/11\/Buch_Packshot_Quadratisch.jpg\",\"contentUrl\":\"https:\/\/boeoerds.ch\/wp-content\/uploads\/2020\/11\/Buch_Packshot_Quadratisch.jpg\",\"width\":1127,\"height\":1127},{\"@type\":\"BreadcrumbList\",\"@id\":\"https:\/\/boeoerds.ch\/product\/wege-zum-erfolg-vordenker-vormacher-vorbilder-vol-2\/#breadcrumb\",\"itemListElement\":[{\"@type\":\"ListItem\",\"position\":1,\"name\":\"Online-Shop\",\"item\":\"https:\/\/boeoerds.ch\/shop\/\"},{\"@type\":\"ListItem\",\"position\":2,\"name\":\"&#8222;WEGE ZUM ERFLOG&#8220; Vordenker &#8211; Vormacher &#8211; Vorbilder Vol.2\"}]},{\"@type\":\"WebSite\",\"@id\":\"https:\/\/boeoerds.ch\/#website\",\"url\":\"https:\/\/boeoerds.ch\/\",\"name\":\"T\u00fctenh\u00fcter | das clevere T\u00fctenverschluss-System\",\"description\":\"T\u00dcTENH\u00dcTER - das clevere T\u00fctenverschluss-System. Swiss Made. Wasserdicht. Luftdicht. Gefrierfest. Jetzt das Schweizer Original online bestellen.\",\"publisher\":{\"@id\":\"https:\/\/boeoerds.ch\/#organization\"},\"potentialAction\":[{\"@type\":\"SearchAction\",\"target\":{\"@type\":\"EntryPoint\",\"urlTemplate\":\"https:\/\/boeoerds.ch\/?s={search_term_string}\"},\"query-input\":{\"@type\":\"PropertyValueSpecification\",\"valueRequired\":true,\"valueName\":\"search_term_string\"}}],\"inLanguage\":\"es\"},{\"@type\":\"Organization\",\"@id\":\"https:\/\/boeoerds.ch\/#organization\",\"name\":\"b\u00f6\u00f6rds AG\",\"url\":\"https:\/\/boeoerds.ch\/\",\"logo\":{\"@type\":\"ImageObject\",\"inLanguage\":\"es\",\"@id\":\"https:\/\/boeoerds.ch\/#\/schema\/logo\/image\/\",\"url\":\"https:\/\/boeoerds.ch\/wp-content\/uploads\/2022\/03\/cropped-WhatsApp-Image-2022-03-31-at-09.47.28.jpeg\",\"contentUrl\":\"https:\/\/boeoerds.ch\/wp-content\/uploads\/2022\/03\/cropped-WhatsApp-Image-2022-03-31-at-09.47.28.jpeg\",\"width\":512,\"height\":512,\"caption\":\"b\u00f6\u00f6rds AG\"},\"image\":{\"@id\":\"https:\/\/boeoerds.ch\/#\/schema\/logo\/image\/\"},\"sameAs\":[\"https:\/\/www.facebook.com\/B\u00f6\u00f6rds_T\u00fctenh\u00fcter-1790008597712368\/\",\"https:\/\/www.instagram.com\/boeoerds_tuetenhueter\/?hl=de\",\"https:\/\/www.youtube.com\/channel\/UCdZ4kOjlZLThuAsbAH__Pug\"]}]}<\/script>\n<!-- \/ Yoast SEO plugin. -->","yoast_head_json":{"title":"\"WEGE ZUM ERFLOG\" Vordenker - Vormacher - Vorbilder Vol.2 | T\u00fctenh\u00fcter | das clevere T\u00fctenverschluss-System","description":"T\u00dcTENH\u00dcTER | El ingenioso sistema de cierre de bolsas. Fabricado en Suiza. Impermeable. Herm\u00e9tico. A prueba de congelaci\u00f3n. Pida ahora el original suizo en l\u00ednea.","robots":{"index":"index","follow":"follow","max-snippet":"max-snippet:-1","max-image-preview":"max-image-preview:large","max-video-preview":"max-video-preview:-1"},"canonical":"https:\/\/boeoerds.ch\/es\/product\/wege-zum-erfolg-vordenker-vormacher-vorbilder-vol-2\/","og_locale":"es_ES","og_type":"article","og_title":"\"WEGE ZUM ERFLOG\" Vordenker - Vormacher - Vorbilder Vol.2 | T\u00fctenh\u00fcter | das clevere T\u00fctenverschluss-System","og_description":"T\u00dcTENH\u00dcTER | Das clevere T\u00fctenverschluss-System. Swiss Made. Wasserdicht. Luftdicht. Gefrierfest. Jetzt das Schweizer Original online bestellen.","og_url":"https:\/\/boeoerds.ch\/es\/product\/wege-zum-erfolg-vordenker-vormacher-vorbilder-vol-2\/","og_site_name":"T\u00fctenh\u00fcter | das clevere T\u00fctenverschluss-System","article_publisher":"https:\/\/www.facebook.com\/B%c3%b6%c3%b6rds_T%c3%bctenh%c3%bcter-1790008597712368\/","article_modified_time":"2026-04-21T14:54:50+00:00","og_image":[{"width":1127,"height":1127,"url":"https:\/\/boeoerds.ch\/wp-content\/uploads\/2020\/11\/Buch_Packshot_Quadratisch.jpg","type":"image\/jpeg"}],"twitter_card":"summary_large_image","twitter_misc":{"Tiempo de lectura":"1 minuto"},"schema":{"@context":"https:\/\/schema.org","@graph":[{"@type":"WebPage","@id":"https:\/\/boeoerds.ch\/product\/wege-zum-erfolg-vordenker-vormacher-vorbilder-vol-2\/","url":"https:\/\/boeoerds.ch\/product\/wege-zum-erfolg-vordenker-vormacher-vorbilder-vol-2\/","name":"\"WEGE ZUM ERFLOG\" Vordenker - Vormacher - Vorbilder Vol.2 | T\u00fctenh\u00fcter | das clevere T\u00fctenverschluss-System","isPartOf":{"@id":"https:\/\/boeoerds.ch\/#website"},"primaryImageOfPage":{"@id":"https:\/\/boeoerds.ch\/product\/wege-zum-erfolg-vordenker-vormacher-vorbilder-vol-2\/#primaryimage"},"image":{"@id":"https:\/\/boeoerds.ch\/product\/wege-zum-erfolg-vordenker-vormacher-vorbilder-vol-2\/#primaryimage"},"thumbnailUrl":"https:\/\/boeoerds.ch\/wp-content\/uploads\/2020\/11\/Buch_Packshot_Quadratisch.jpg","datePublished":"2020-11-22T22:00:33+00:00","dateModified":"2026-04-21T14:54:50+00:00","description":"T\u00dcTENH\u00dcTER | El ingenioso sistema de cierre de bolsas. Fabricado en Suiza. Impermeable. Herm\u00e9tico. A prueba de congelaci\u00f3n. Pida ahora el original suizo en l\u00ednea.","breadcrumb":{"@id":"https:\/\/boeoerds.ch\/product\/wege-zum-erfolg-vordenker-vormacher-vorbilder-vol-2\/#breadcrumb"},"inLanguage":"es","potentialAction":[{"@type":"ReadAction","target":["https:\/\/boeoerds.ch\/product\/wege-zum-erfolg-vordenker-vormacher-vorbilder-vol-2\/"]}]},{"@type":"ImageObject","inLanguage":"es","@id":"https:\/\/boeoerds.ch\/product\/wege-zum-erfolg-vordenker-vormacher-vorbilder-vol-2\/#primaryimage","url":"https:\/\/boeoerds.ch\/wp-content\/uploads\/2020\/11\/Buch_Packshot_Quadratisch.jpg","contentUrl":"https:\/\/boeoerds.ch\/wp-content\/uploads\/2020\/11\/Buch_Packshot_Quadratisch.jpg","width":1127,"height":1127},{"@type":"BreadcrumbList","@id":"https:\/\/boeoerds.ch\/product\/wege-zum-erfolg-vordenker-vormacher-vorbilder-vol-2\/#breadcrumb","itemListElement":[{"@type":"ListItem","position":1,"name":"Online-Shop","item":"https:\/\/boeoerds.ch\/shop\/"},{"@type":"ListItem","position":2,"name":"&#8222;WEGE ZUM ERFLOG&#8220; Vordenker &#8211; Vormacher &#8211; Vorbilder Vol.2"}]},{"@type":"WebSite","@id":"https:\/\/boeoerds.ch\/#website","url":"https:\/\/boeoerds.ch\/","name":"T\u00fctenh\u00fcter | el sistema inteligente de cierre de bolsas","description":"T\u00dcTENH\u00dcTER - el sistema inteligente de cierre de bolsas. Fabricado en Suiza. Estanco al agua. Herm\u00e9tico al aire. A prueba de congelaci\u00f3n. Pida ahora el original suizo en l\u00ednea.","publisher":{"@id":"https:\/\/boeoerds.ch\/#organization"},"potentialAction":[{"@type":"SearchAction","target":{"@type":"EntryPoint","urlTemplate":"https:\/\/boeoerds.ch\/?s={search_term_string}"},"query-input":{"@type":"PropertyValueSpecification","valueRequired":true,"valueName":"search_term_string"}}],"inLanguage":"es"},{"@type":"Organization","@id":"https:\/\/boeoerds.ch\/#organization","name":"b\u00f6\u00f6rds AG","url":"https:\/\/boeoerds.ch\/","logo":{"@type":"ImageObject","inLanguage":"es","@id":"https:\/\/boeoerds.ch\/#\/schema\/logo\/image\/","url":"https:\/\/boeoerds.ch\/wp-content\/uploads\/2022\/03\/cropped-WhatsApp-Image-2022-03-31-at-09.47.28.jpeg","contentUrl":"https:\/\/boeoerds.ch\/wp-content\/uploads\/2022\/03\/cropped-WhatsApp-Image-2022-03-31-at-09.47.28.jpeg","width":512,"height":512,"caption":"b\u00f6\u00f6rds AG"},"image":{"@id":"https:\/\/boeoerds.ch\/#\/schema\/logo\/image\/"},"sameAs":["https:\/\/www.facebook.com\/B\u00f6\u00f6rds_T\u00fctenh\u00fcter-1790008597712368\/","https:\/\/www.instagram.com\/boeoerds_tuetenhueter\/?hl=de","https:\/\/www.youtube.com\/channel\/UCdZ4kOjlZLThuAsbAH__Pug"]}]}},"_links":{"self":[{"href":"https:\/\/boeoerds.ch\/es\/wp-json\/wp\/v2\/product\/1652","targetHints":{"allow":["GET"]}}],"collection":[{"href":"https:\/\/boeoerds.ch\/es\/wp-json\/wp\/v2\/product"}],"about":[{"href":"https:\/\/boeoerds.ch\/es\/wp-json\/wp\/v2\/types\/product"}],"wp:featuredmedia":[{"embeddable":true,"href":"https:\/\/boeoerds.ch\/es\/wp-json\/wp\/v2\/media\/2104"}],"wp:attachment":[{"href":"https:\/\/boeoerds.ch\/es\/wp-json\/wp\/v2\/media?parent=1652"}],"wp:term":[{"taxonomy":"product_brand","embeddable":true,"href":"https:\/\/boeoerds.ch\/es\/wp-json\/wp\/v2\/product_brand?post=1652"},{"taxonomy":"product_cat","embeddable":true,"href":"https:\/\/boeoerds.ch\/es\/wp-json\/wp\/v2\/product_cat?post=1652"},{"taxonomy":"product_tag","embeddable":true,"href":"https:\/\/boeoerds.ch\/es\/wp-json\/wp\/v2\/product_tag?post=1652"}],"curies":[{"name":"wp","href":"https:\/\/api.w.org\/{rel}","templated":true}]}}