{"id":35504,"date":"2024-08-12T16:53:11","date_gmt":"2024-08-12T14:53:11","guid":{"rendered":"https:\/\/boeoerds.ch\/?page_id=35504"},"modified":"2024-08-15T11:14:56","modified_gmt":"2024-08-15T09:14:56","slug":"bligg-wettbewerb-individualisiert","status":"publish","type":"page","link":"https:\/\/boeoerds.ch\/es\/bligg-wettbewerb-individualisiert\/","title":{"rendered":"BLIGG Wettbewerb Individualisiert"},"content":{"rendered":"<div class=\"row row-small align-middle align-center\"  id=\"row-1759997604\">\n\n\n\t<div id=\"col-1068296497\" class=\"col medium-4 small-12 large-4\"  >\n\t\t\t\t<div class=\"col-inner\"  >\n\t\t\t\n\t\t\t\n\n<div class=\"video video-fit mb hidden\" style=\"padding-top:56.25%;\"><div style=\"width: 640px;\" class=\"wp-video\"><video class=\"wp-video-shortcode\" id=\"video-35504-1\" width=\"640\" height=\"360\" preload=\"metadata\" controls=\"controls\"><source type=\"video\/mp4\" src=\"https:\/\/boeoerds.ch\/wp-content\/uploads\/2021\/06\/boeoerds_v5_lang_weniger-aufgeloest.mp4?_=1\" \/><a href=\"https:\/\/boeoerds.ch\/wp-content\/uploads\/2021\/06\/boeoerds_v5_lang_weniger-aufgeloest.mp4\">https:\/\/boeoerds.ch\/wp-content\/uploads\/2021\/06\/boeoerds_v5_lang_weniger-aufgeloest.mp4<\/a><\/video><\/div><\/div>\n\n<div class=\"slider-wrapper relative\" id=\"slider-872821448\" >\n    <div class=\"slider slider-nav-circle slider-nav-large slider-nav-dark slider-style-normal slider-show-nav\"\n        data-flickity-options='{            \"cellAlign\": \"center\",            \"imagesLoaded\": true,            \"lazyLoad\": 1,            \"freeScroll\": false,            \"wrapAround\": true,            \"autoPlay\": 2000,            \"pauseAutoPlayOnHover\" : true,            \"prevNextButtons\": true,            \"contain\" : true,            \"adaptiveHeight\" : true,            \"dragThreshold\" : 10,            \"percentPosition\": true,            \"pageDots\": true,            \"rightToLeft\": false,            \"draggable\": true,            \"selectedAttraction\": 0.1,            \"parallax\" : 0,            \"friction\": 0.6        }'\n        >\n        \n\n\n  <div class=\"banner has-hover\" id=\"banner-806989454\">\n          <div class=\"banner-inner fill\">\n        <div class=\"banner-bg fill\" >\n            <img loading=\"lazy\" decoding=\"async\" width=\"1020\" height=\"1020\" src=\"https:\/\/boeoerds.ch\/wp-content\/uploads\/2024\/08\/BlGG-Wettbewerb-1-1024x1024.jpg\" class=\"bg attachment-large size-large\" alt=\"\" \/>                                    \n                    <\/div>\n\t\t\n        <div class=\"banner-layers container\">\n            <div class=\"fill banner-link\"><\/div>            \n\n\n        <\/div>\n      <\/div>\n\n            \n<style>\n#banner-806989454 {\n  padding-top: 99.99%;\n  background-color: rgb(0,0,0);\n}\n@media (min-width:550px) {\n  #banner-806989454 {\n    padding-top: 99.99%;\n  }\n}\n<\/style>\n  <\/div>\n\n\n\n  <div class=\"banner has-hover has-video\" id=\"banner-970156011\">\n          <div class=\"banner-inner fill\">\n        <div class=\"banner-bg fill\" >\n            <img loading=\"lazy\" decoding=\"async\" width=\"1020\" height=\"1020\" src=\"https:\/\/boeoerds.ch\/wp-content\/uploads\/2024\/08\/Tuetenhueter_BLIGG_3-1-1024x1024.jpg\" class=\"bg attachment-large size-large\" alt=\"\" \/>            \t<div class=\"video-overlay no-click fill visible\"><\/div>\n\t<video class=\"video-bg fill visible\" preload playsinline autoplay>\n\t\t<source src=\"https:\/\/boeoerds.ch\/wp-content\/uploads\/2024\/08\/Bligg_Wettbewerb_quadratisch.mp4\" type=\"video\/mp4\">\t<\/video>\n                        \n                    <\/div>\n\t\t\n        <div class=\"banner-layers container\">\n            <div class=\"fill banner-link\"><\/div>            \n\n\n        <\/div>\n      <\/div>\n\n            \n<style>\n#banner-970156011 {\n  padding-top: 99.99%;\n  background-color: rgb(0,0,0);\n}\n@media (min-width:550px) {\n  #banner-970156011 {\n    padding-top: 99.99%;\n  }\n}\n<\/style>\n  <\/div>\n\n\n\n  <div class=\"banner has-hover\" id=\"banner-292905824\">\n          <div class=\"banner-inner fill\">\n        <div class=\"banner-bg fill\" >\n            <img loading=\"lazy\" decoding=\"async\" width=\"908\" height=\"908\" src=\"https:\/\/boeoerds.ch\/wp-content\/uploads\/2024\/08\/Bligg-Tavolata_Live-Sujet_Insta_4zu5_e1_q.jpg\" class=\"bg attachment-large size-large\" alt=\"\" \/>                                    \n                    <\/div>\n\t\t\n        <div class=\"banner-layers container\">\n            <div class=\"fill banner-link\"><\/div>            \n\n\n        <\/div>\n      <\/div>\n\n            \n<style>\n#banner-292905824 {\n  padding-top: 99.99%;\n  background-color: rgb(0,0,0);\n}\n@media (min-width:550px) {\n  #banner-292905824 {\n    padding-top: 99.99%;\n  }\n}\n<\/style>\n  <\/div>\n\n\n\n  <div class=\"banner has-hover\" id=\"banner-930809598\">\n          <div class=\"banner-inner fill\">\n        <div class=\"banner-bg fill\" >\n            <img loading=\"lazy\" decoding=\"async\" width=\"1020\" height=\"1020\" src=\"https:\/\/boeoerds.ch\/wp-content\/uploads\/2024\/08\/Tuetenhueter_BLIGG_3-1-1024x1024.jpg\" class=\"bg attachment-large size-large\" alt=\"\" \/>                                    \n                    <\/div>\n\t\t\n        <div class=\"banner-layers container\">\n            <div class=\"fill banner-link\"><\/div>            \n\n\n        <\/div>\n      <\/div>\n\n            \n<style>\n#banner-930809598 {\n  padding-top: 99.99%;\n  background-color: rgb(0,0,0);\n}\n@media (min-width:550px) {\n  #banner-930809598 {\n    padding-top: 99.99%;\n  }\n}\n<\/style>\n  <\/div>\n\n\n\n     <\/div>\n\n     <div class=\"loading-spin dark large centered\"><\/div>\n\n\t<\/div>\n\n\n\n\t\t<\/div>\n\t\t\t\t\t<\/div>\n\n\t\n\n\t<div id=\"col-903629267\" class=\"col medium-6 small-12 large-6\"  >\n\t\t\t\t<div class=\"col-inner\"  >\n\t\t\t\n\t\t\t\n\n<h1>BLIGG \/ B\u00d6\u00d6RDS - CONCURSO<\/h1>\n<p>Regalamos un premio especial. Esto incluye:&nbsp;<\/p>\n<p><strong>1 x 2 entradas para una velada de concierto de Tavolata<\/strong><b><br><strong>1 x T\u00dcTENH\u00dcTER Juego de 3 Bligg<\/strong><br><strong>1 x T\u00dcTENH\u00dcTER lote de 6 ORIGINAL TURQUESA<\/strong><br><strong>1 x b\u00f6\u00f6rds b\u00e4\u00e4g<\/strong><\/b><\/p>\n[yikes-mailchimp form=\"7\u2033]\n\n\t\t<\/div>\n\t\t\t\t\n<style>\n#col-903629267 > .col-inner {\n  margin: 0px 0px 0px 0px;\n}\n@media (min-width:550px) {\n  #col-903629267 > .col-inner {\n    margin: 10px 10px 10px 10px;\n  }\n}\n<\/style>\n\t<\/div>\n\n\t\n\n<\/div>\n\t<div id=\"gap-832379507\" class=\"gap-element clearfix\" style=\"display:block; height:auto;\">\n\t\t\n<style>\n#gap-832379507 {\n  padding-top: 30px;\n}\n<\/style>\n\t<\/div>\n\t\n\n<div class=\"container section-title-container\" ><h2 class=\"section-title section-title-center\"><b aria-hidden=\"true\"><\/b><span class=\"section-title-main\" >Comprar edici\u00f3n<\/span><b aria-hidden=\"true\"><\/b><\/h2><\/div>\n\n<div class=\"row align-center\"  id=\"row-873768745\">\n\n\n\t<div id=\"col-1146634918\" class=\"col medium-7 small-12 large-7\"  >\n\t\t\t\t<div class=\"col-inner\"  >\n\t\t\t\n\t\t\t\n\n\t\n  \n    <div class=\"row large-columns-3 medium-columns- small-columns-2 row-small slider row-slider slider-nav-reveal slider-nav-push\"  data-flickity-options='{&quot;imagesLoaded&quot;: true, &quot;groupCells&quot;: &quot;100%&quot;, &quot;dragThreshold&quot; : 5, &quot;cellAlign&quot;: &quot;left&quot;,&quot;wrapAround&quot;: true,&quot;prevNextButtons&quot;: true,&quot;percentPosition&quot;: true,&quot;pageDots&quot;: false, &quot;rightToLeft&quot;: false, &quot;autoPlay&quot; : false}' >\n\n  <\/div>\n\n\n\t\t<\/div>\n\t\t\t\t\t<\/div>\n\n\t\n\n<\/div>\n<div class=\"container section-title-container\" ><h2 class=\"section-title section-title-center\"><b aria-hidden=\"true\"><\/b><span class=\"section-title-main\" >Conocido por<\/span><b aria-hidden=\"true\"><\/b><\/h2><\/div>\n\n\t<div id=\"gap-1554959306\" class=\"gap-element clearfix\" style=\"display:block; height:auto;\">\n\t\t\n<style>\n#gap-1554959306 {\n  padding-top: 30px;\n}\n<\/style>\n\t<\/div>\n\t\n\n<div class=\"row align-center\"  id=\"row-1809722371\">\n\n\n\t<div id=\"col-1758222649\" class=\"col medium-8 small-12 large-8\"  >\n\t\t\t\t<div class=\"col-inner\"  >\n\t\t\t\n\t\t\t\n\n<div class=\"slider-wrapper relative\" id=\"slider-1818116083\" >\n    <div class=\"slider slider-nav-circle slider-nav-normal slider-nav-dark slider-nav-outside slider-style-normal slider-show-nav\"\n        data-flickity-options='{            \"cellAlign\": \"center\",            \"imagesLoaded\": true,            \"lazyLoad\": 1,            \"freeScroll\": true,            \"wrapAround\": true,            \"autoPlay\": 6000,            \"pauseAutoPlayOnHover\" : true,            \"prevNextButtons\": true,            \"contain\" : true,            \"adaptiveHeight\" : true,            \"dragThreshold\" : 10,            \"percentPosition\": true,            \"pageDots\": false,            \"rightToLeft\": false,            \"draggable\": true,            \"selectedAttraction\": 0.1,            \"parallax\" : 0,            \"friction\": 0.6        }'\n        >\n        \n\n\t<div class=\"img has-hover x md-x lg-x y md-y lg-y\" id=\"image_171090512\">\n\t\t\t\t\t\t\t\t<div class=\"img-inner dark\" >\n\t\t\t<img loading=\"lazy\" decoding=\"async\" width=\"1020\" height=\"171\" src=\"https:\/\/boeoerds.ch\/wp-content\/uploads\/2021\/06\/Gruppe-1-1024x172.jpg\" class=\"attachment-large size-large\" alt=\"\" srcset=\"https:\/\/boeoerds.ch\/wp-content\/uploads\/2021\/06\/Gruppe-1-1024x172.jpg 1024w, https:\/\/boeoerds.ch\/wp-content\/uploads\/2021\/06\/Gruppe-1-800x134.jpg 800w, https:\/\/boeoerds.ch\/wp-content\/uploads\/2021\/06\/Gruppe-1-300x50.jpg 300w, https:\/\/boeoerds.ch\/wp-content\/uploads\/2021\/06\/Gruppe-1-768x129.jpg 768w, https:\/\/boeoerds.ch\/wp-content\/uploads\/2021\/06\/Gruppe-1-1536x258.jpg 1536w, https:\/\/boeoerds.ch\/wp-content\/uploads\/2021\/06\/Gruppe-1-600x101.jpg 600w, https:\/\/boeoerds.ch\/wp-content\/uploads\/2021\/06\/Gruppe-1-190x32.jpg 190w, https:\/\/boeoerds.ch\/wp-content\/uploads\/2021\/06\/Gruppe-1-536x90.jpg 536w, https:\/\/boeoerds.ch\/wp-content\/uploads\/2021\/06\/Gruppe-1.jpg 2000w\" sizes=\"auto, (max-width: 1020px) 100vw, 1020px\" \/>\t\t\t\t\t\t\n\t\t\t\t\t<\/div>\n\t\t\t\t\t\t\t\t\n<style>\n#image_171090512 {\n  width: 70%;\n}\n<\/style>\n\t<\/div>\n\t\n\n\t<div class=\"img has-hover x md-x lg-x y md-y lg-y\" id=\"image_27338961\">\n\t\t\t\t\t\t\t\t<div class=\"img-inner dark\" >\n\t\t\t<img loading=\"lazy\" decoding=\"async\" width=\"1020\" height=\"171\" src=\"https:\/\/boeoerds.ch\/wp-content\/uploads\/2021\/06\/Gruppe-2-1-1024x172.jpg\" class=\"attachment-large size-large\" alt=\"\" srcset=\"https:\/\/boeoerds.ch\/wp-content\/uploads\/2021\/06\/Gruppe-2-1-1024x172.jpg 1024w, https:\/\/boeoerds.ch\/wp-content\/uploads\/2021\/06\/Gruppe-2-1-800x134.jpg 800w, https:\/\/boeoerds.ch\/wp-content\/uploads\/2021\/06\/Gruppe-2-1-300x50.jpg 300w, https:\/\/boeoerds.ch\/wp-content\/uploads\/2021\/06\/Gruppe-2-1-768x129.jpg 768w, https:\/\/boeoerds.ch\/wp-content\/uploads\/2021\/06\/Gruppe-2-1-1536x258.jpg 1536w, https:\/\/boeoerds.ch\/wp-content\/uploads\/2021\/06\/Gruppe-2-1-600x101.jpg 600w, https:\/\/boeoerds.ch\/wp-content\/uploads\/2021\/06\/Gruppe-2-1-190x32.jpg 190w, https:\/\/boeoerds.ch\/wp-content\/uploads\/2021\/06\/Gruppe-2-1-536x90.jpg 536w, https:\/\/boeoerds.ch\/wp-content\/uploads\/2021\/06\/Gruppe-2-1.jpg 2000w\" sizes=\"auto, (max-width: 1020px) 100vw, 1020px\" \/>\t\t\t\t\t\t\n\t\t\t\t\t<\/div>\n\t\t\t\t\t\t\t\t\n<style>\n#image_27338961 {\n  width: 70%;\n}\n<\/style>\n\t<\/div>\n\t\n\n\t<div class=\"img has-hover x md-x lg-x y md-y lg-y\" id=\"image_887008861\">\n\t\t\t\t\t\t\t\t<div class=\"img-inner dark\" >\n\t\t\t<img loading=\"lazy\" decoding=\"async\" width=\"1020\" height=\"171\" src=\"https:\/\/boeoerds.ch\/wp-content\/uploads\/2021\/06\/Gruppe-3-1-1024x172.jpg\" class=\"attachment-large size-large\" alt=\"\" srcset=\"https:\/\/boeoerds.ch\/wp-content\/uploads\/2021\/06\/Gruppe-3-1-1024x172.jpg 1024w, https:\/\/boeoerds.ch\/wp-content\/uploads\/2021\/06\/Gruppe-3-1-800x134.jpg 800w, https:\/\/boeoerds.ch\/wp-content\/uploads\/2021\/06\/Gruppe-3-1-300x50.jpg 300w, https:\/\/boeoerds.ch\/wp-content\/uploads\/2021\/06\/Gruppe-3-1-768x129.jpg 768w, https:\/\/boeoerds.ch\/wp-content\/uploads\/2021\/06\/Gruppe-3-1-1536x258.jpg 1536w, https:\/\/boeoerds.ch\/wp-content\/uploads\/2021\/06\/Gruppe-3-1-600x101.jpg 600w, https:\/\/boeoerds.ch\/wp-content\/uploads\/2021\/06\/Gruppe-3-1-190x32.jpg 190w, https:\/\/boeoerds.ch\/wp-content\/uploads\/2021\/06\/Gruppe-3-1-536x90.jpg 536w, https:\/\/boeoerds.ch\/wp-content\/uploads\/2021\/06\/Gruppe-3-1.jpg 2000w\" sizes=\"auto, (max-width: 1020px) 100vw, 1020px\" \/>\t\t\t\t\t\t\n\t\t\t\t\t<\/div>\n\t\t\t\t\t\t\t\t\n<style>\n#image_887008861 {\n  width: 70%;\n}\n<\/style>\n\t<\/div>\n\t\n\n\n     <\/div>\n\n     <div class=\"loading-spin dark large centered\"><\/div>\n\n\t<\/div>\n\n\n\t<div id=\"gap-1703543311\" class=\"gap-element clearfix\" style=\"display:block; height:auto;\">\n\t\t\n<style>\n#gap-1703543311 {\n  padding-top: 30px;\n}\n<\/style>\n\t<\/div>\n\t\n\n\n\t\t<\/div>\n\t\t\t\t\t<\/div>\n\n\t\n\n<\/div>","protected":false},"excerpt":{"rendered":"","protected":false},"author":4,"featured_media":0,"parent":0,"menu_order":0,"comment_status":"closed","ping_status":"closed","template":"page-blank.php","meta":{"_acf_changed":false,"footnotes":""},"class_list":["post-35504","page","type-page","status-publish","hentry"],"acf":[],"yoast_head":"<!-- This site is optimized with the Yoast SEO plugin v26.8 - https:\/\/yoast.com\/product\/yoast-seo-wordpress\/ -->\n<title>Tubenausdr\u00fccker Multifunktional - die TUBESCHRUBERI - SWISS MADE<\/title>\n<meta name=\"description\" content=\"TUBESCHRUBERI | Der multifunktionale Tubenausdr\u00fccker . Auch als T\u00dcTENH\u00dcTER verwendbar. Swiss Made. Jetzt mehr erfahren und bestellen.\" \/>\n<meta name=\"robots\" content=\"index, follow, max-snippet:-1, max-image-preview:large, max-video-preview:-1\" \/>\n<link rel=\"canonical\" href=\"https:\/\/boeoerds.ch\/es\/bligg-wettbewerb-individualisiert\/\" \/>\n<meta property=\"og:locale\" content=\"es_ES\" \/>\n<meta property=\"og:type\" content=\"article\" \/>\n<meta property=\"og:title\" content=\"Tubenausdr\u00fccker Multifunktional - die TUBESCHRUBERI - SWISS MADE\" \/>\n<meta property=\"og:description\" content=\"TUBESCHRUBERI | Der multifunktionale Tubenausdr\u00fccker . Auch als T\u00dcTENH\u00dcTER verwendbar. Swiss Made. Jetzt mehr erfahren und bestellen.\" \/>\n<meta property=\"og:url\" content=\"https:\/\/boeoerds.ch\/es\/bligg-wettbewerb-individualisiert\/\" \/>\n<meta property=\"og:site_name\" content=\"T\u00fctenh\u00fcter | das clevere T\u00fctenverschluss-System\" \/>\n<meta property=\"article:publisher\" content=\"https:\/\/www.facebook.com\/B%c3%b6%c3%b6rds_T%c3%bctenh%c3%bcter-1790008597712368\/\" \/>\n<meta property=\"article:modified_time\" content=\"2024-08-15T09:14:56+00:00\" \/>\n<meta name=\"twitter:card\" content=\"summary_large_image\" \/>\n<meta name=\"twitter:label1\" content=\"Tiempo de lectura\" \/>\n\t<meta name=\"twitter:data1\" content=\"1 minuto\" \/>\n<script type=\"application\/ld+json\" class=\"yoast-schema-graph\">{\"@context\":\"https:\/\/schema.org\",\"@graph\":[{\"@type\":\"WebPage\",\"@id\":\"https:\/\/boeoerds.ch\/bligg-wettbewerb-individualisiert\/\",\"url\":\"https:\/\/boeoerds.ch\/bligg-wettbewerb-individualisiert\/\",\"name\":\"Tubenausdr\u00fccker Multifunktional - die TUBESCHRUBERI - SWISS MADE\",\"isPartOf\":{\"@id\":\"https:\/\/boeoerds.ch\/#website\"},\"datePublished\":\"2024-08-12T14:53:11+00:00\",\"dateModified\":\"2024-08-15T09:14:56+00:00\",\"description\":\"TUBESCHRUBERI | Der multifunktionale Tubenausdr\u00fccker . Auch als T\u00dcTENH\u00dcTER verwendbar. Swiss Made. Jetzt mehr erfahren und bestellen.\",\"inLanguage\":\"es\",\"potentialAction\":[{\"@type\":\"ReadAction\",\"target\":[\"https:\/\/boeoerds.ch\/bligg-wettbewerb-individualisiert\/\"]}]},{\"@type\":\"WebSite\",\"@id\":\"https:\/\/boeoerds.ch\/#website\",\"url\":\"https:\/\/boeoerds.ch\/\",\"name\":\"T\u00fctenh\u00fcter | das clevere T\u00fctenverschluss-System\",\"description\":\"T\u00dcTENH\u00dcTER - das clevere T\u00fctenverschluss-System. Swiss Made. Wasserdicht. Luftdicht. Gefrierfest. Jetzt das Schweizer Original online bestellen.\",\"publisher\":{\"@id\":\"https:\/\/boeoerds.ch\/#organization\"},\"potentialAction\":[{\"@type\":\"SearchAction\",\"target\":{\"@type\":\"EntryPoint\",\"urlTemplate\":\"https:\/\/boeoerds.ch\/?s={search_term_string}\"},\"query-input\":{\"@type\":\"PropertyValueSpecification\",\"valueRequired\":true,\"valueName\":\"search_term_string\"}}],\"inLanguage\":\"es\"},{\"@type\":\"Organization\",\"@id\":\"https:\/\/boeoerds.ch\/#organization\",\"name\":\"b\u00f6\u00f6rds AG\",\"url\":\"https:\/\/boeoerds.ch\/\",\"logo\":{\"@type\":\"ImageObject\",\"inLanguage\":\"es\",\"@id\":\"https:\/\/boeoerds.ch\/#\/schema\/logo\/image\/\",\"url\":\"https:\/\/boeoerds.ch\/wp-content\/uploads\/2022\/03\/cropped-WhatsApp-Image-2022-03-31-at-09.47.28.jpeg\",\"contentUrl\":\"https:\/\/boeoerds.ch\/wp-content\/uploads\/2022\/03\/cropped-WhatsApp-Image-2022-03-31-at-09.47.28.jpeg\",\"width\":512,\"height\":512,\"caption\":\"b\u00f6\u00f6rds AG\"},\"image\":{\"@id\":\"https:\/\/boeoerds.ch\/#\/schema\/logo\/image\/\"},\"sameAs\":[\"https:\/\/www.facebook.com\/B\u00f6\u00f6rds_T\u00fctenh\u00fcter-1790008597712368\/\",\"https:\/\/www.instagram.com\/boeoerds_tuetenhueter\/?hl=de\",\"https:\/\/www.youtube.com\/channel\/UCdZ4kOjlZLThuAsbAH__Pug\"]}]}<\/script>\n<!-- \/ Yoast SEO plugin. -->","yoast_head_json":{"title":"Tubenausdr\u00fccker Multifunktional - die TUBESCHRUBERI - SWISS MADE","description":"TUBESCHRUBERI | Der multifunktionale Tubenausdr\u00fccker . Auch als T\u00dcTENH\u00dcTER verwendbar. Swiss Made. Jetzt mehr erfahren und bestellen.","robots":{"index":"index","follow":"follow","max-snippet":"max-snippet:-1","max-image-preview":"max-image-preview:large","max-video-preview":"max-video-preview:-1"},"canonical":"https:\/\/boeoerds.ch\/es\/bligg-wettbewerb-individualisiert\/","og_locale":"es_ES","og_type":"article","og_title":"Tubenausdr\u00fccker Multifunktional - die TUBESCHRUBERI - SWISS MADE","og_description":"TUBESCHRUBERI | Der multifunktionale Tubenausdr\u00fccker . Auch als T\u00dcTENH\u00dcTER verwendbar. Swiss Made. Jetzt mehr erfahren und bestellen.","og_url":"https:\/\/boeoerds.ch\/es\/bligg-wettbewerb-individualisiert\/","og_site_name":"T\u00fctenh\u00fcter | das clevere T\u00fctenverschluss-System","article_publisher":"https:\/\/www.facebook.com\/B%c3%b6%c3%b6rds_T%c3%bctenh%c3%bcter-1790008597712368\/","article_modified_time":"2024-08-15T09:14:56+00:00","twitter_card":"summary_large_image","twitter_misc":{"Tiempo de lectura":"1 minuto"},"schema":{"@context":"https:\/\/schema.org","@graph":[{"@type":"WebPage","@id":"https:\/\/boeoerds.ch\/bligg-wettbewerb-individualisiert\/","url":"https:\/\/boeoerds.ch\/bligg-wettbewerb-individualisiert\/","name":"Tubenausdr\u00fccker Multifunktional - die TUBESCHRUBERI - SWISS MADE","isPartOf":{"@id":"https:\/\/boeoerds.ch\/#website"},"datePublished":"2024-08-12T14:53:11+00:00","dateModified":"2024-08-15T09:14:56+00:00","description":"TUBESCHRUBERI | Der multifunktionale Tubenausdr\u00fccker . Auch als T\u00dcTENH\u00dcTER verwendbar. Swiss Made. Jetzt mehr erfahren und bestellen.","inLanguage":"es","potentialAction":[{"@type":"ReadAction","target":["https:\/\/boeoerds.ch\/bligg-wettbewerb-individualisiert\/"]}]},{"@type":"WebSite","@id":"https:\/\/boeoerds.ch\/#website","url":"https:\/\/boeoerds.ch\/","name":"T\u00fctenh\u00fcter | el sistema inteligente de cierre de bolsas","description":"T\u00dcTENH\u00dcTER - el sistema inteligente de cierre de bolsas. Fabricado en Suiza. Estanco al agua. Herm\u00e9tico al aire. A prueba de congelaci\u00f3n. Pida ahora el original suizo en l\u00ednea.","publisher":{"@id":"https:\/\/boeoerds.ch\/#organization"},"potentialAction":[{"@type":"SearchAction","target":{"@type":"EntryPoint","urlTemplate":"https:\/\/boeoerds.ch\/?s={search_term_string}"},"query-input":{"@type":"PropertyValueSpecification","valueRequired":true,"valueName":"search_term_string"}}],"inLanguage":"es"},{"@type":"Organization","@id":"https:\/\/boeoerds.ch\/#organization","name":"b\u00f6\u00f6rds AG","url":"https:\/\/boeoerds.ch\/","logo":{"@type":"ImageObject","inLanguage":"es","@id":"https:\/\/boeoerds.ch\/#\/schema\/logo\/image\/","url":"https:\/\/boeoerds.ch\/wp-content\/uploads\/2022\/03\/cropped-WhatsApp-Image-2022-03-31-at-09.47.28.jpeg","contentUrl":"https:\/\/boeoerds.ch\/wp-content\/uploads\/2022\/03\/cropped-WhatsApp-Image-2022-03-31-at-09.47.28.jpeg","width":512,"height":512,"caption":"b\u00f6\u00f6rds AG"},"image":{"@id":"https:\/\/boeoerds.ch\/#\/schema\/logo\/image\/"},"sameAs":["https:\/\/www.facebook.com\/B\u00f6\u00f6rds_T\u00fctenh\u00fcter-1790008597712368\/","https:\/\/www.instagram.com\/boeoerds_tuetenhueter\/?hl=de","https:\/\/www.youtube.com\/channel\/UCdZ4kOjlZLThuAsbAH__Pug"]}]}},"_links":{"self":[{"href":"https:\/\/boeoerds.ch\/es\/wp-json\/wp\/v2\/pages\/35504","targetHints":{"allow":["GET"]}}],"collection":[{"href":"https:\/\/boeoerds.ch\/es\/wp-json\/wp\/v2\/pages"}],"about":[{"href":"https:\/\/boeoerds.ch\/es\/wp-json\/wp\/v2\/types\/page"}],"author":[{"embeddable":true,"href":"https:\/\/boeoerds.ch\/es\/wp-json\/wp\/v2\/users\/4"}],"replies":[{"embeddable":true,"href":"https:\/\/boeoerds.ch\/es\/wp-json\/wp\/v2\/comments?post=35504"}],"version-history":[{"count":4,"href":"https:\/\/boeoerds.ch\/es\/wp-json\/wp\/v2\/pages\/35504\/revisions"}],"predecessor-version":[{"id":35590,"href":"https:\/\/boeoerds.ch\/es\/wp-json\/wp\/v2\/pages\/35504\/revisions\/35590"}],"wp:attachment":[{"href":"https:\/\/boeoerds.ch\/es\/wp-json\/wp\/v2\/media?parent=35504"}],"curies":[{"name":"wp","href":"https:\/\/api.w.org\/{rel}","templated":true}]}}