{"id":49971,"date":"2025-10-28T07:50:20","date_gmt":"2025-10-28T06:50:20","guid":{"rendered":"https:\/\/boeoerds.ch\/?post_type=product&#038;p=49971"},"modified":"2026-05-02T06:39:13","modified_gmt":"2026-05-02T04:39:13","slug":"tuetenhueter-winter","status":"publish","type":"product","link":"https:\/\/boeoerds.ch\/en\/product\/tuetenhueter-winter\/","title":{"rendered":"T\u00dcTENH\u00dcTER - Morning dew"},"content":{"rendered":"","protected":false},"excerpt":{"rendered":"<p><strong>I am your cleverest bag closure system.<br \/>\n<\/strong>I close airtight and watertight<br \/>\nI am freezer and dishwasher safe<br \/>\nI am functional for aluminium bags, paper and plastic bags<br \/>I am manufactured in Switzerland<\/p>\n<p><span style=\"font-family: Helvetica\">The set includes:<br \/>\n<\/span>2 x S - 14 cm salmon \/ anthracite<br \/>\n2 x M - 18 cm white \/ anthracite<br \/>\n2 x L - 22 cm Light blue \/ anthracite<\/p>","protected":false},"featured_media":49968,"template":"","meta":{"_acf_changed":false},"product_brand":[],"product_cat":[154,25],"product_tag":[],"class_list":{"0":"post-49971","1":"product","2":"type-product","3":"status-publish","4":"has-post-thumbnail","6":"product_cat-spezialeditionen","7":"product_cat-sets","8":"product_shipping_class-brief-4-90","10":"first","11":"instock","12":"taxable","13":"shipping-taxable","14":"purchasable","15":"product-type-simple"},"bundled_by":[],"bundle_stock_status":"instock","bundle_stock_quantity":139,"bundle_virtual":false,"bundle_layout":"","bundle_add_to_cart_form_location":"","bundle_editable_in_cart":false,"bundle_sold_individually_context":"","bundle_item_grouping":"","bundle_min_size":"","bundle_max_size":"","bundle_price":[],"bundled_items":[],"bundle_sell_ids":[],"acf":[],"yoast_head":"<!-- This site is optimized with the Yoast SEO plugin v26.8 - https:\/\/yoast.com\/product\/yoast-seo-wordpress\/ -->\n<title>T\u00dcTENH\u00dcTER - Morgentau | T\u00fctenh\u00fcter | das clevere T\u00fctenverschluss-System<\/title>\n<meta name=\"description\" content=\"T\u00dcTENH\u00dcTER | Das clevere T\u00fctenverschluss-System. Swiss Made. Wasserdicht. Luftdicht. Gefrierfest. Jetzt das Schweizer Original online bestellen.\" \/>\n<meta name=\"robots\" content=\"index, follow, max-snippet:-1, max-image-preview:large, max-video-preview:-1\" \/>\n<link rel=\"canonical\" href=\"https:\/\/boeoerds.ch\/en\/product\/tuetenhueter-winter\/\" \/>\n<meta property=\"og:locale\" content=\"en_GB\" \/>\n<meta property=\"og:type\" content=\"article\" \/>\n<meta property=\"og:title\" content=\"T\u00dcTENH\u00dcTER - Morgentau | T\u00fctenh\u00fcter | das clevere T\u00fctenverschluss-System\" \/>\n<meta property=\"og:description\" content=\"T\u00dcTENH\u00dcTER | Das clevere T\u00fctenverschluss-System. Swiss Made. Wasserdicht. Luftdicht. Gefrierfest. Jetzt das Schweizer Original online bestellen.\" \/>\n<meta property=\"og:url\" content=\"https:\/\/boeoerds.ch\/en\/product\/tuetenhueter-winter\/\" \/>\n<meta property=\"og:site_name\" content=\"T\u00fctenh\u00fcter | das clevere T\u00fctenverschluss-System\" \/>\n<meta property=\"article:publisher\" content=\"https:\/\/www.facebook.com\/B%c3%b6%c3%b6rds_T%c3%bctenh%c3%bcter-1790008597712368\/\" \/>\n<meta property=\"article:modified_time\" content=\"2026-05-02T04:39:13+00:00\" \/>\n<meta property=\"og:image\" content=\"https:\/\/boeoerds.ch\/wp-content\/uploads\/2025\/10\/Spezialedition_-90-Winter.jpeg\" \/>\n\t<meta property=\"og:image:width\" content=\"1080\" \/>\n\t<meta property=\"og:image:height\" content=\"1080\" \/>\n\t<meta property=\"og:image:type\" content=\"image\/jpeg\" \/>\n<meta name=\"twitter:card\" content=\"summary_large_image\" \/>\n<meta name=\"twitter:label1\" content=\"Estimated reading time\" \/>\n\t<meta name=\"twitter:data1\" content=\"1 minute\" \/>\n<script type=\"application\/ld+json\" class=\"yoast-schema-graph\">{\"@context\":\"https:\/\/schema.org\",\"@graph\":[{\"@type\":\"WebPage\",\"@id\":\"https:\/\/boeoerds.ch\/product\/tuetenhueter-winter\/\",\"url\":\"https:\/\/boeoerds.ch\/product\/tuetenhueter-winter\/\",\"name\":\"T\u00dcTENH\u00dcTER - Morgentau | T\u00fctenh\u00fcter | das clevere T\u00fctenverschluss-System\",\"isPartOf\":{\"@id\":\"https:\/\/boeoerds.ch\/#website\"},\"primaryImageOfPage\":{\"@id\":\"https:\/\/boeoerds.ch\/product\/tuetenhueter-winter\/#primaryimage\"},\"image\":{\"@id\":\"https:\/\/boeoerds.ch\/product\/tuetenhueter-winter\/#primaryimage\"},\"thumbnailUrl\":\"https:\/\/boeoerds.ch\/wp-content\/uploads\/2025\/10\/Spezialedition_-90-Winter.jpeg\",\"datePublished\":\"2025-10-28T06:50:20+00:00\",\"dateModified\":\"2026-05-02T04:39:13+00:00\",\"description\":\"T\u00dcTENH\u00dcTER | Das clevere T\u00fctenverschluss-System. Swiss Made. Wasserdicht. Luftdicht. Gefrierfest. Jetzt das Schweizer Original online bestellen.\",\"breadcrumb\":{\"@id\":\"https:\/\/boeoerds.ch\/product\/tuetenhueter-winter\/#breadcrumb\"},\"inLanguage\":\"en-GB\",\"potentialAction\":[{\"@type\":\"ReadAction\",\"target\":[\"https:\/\/boeoerds.ch\/product\/tuetenhueter-winter\/\"]}]},{\"@type\":\"ImageObject\",\"inLanguage\":\"en-GB\",\"@id\":\"https:\/\/boeoerds.ch\/product\/tuetenhueter-winter\/#primaryimage\",\"url\":\"https:\/\/boeoerds.ch\/wp-content\/uploads\/2025\/10\/Spezialedition_-90-Winter.jpeg\",\"contentUrl\":\"https:\/\/boeoerds.ch\/wp-content\/uploads\/2025\/10\/Spezialedition_-90-Winter.jpeg\",\"width\":1080,\"height\":1080},{\"@type\":\"BreadcrumbList\",\"@id\":\"https:\/\/boeoerds.ch\/product\/tuetenhueter-winter\/#breadcrumb\",\"itemListElement\":[{\"@type\":\"ListItem\",\"position\":1,\"name\":\"Online-Shop\",\"item\":\"https:\/\/boeoerds.ch\/shop\/\"},{\"@type\":\"ListItem\",\"position\":2,\"name\":\"T\u00dcTENH\u00dcTER &#8211; Morgentau\"}]},{\"@type\":\"WebSite\",\"@id\":\"https:\/\/boeoerds.ch\/#website\",\"url\":\"https:\/\/boeoerds.ch\/\",\"name\":\"T\u00fctenh\u00fcter | das clevere T\u00fctenverschluss-System\",\"description\":\"T\u00dcTENH\u00dcTER - das clevere T\u00fctenverschluss-System. Swiss Made. Wasserdicht. Luftdicht. Gefrierfest. Jetzt das Schweizer Original online bestellen.\",\"publisher\":{\"@id\":\"https:\/\/boeoerds.ch\/#organization\"},\"potentialAction\":[{\"@type\":\"SearchAction\",\"target\":{\"@type\":\"EntryPoint\",\"urlTemplate\":\"https:\/\/boeoerds.ch\/?s={search_term_string}\"},\"query-input\":{\"@type\":\"PropertyValueSpecification\",\"valueRequired\":true,\"valueName\":\"search_term_string\"}}],\"inLanguage\":\"en-GB\"},{\"@type\":\"Organization\",\"@id\":\"https:\/\/boeoerds.ch\/#organization\",\"name\":\"b\u00f6\u00f6rds AG\",\"url\":\"https:\/\/boeoerds.ch\/\",\"logo\":{\"@type\":\"ImageObject\",\"inLanguage\":\"en-GB\",\"@id\":\"https:\/\/boeoerds.ch\/#\/schema\/logo\/image\/\",\"url\":\"https:\/\/boeoerds.ch\/wp-content\/uploads\/2022\/03\/cropped-WhatsApp-Image-2022-03-31-at-09.47.28.jpeg\",\"contentUrl\":\"https:\/\/boeoerds.ch\/wp-content\/uploads\/2022\/03\/cropped-WhatsApp-Image-2022-03-31-at-09.47.28.jpeg\",\"width\":512,\"height\":512,\"caption\":\"b\u00f6\u00f6rds AG\"},\"image\":{\"@id\":\"https:\/\/boeoerds.ch\/#\/schema\/logo\/image\/\"},\"sameAs\":[\"https:\/\/www.facebook.com\/B\u00f6\u00f6rds_T\u00fctenh\u00fcter-1790008597712368\/\",\"https:\/\/www.instagram.com\/boeoerds_tuetenhueter\/?hl=de\",\"https:\/\/www.youtube.com\/channel\/UCdZ4kOjlZLThuAsbAH__Pug\"]}]}<\/script>\n<!-- \/ Yoast SEO plugin. -->","yoast_head_json":{"title":"T\u00dcTENH\u00dcTER - Morgentau | T\u00fctenh\u00fcter | das clevere T\u00fctenverschluss-System","description":"T\u00dcTENH\u00dcTER | The clever bag closure system. Swiss Made. Waterproof. Airtight. Freeze-proof. Order the Swiss original online now.","robots":{"index":"index","follow":"follow","max-snippet":"max-snippet:-1","max-image-preview":"max-image-preview:large","max-video-preview":"max-video-preview:-1"},"canonical":"https:\/\/boeoerds.ch\/en\/product\/tuetenhueter-winter\/","og_locale":"en_GB","og_type":"article","og_title":"T\u00dcTENH\u00dcTER - Morgentau | T\u00fctenh\u00fcter | das clevere T\u00fctenverschluss-System","og_description":"T\u00dcTENH\u00dcTER | Das clevere T\u00fctenverschluss-System. Swiss Made. Wasserdicht. Luftdicht. Gefrierfest. Jetzt das Schweizer Original online bestellen.","og_url":"https:\/\/boeoerds.ch\/en\/product\/tuetenhueter-winter\/","og_site_name":"T\u00fctenh\u00fcter | das clevere T\u00fctenverschluss-System","article_publisher":"https:\/\/www.facebook.com\/B%c3%b6%c3%b6rds_T%c3%bctenh%c3%bcter-1790008597712368\/","article_modified_time":"2026-05-02T04:39:13+00:00","og_image":[{"width":1080,"height":1080,"url":"https:\/\/boeoerds.ch\/wp-content\/uploads\/2025\/10\/Spezialedition_-90-Winter.jpeg","type":"image\/jpeg"}],"twitter_card":"summary_large_image","twitter_misc":{"Estimated reading time":"1 minute"},"schema":{"@context":"https:\/\/schema.org","@graph":[{"@type":"WebPage","@id":"https:\/\/boeoerds.ch\/product\/tuetenhueter-winter\/","url":"https:\/\/boeoerds.ch\/product\/tuetenhueter-winter\/","name":"T\u00dcTENH\u00dcTER - Morgentau | T\u00fctenh\u00fcter | das clevere T\u00fctenverschluss-System","isPartOf":{"@id":"https:\/\/boeoerds.ch\/#website"},"primaryImageOfPage":{"@id":"https:\/\/boeoerds.ch\/product\/tuetenhueter-winter\/#primaryimage"},"image":{"@id":"https:\/\/boeoerds.ch\/product\/tuetenhueter-winter\/#primaryimage"},"thumbnailUrl":"https:\/\/boeoerds.ch\/wp-content\/uploads\/2025\/10\/Spezialedition_-90-Winter.jpeg","datePublished":"2025-10-28T06:50:20+00:00","dateModified":"2026-05-02T04:39:13+00:00","description":"T\u00dcTENH\u00dcTER | The clever bag closure system. Swiss Made. Waterproof. Airtight. Freeze-proof. Order the Swiss original online now.","breadcrumb":{"@id":"https:\/\/boeoerds.ch\/product\/tuetenhueter-winter\/#breadcrumb"},"inLanguage":"en-GB","potentialAction":[{"@type":"ReadAction","target":["https:\/\/boeoerds.ch\/product\/tuetenhueter-winter\/"]}]},{"@type":"ImageObject","inLanguage":"en-GB","@id":"https:\/\/boeoerds.ch\/product\/tuetenhueter-winter\/#primaryimage","url":"https:\/\/boeoerds.ch\/wp-content\/uploads\/2025\/10\/Spezialedition_-90-Winter.jpeg","contentUrl":"https:\/\/boeoerds.ch\/wp-content\/uploads\/2025\/10\/Spezialedition_-90-Winter.jpeg","width":1080,"height":1080},{"@type":"BreadcrumbList","@id":"https:\/\/boeoerds.ch\/product\/tuetenhueter-winter\/#breadcrumb","itemListElement":[{"@type":"ListItem","position":1,"name":"Online-Shop","item":"https:\/\/boeoerds.ch\/shop\/"},{"@type":"ListItem","position":2,"name":"T\u00dcTENH\u00dcTER &#8211; Morgentau"}]},{"@type":"WebSite","@id":"https:\/\/boeoerds.ch\/#website","url":"https:\/\/boeoerds.ch\/","name":"T\u00fctenh\u00fcter | the clever bag closure system","description":"T\u00dcTENH\u00dcTER - the clever bag closure system. Swiss Made. Watertight. Airtight. Freeze-proof. Order the Swiss original online now.","publisher":{"@id":"https:\/\/boeoerds.ch\/#organization"},"potentialAction":[{"@type":"SearchAction","target":{"@type":"EntryPoint","urlTemplate":"https:\/\/boeoerds.ch\/?s={search_term_string}"},"query-input":{"@type":"PropertyValueSpecification","valueRequired":true,"valueName":"search_term_string"}}],"inLanguage":"en-GB"},{"@type":"Organization","@id":"https:\/\/boeoerds.ch\/#organization","name":"b\u00f6\u00f6rds AG","url":"https:\/\/boeoerds.ch\/","logo":{"@type":"ImageObject","inLanguage":"en-GB","@id":"https:\/\/boeoerds.ch\/#\/schema\/logo\/image\/","url":"https:\/\/boeoerds.ch\/wp-content\/uploads\/2022\/03\/cropped-WhatsApp-Image-2022-03-31-at-09.47.28.jpeg","contentUrl":"https:\/\/boeoerds.ch\/wp-content\/uploads\/2022\/03\/cropped-WhatsApp-Image-2022-03-31-at-09.47.28.jpeg","width":512,"height":512,"caption":"b\u00f6\u00f6rds AG"},"image":{"@id":"https:\/\/boeoerds.ch\/#\/schema\/logo\/image\/"},"sameAs":["https:\/\/www.facebook.com\/B\u00f6\u00f6rds_T\u00fctenh\u00fcter-1790008597712368\/","https:\/\/www.instagram.com\/boeoerds_tuetenhueter\/?hl=de","https:\/\/www.youtube.com\/channel\/UCdZ4kOjlZLThuAsbAH__Pug"]}]}},"_links":{"self":[{"href":"https:\/\/boeoerds.ch\/en\/wp-json\/wp\/v2\/product\/49971","targetHints":{"allow":["GET"]}}],"collection":[{"href":"https:\/\/boeoerds.ch\/en\/wp-json\/wp\/v2\/product"}],"about":[{"href":"https:\/\/boeoerds.ch\/en\/wp-json\/wp\/v2\/types\/product"}],"wp:featuredmedia":[{"embeddable":true,"href":"https:\/\/boeoerds.ch\/en\/wp-json\/wp\/v2\/media\/49968"}],"wp:attachment":[{"href":"https:\/\/boeoerds.ch\/en\/wp-json\/wp\/v2\/media?parent=49971"}],"wp:term":[{"taxonomy":"product_brand","embeddable":true,"href":"https:\/\/boeoerds.ch\/en\/wp-json\/wp\/v2\/product_brand?post=49971"},{"taxonomy":"product_cat","embeddable":true,"href":"https:\/\/boeoerds.ch\/en\/wp-json\/wp\/v2\/product_cat?post=49971"},{"taxonomy":"product_tag","embeddable":true,"href":"https:\/\/boeoerds.ch\/en\/wp-json\/wp\/v2\/product_tag?post=49971"}],"curies":[{"name":"wp","href":"https:\/\/api.w.org\/{rel}","templated":true}]}}